{"id":2955,"date":"2025-01-14T15:01:44","date_gmt":"2025-01-14T15:01:44","guid":{"rendered":"https:\/\/motovitalex.md\/?post_type=product&#038;p=2955"},"modified":"2025-01-14T15:01:44","modified_gmt":"2025-01-14T15:01:44","slug":"motocicleta-gherakl-gs300","status":"publish","type":"product","link":"https:\/\/motovitalex.md\/ru\/product\/motocicleta-gherakl-gs300\/","title":{"rendered":"Motociclet\u0103 Gherakl GS300"},"content":{"rendered":"<div class=\"short-attribute\"><span style=\"color: #000000;\"><span class=\"attr-name\">Sistem racire &#8211;<\/span><span class=\"attr-text\">R\u0103cire cu ulei<\/span><\/span><\/div>\n<div><\/div>\n<div class=\"short-attribute\"><span style=\"color: #000000;\"><span class=\"attr-name\">Sistemul de fr\u00e2nare &#8211;<\/span><span class=\"attr-text\">Fr\u00e2n\u0103 cu disc cu pomp\u0103 dubl\u0103 fa\u021b\u0103, fr\u00e2n\u0103 cu disc cu pomp\u0103<\/span><\/span><\/div>\n<div class=\"short-attribute\"><span style=\"color: #000000;\"><span class=\"attr-text\"> spate<\/span><\/span><\/div>\n<div><\/div>\n<div class=\"short-attribute\"><span style=\"color: #000000;\"><span class=\"attr-name\">Tip motor &#8211;<\/span><span class=\"attr-text\">171YMM cu arbore de echilibrare<\/span><\/span><\/div>\n<div><\/div>\n<div class=\"short-attribute\"><span style=\"color: #000000;\"><span class=\"attr-name\">Trepte de vitez\u0103 &#8211;<\/span><span class=\"attr-text\">6 viteze<\/span><\/span><\/div>\n<div><\/div>\n<div class=\"short-attribute\"><span style=\"color: #000000;\"><span class=\"attr-name\">Volumul motorului &#8211;<\/span><span class=\"attr-text\">300 cm\u00b3<\/span><\/span><\/div>\n<div><\/div>","protected":false},"excerpt":{"rendered":"<p>Sistem racire &#8211;R\u0103cire cu ulei Sistemul de fr\u00e2nare &#8211;Fr\u00e2n\u0103 cu disc cu pomp\u0103 dubl\u0103 fa\u021b\u0103, fr\u00e2n\u0103 cu disc cu pomp\u0103 spate Tip motor &#8211;171YMM cu arbore de echilibrare Trepte de vitez\u0103 &#8211;6 viteze Volumul motorului &#8211;300 cm\u00b3<\/p>","protected":false},"featured_media":2956,"template":"","meta":[],"product_cat":[55],"product_tag":[],"class_list":{"0":"post-2955","1":"product","2":"type-product","3":"status-publish","4":"has-post-thumbnail","6":"product_cat-motociclete","8":"first","9":"instock","10":"shipping-taxable","11":"product-type-simple"},"_links":{"self":[{"href":"https:\/\/motovitalex.md\/ru\/wp-json\/wp\/v2\/product\/2955","targetHints":{"allow":["GET"]}}],"collection":[{"href":"https:\/\/motovitalex.md\/ru\/wp-json\/wp\/v2\/product"}],"about":[{"href":"https:\/\/motovitalex.md\/ru\/wp-json\/wp\/v2\/types\/product"}],"version-history":[{"count":1,"href":"https:\/\/motovitalex.md\/ru\/wp-json\/wp\/v2\/product\/2955\/revisions"}],"predecessor-version":[{"id":2957,"href":"https:\/\/motovitalex.md\/ru\/wp-json\/wp\/v2\/product\/2955\/revisions\/2957"}],"wp:featuredmedia":[{"embeddable":true,"href":"https:\/\/motovitalex.md\/ru\/wp-json\/wp\/v2\/media\/2956"}],"wp:attachment":[{"href":"https:\/\/motovitalex.md\/ru\/wp-json\/wp\/v2\/media?parent=2955"}],"wp:term":[{"taxonomy":"product_cat","embeddable":true,"href":"https:\/\/motovitalex.md\/ru\/wp-json\/wp\/v2\/product_cat?post=2955"},{"taxonomy":"product_tag","embeddable":true,"href":"https:\/\/motovitalex.md\/ru\/wp-json\/wp\/v2\/product_tag?post=2955"}],"curies":[{"name":"wp","href":"https:\/\/api.w.org\/{rel}","templated":true}]}}