{"id":2943,"date":"2025-01-14T14:51:48","date_gmt":"2025-01-14T14:51:48","guid":{"rendered":"https:\/\/motovitalex.md\/?post_type=product&#038;p=2943"},"modified":"2025-02-21T12:23:22","modified_gmt":"2025-02-21T12:23:22","slug":"motocicleta-champ-cm-110-2a","status":"publish","type":"product","link":"https:\/\/motovitalex.md\/ru\/product\/motocicleta-champ-cm-110-2a\/","title":{"rendered":"Motociclet\u0103 Champ CM-110-2A"},"content":{"rendered":"<div class=\"short-attribute\"><span style=\"color: #000000;\"><span class=\"attr-name\">Consum combustibil &#8211;<\/span><span class=\"attr-text\">2 l\/100 km<\/span><\/span><\/div>\n<div><\/div>\n<div class=\"short-attribute\"><span style=\"color: #000000;\"><span class=\"attr-name\">Greutatea &#8211;<\/span><span class=\"attr-text\">85 kg<\/span><\/span><\/div>\n<div><\/div>\n<div class=\"short-attribute\"><span style=\"color: #000000;\"><span class=\"attr-name\">Num\u0103rul de viteze &#8211;<\/span><span class=\"attr-text\">4<\/span><\/span><\/div>\n<div><\/div>\n<div class=\"short-attribute\"><span style=\"color: #000000;\"><span class=\"attr-name\">Putere &#8211;<\/span><span class=\"attr-text\">7,2 cp<\/span><\/span><\/div>\n<div><\/div>\n<div class=\"short-attribute\"><span style=\"color: #000000;\"><span class=\"attr-name\">Rezervorul de benzin\u0103 &#8211;<\/span><span class=\"attr-text\">8,5 l<\/span><\/span><\/div>\n<div><\/div>\n<div class=\"short-attribute\"><span style=\"color: #000000;\"><span class=\"attr-name\">Tip motor &#8211;<\/span><span class=\"attr-text\">4 timpi<\/span><\/span><\/div>\n<div><\/div>\n<div class=\"short-attribute\"><span style=\"color: #000000;\"><span class=\"attr-name\">Viteza maxim\u0103 &#8211;<\/span><span class=\"attr-text\">80 km\/h<\/span><\/span><\/div>\n<div><\/div>\n<div class=\"short-attribute\"><span style=\"color: #000000;\"><span class=\"attr-name\">Volumul motorului &#8211;<\/span><span class=\"attr-text\">110 cm\u00b3<\/span><\/span><\/div>\n<div><\/div>","protected":false},"excerpt":{"rendered":"<p>Consum combustibil &#8211;2 l\/100 km Greutatea &#8211;85 kg Num\u0103rul de viteze &#8211;4 Putere &#8211;7,2 cp Rezervorul de benzin\u0103 &#8211;8,5 l Tip motor &#8211;4 timpi Viteza maxim\u0103 &#8211;80 km\/h Volumul motorului &#8211;110 cm\u00b3<\/p>","protected":false},"featured_media":2944,"template":"","meta":[],"product_cat":[55],"product_tag":[],"class_list":{"0":"post-2943","1":"product","2":"type-product","3":"status-publish","4":"has-post-thumbnail","6":"product_cat-motociclete","8":"first","9":"instock","10":"shipping-taxable","11":"purchasable","12":"product-type-simple"},"_links":{"self":[{"href":"https:\/\/motovitalex.md\/ru\/wp-json\/wp\/v2\/product\/2943","targetHints":{"allow":["GET"]}}],"collection":[{"href":"https:\/\/motovitalex.md\/ru\/wp-json\/wp\/v2\/product"}],"about":[{"href":"https:\/\/motovitalex.md\/ru\/wp-json\/wp\/v2\/types\/product"}],"version-history":[{"count":1,"href":"https:\/\/motovitalex.md\/ru\/wp-json\/wp\/v2\/product\/2943\/revisions"}],"predecessor-version":[{"id":2945,"href":"https:\/\/motovitalex.md\/ru\/wp-json\/wp\/v2\/product\/2943\/revisions\/2945"}],"wp:featuredmedia":[{"embeddable":true,"href":"https:\/\/motovitalex.md\/ru\/wp-json\/wp\/v2\/media\/2944"}],"wp:attachment":[{"href":"https:\/\/motovitalex.md\/ru\/wp-json\/wp\/v2\/media?parent=2943"}],"wp:term":[{"taxonomy":"product_cat","embeddable":true,"href":"https:\/\/motovitalex.md\/ru\/wp-json\/wp\/v2\/product_cat?post=2943"},{"taxonomy":"product_tag","embeddable":true,"href":"https:\/\/motovitalex.md\/ru\/wp-json\/wp\/v2\/product_tag?post=2943"}],"curies":[{"name":"wp","href":"https:\/\/api.w.org\/{rel}","templated":true}]}}