{"id":2920,"date":"2025-01-13T17:33:41","date_gmt":"2025-01-13T17:33:41","guid":{"rendered":"https:\/\/motovitalex.md\/?post_type=product&#038;p=2920"},"modified":"2025-01-13T17:33:41","modified_gmt":"2025-01-13T17:33:41","slug":"treapta-intermediara-demaror-pentru-motor-pe-benzina-cg250","status":"publish","type":"product","link":"https:\/\/motovitalex.md\/ru\/product\/treapta-intermediara-demaror-pentru-motor-pe-benzina-cg250\/","title":{"rendered":"Treapta intermediara demaror, pentru motor pe benzina CG250"},"content":{"rendered":"<p>Treapta intermediar\u0103 (starter) pentru motorul pe benzin\u0103 CG250 este un element intermediar conceput pentru a transmite mi\u0219carea de la demarorul electric la treapta de vitez\u0103 montat\u0103 pe co\u0219ul de ambreiaj. Din punct de vedere structural, este o singur\u0103 pies\u0103 format\u0103 din dou\u0103 ro\u021bi din\u021bate cu diametre diferite. Aceast\u0103 caracteristic\u0103 v\u0103 permite s\u0103 cre\u0219te\u021bi cuplul prin reducerea vitezei de rota\u021bie. Piesa de schimb este situat\u0103 pe o ax\u0103 fix\u0103 \u0219i se rote\u0219te liber, cupl\u00e2ndu-se cu piesele adiacente. Principala defec\u021biune este uzura \u0219i deformarea din\u021bilor angrenajului din cauza func\u021bion\u0103rii necorespunz\u0103toare a sistemului de pornire electric\u0103. \u00cen cazul unei avarii, mecanismul alunec\u0103 \u0219i mi\u0219carea nu poate fi transmis\u0103.<\/p>","protected":false},"excerpt":{"rendered":"<p>Treapta intermediar\u0103 (starter) pentru motorul pe benzin\u0103 CG250 este un element intermediar conceput pentru a transmite mi\u0219carea de la demarorul electric la treapta de vitez\u0103 montat\u0103 pe co\u0219ul de ambreiaj. Din punct de vedere structural, este o singur\u0103 pies\u0103 format\u0103 din dou\u0103 ro\u021bi din\u021bate cu diametre diferite. Aceast\u0103 caracteristic\u0103 v\u0103 permite s\u0103 cre\u0219te\u021bi cuplul prin&hellip;<\/p>","protected":false},"featured_media":2921,"template":"","meta":[],"product_cat":[64],"product_tag":[],"class_list":{"0":"post-2920","1":"product","2":"type-product","3":"status-publish","4":"has-post-thumbnail","6":"product_cat-piese-auto","8":"first","9":"instock","10":"shipping-taxable","11":"product-type-simple"},"_links":{"self":[{"href":"https:\/\/motovitalex.md\/ru\/wp-json\/wp\/v2\/product\/2920","targetHints":{"allow":["GET"]}}],"collection":[{"href":"https:\/\/motovitalex.md\/ru\/wp-json\/wp\/v2\/product"}],"about":[{"href":"https:\/\/motovitalex.md\/ru\/wp-json\/wp\/v2\/types\/product"}],"version-history":[{"count":1,"href":"https:\/\/motovitalex.md\/ru\/wp-json\/wp\/v2\/product\/2920\/revisions"}],"predecessor-version":[{"id":2922,"href":"https:\/\/motovitalex.md\/ru\/wp-json\/wp\/v2\/product\/2920\/revisions\/2922"}],"wp:featuredmedia":[{"embeddable":true,"href":"https:\/\/motovitalex.md\/ru\/wp-json\/wp\/v2\/media\/2921"}],"wp:attachment":[{"href":"https:\/\/motovitalex.md\/ru\/wp-json\/wp\/v2\/media?parent=2920"}],"wp:term":[{"taxonomy":"product_cat","embeddable":true,"href":"https:\/\/motovitalex.md\/ru\/wp-json\/wp\/v2\/product_cat?post=2920"},{"taxonomy":"product_tag","embeddable":true,"href":"https:\/\/motovitalex.md\/ru\/wp-json\/wp\/v2\/product_tag?post=2920"}],"curies":[{"name":"wp","href":"https:\/\/api.w.org\/{rel}","templated":true}]}}