{"id":2917,"date":"2025-01-13T17:31:24","date_gmt":"2025-01-13T17:31:24","guid":{"rendered":"https:\/\/motovitalex.md\/?post_type=product&#038;p=2917"},"modified":"2025-01-13T17:31:24","modified_gmt":"2025-01-13T17:31:24","slug":"treapta-de-demarare-dubla-pentru-motor-pe-benzina-cg250","status":"publish","type":"product","link":"https:\/\/motovitalex.md\/ru\/product\/treapta-de-demarare-dubla-pentru-motor-pe-benzina-cg250\/","title":{"rendered":"Treapta de demarare dubla, pentru motor pe benzina CG250"},"content":{"rendered":"<p>Angrenajul dublu de pornire\u00a0 pentru motorul pe benzin\u0103 CG250 este partea principal\u0103 a transmisiei, conceput\u0103 pentru a transmite rota\u021bia de la demaror la coroana volantului. Angrenajul este situat pe o ax\u0103 fixat\u0103 \u00een carcasa motorului \u0219i se rote\u0219te liber, cupl\u00e2ndu-se cu elementele adiacente. Piesa combin\u0103 structural dou\u0103 ro\u021bi din\u021bate cu diametre diferite \u0219i cu pasuri diferite ale din\u021bilor. Aceast\u0103 caracteristic\u0103 v\u0103 permite s\u0103 converti\u021bi cuplul creat de demarorul electric. Cea mai tipic\u0103 defec\u021biune este deformarea \u0219i uzura din\u021bilor angrenajului, care perturb\u0103 cuplarea dintre p\u0103r\u021bi. Dac\u0103 apare un zgomot str\u0103in la pornirea motorului cu un demaror electric, este necesar s\u0103 diagnostica\u021bi \u0219i s\u0103 \u00eenlocui\u021bi piesa defect\u0103.<\/p>","protected":false},"excerpt":{"rendered":"<p>Angrenajul dublu de pornire\u00a0 pentru motorul pe benzin\u0103 CG250 este partea principal\u0103 a transmisiei, conceput\u0103 pentru a transmite rota\u021bia de la demaror la coroana volantului. Angrenajul este situat pe o ax\u0103 fixat\u0103 \u00een carcasa motorului \u0219i se rote\u0219te liber, cupl\u00e2ndu-se cu elementele adiacente. Piesa combin\u0103 structural dou\u0103 ro\u021bi din\u021bate cu diametre diferite \u0219i cu pasuri&hellip;<\/p>","protected":false},"featured_media":2918,"template":"","meta":[],"product_cat":[64],"product_tag":[],"class_list":{"0":"post-2917","1":"product","2":"type-product","3":"status-publish","4":"has-post-thumbnail","6":"product_cat-piese-auto","8":"first","9":"instock","10":"shipping-taxable","11":"product-type-simple"},"_links":{"self":[{"href":"https:\/\/motovitalex.md\/ru\/wp-json\/wp\/v2\/product\/2917","targetHints":{"allow":["GET"]}}],"collection":[{"href":"https:\/\/motovitalex.md\/ru\/wp-json\/wp\/v2\/product"}],"about":[{"href":"https:\/\/motovitalex.md\/ru\/wp-json\/wp\/v2\/types\/product"}],"version-history":[{"count":1,"href":"https:\/\/motovitalex.md\/ru\/wp-json\/wp\/v2\/product\/2917\/revisions"}],"predecessor-version":[{"id":2919,"href":"https:\/\/motovitalex.md\/ru\/wp-json\/wp\/v2\/product\/2917\/revisions\/2919"}],"wp:featuredmedia":[{"embeddable":true,"href":"https:\/\/motovitalex.md\/ru\/wp-json\/wp\/v2\/media\/2918"}],"wp:attachment":[{"href":"https:\/\/motovitalex.md\/ru\/wp-json\/wp\/v2\/media?parent=2917"}],"wp:term":[{"taxonomy":"product_cat","embeddable":true,"href":"https:\/\/motovitalex.md\/ru\/wp-json\/wp\/v2\/product_cat?post=2917"},{"taxonomy":"product_tag","embeddable":true,"href":"https:\/\/motovitalex.md\/ru\/wp-json\/wp\/v2\/product_tag?post=2917"}],"curies":[{"name":"wp","href":"https:\/\/api.w.org\/{rel}","templated":true}]}}