{"id":2913,"date":"2025-01-13T17:28:54","date_gmt":"2025-01-13T17:28:54","guid":{"rendered":"https:\/\/motovitalex.md\/?post_type=product&#038;p=2913"},"modified":"2025-01-13T17:29:22","modified_gmt":"2025-01-13T17:29:22","slug":"tija-pentru-motor-pe-benzina-cg250","status":"publish","type":"product","link":"https:\/\/motovitalex.md\/ru\/product\/tija-pentru-motor-pe-benzina-cg250\/","title":{"rendered":"Tija  pentru motor pe benzina CG250"},"content":{"rendered":"<p>Tija pentru motorul pe benzin\u0103 CG250 este un element al sistemului de distribu\u021bie a gazului conceput pentru a transmite mi\u0219carea de la\u00a0 arborele cu came la culbutorul. Piesa este realizata din otel. Datorit\u0103 propriet\u0103\u021bilor speciale ale materialului, vibra\u021biile transversale \u0219i dilatarea termic\u0103 a piesei \u00een direc\u021bia longitudinal\u0103 sunt reduse semnificativ. V\u00e2rfurile rotunjite asigur\u0103 o leg\u0103tur\u0103 articulat\u0103 \u00eentre componentele adiacente. Utilizarea acestei piese de schimb este tipic\u0103 pentru motoarele cu un arbore cu came inferior. Aceste unit\u0103\u021bi de alimentare sunt utilizate pe scar\u0103 larg\u0103 datorit\u0103 simplit\u0103\u021bii \u0219i fiabilit\u0103\u021bii lor. Datorit\u0103 uzurii naturale a piesei \u00een timpul func\u021bion\u0103rii, lungimea acesteia se modific\u0103, ceea ce duce la o modificare a jocului de func\u021bionare a supapelor.<\/p>","protected":false},"excerpt":{"rendered":"<p>Tija pentru motorul pe benzin\u0103 CG250 este un element al sistemului de distribu\u021bie a gazului conceput pentru a transmite mi\u0219carea de la\u00a0 arborele cu came la culbutorul. Piesa este realizata din otel. Datorit\u0103 propriet\u0103\u021bilor speciale ale materialului, vibra\u021biile transversale \u0219i dilatarea termic\u0103 a piesei \u00een direc\u021bia longitudinal\u0103 sunt reduse semnificativ. V\u00e2rfurile rotunjite asigur\u0103 o leg\u0103tur\u0103&hellip;<\/p>","protected":false},"featured_media":2914,"template":"","meta":[],"product_cat":[64],"product_tag":[],"class_list":{"0":"post-2913","1":"product","2":"type-product","3":"status-publish","4":"has-post-thumbnail","6":"product_cat-piese-auto","8":"first","9":"instock","10":"shipping-taxable","11":"product-type-simple"},"_links":{"self":[{"href":"https:\/\/motovitalex.md\/ru\/wp-json\/wp\/v2\/product\/2913","targetHints":{"allow":["GET"]}}],"collection":[{"href":"https:\/\/motovitalex.md\/ru\/wp-json\/wp\/v2\/product"}],"about":[{"href":"https:\/\/motovitalex.md\/ru\/wp-json\/wp\/v2\/types\/product"}],"version-history":[{"count":2,"href":"https:\/\/motovitalex.md\/ru\/wp-json\/wp\/v2\/product\/2913\/revisions"}],"predecessor-version":[{"id":2916,"href":"https:\/\/motovitalex.md\/ru\/wp-json\/wp\/v2\/product\/2913\/revisions\/2916"}],"wp:featuredmedia":[{"embeddable":true,"href":"https:\/\/motovitalex.md\/ru\/wp-json\/wp\/v2\/media\/2914"}],"wp:attachment":[{"href":"https:\/\/motovitalex.md\/ru\/wp-json\/wp\/v2\/media?parent=2913"}],"wp:term":[{"taxonomy":"product_cat","embeddable":true,"href":"https:\/\/motovitalex.md\/ru\/wp-json\/wp\/v2\/product_cat?post=2913"},{"taxonomy":"product_tag","embeddable":true,"href":"https:\/\/motovitalex.md\/ru\/wp-json\/wp\/v2\/product_tag?post=2913"}],"curies":[{"name":"wp","href":"https:\/\/api.w.org\/{rel}","templated":true}]}}