{"id":2910,"date":"2025-01-13T17:26:22","date_gmt":"2025-01-13T17:26:22","guid":{"rendered":"https:\/\/motovitalex.md\/?post_type=product&#038;p=2910"},"modified":"2025-01-13T17:26:22","modified_gmt":"2025-01-13T17:26:22","slug":"supape-pentru-motor-pe-benzina-cg300","status":"publish","type":"product","link":"https:\/\/motovitalex.md\/ru\/product\/supape-pentru-motor-pe-benzina-cg300\/","title":{"rendered":"Supape  pentru motor pe benzin\u0103 CG300"},"content":{"rendered":"<p>Supapele\u00a0 pentru motorul pe benzin\u0103 CG300 sunt componente high-tech special concepute pentru a asigura func\u021bionarea eficient\u0103 a motocicletelor. Fabricate din materiale de calitate folosind tehnologie avansat\u0103, aceste supape garanteaz\u0103 o func\u021bionare fiabil\u0103 \u0219i durabil\u0103 a motorului. Aplica\u021bia lor este de a regla fluxul de gaze \u00een cilindrii motorului, ceea ce face posibil\u0103 controlul procesului de ardere al amestecului combustibil-aer.<\/p>\n<p>Supapele\u00a0 joac\u0103 un rol cheie \u00een asigurarea performan\u021bei optime a motorului, oferind volumul necesar de combustibil \u0219i aer pentru arderea eficient\u0103.<\/p>","protected":false},"excerpt":{"rendered":"<p>Supapele\u00a0 pentru motorul pe benzin\u0103 CG300 sunt componente high-tech special concepute pentru a asigura func\u021bionarea eficient\u0103 a motocicletelor. Fabricate din materiale de calitate folosind tehnologie avansat\u0103, aceste supape garanteaz\u0103 o func\u021bionare fiabil\u0103 \u0219i durabil\u0103 a motorului. Aplica\u021bia lor este de a regla fluxul de gaze \u00een cilindrii motorului, ceea ce face posibil\u0103 controlul procesului de&hellip;<\/p>","protected":false},"featured_media":2911,"template":"","meta":[],"product_cat":[64],"product_tag":[],"class_list":{"0":"post-2910","1":"product","2":"type-product","3":"status-publish","4":"has-post-thumbnail","6":"product_cat-piese-auto","8":"first","9":"instock","10":"shipping-taxable","11":"product-type-simple"},"_links":{"self":[{"href":"https:\/\/motovitalex.md\/ru\/wp-json\/wp\/v2\/product\/2910","targetHints":{"allow":["GET"]}}],"collection":[{"href":"https:\/\/motovitalex.md\/ru\/wp-json\/wp\/v2\/product"}],"about":[{"href":"https:\/\/motovitalex.md\/ru\/wp-json\/wp\/v2\/types\/product"}],"version-history":[{"count":1,"href":"https:\/\/motovitalex.md\/ru\/wp-json\/wp\/v2\/product\/2910\/revisions"}],"predecessor-version":[{"id":2912,"href":"https:\/\/motovitalex.md\/ru\/wp-json\/wp\/v2\/product\/2910\/revisions\/2912"}],"wp:featuredmedia":[{"embeddable":true,"href":"https:\/\/motovitalex.md\/ru\/wp-json\/wp\/v2\/media\/2911"}],"wp:attachment":[{"href":"https:\/\/motovitalex.md\/ru\/wp-json\/wp\/v2\/media?parent=2910"}],"wp:term":[{"taxonomy":"product_cat","embeddable":true,"href":"https:\/\/motovitalex.md\/ru\/wp-json\/wp\/v2\/product_cat?post=2910"},{"taxonomy":"product_tag","embeddable":true,"href":"https:\/\/motovitalex.md\/ru\/wp-json\/wp\/v2\/product_tag?post=2910"}],"curies":[{"name":"wp","href":"https:\/\/api.w.org\/{rel}","templated":true}]}}