{"id":2901,"date":"2025-01-13T17:18:46","date_gmt":"2025-01-13T17:18:46","guid":{"rendered":"https:\/\/motovitalex.md\/?post_type=product&#038;p=2901"},"modified":"2025-01-13T17:18:46","modified_gmt":"2025-01-13T17:18:46","slug":"senzor-de-viteza-pentru-motor-pe-benzina-cg250","status":"publish","type":"product","link":"https:\/\/motovitalex.md\/ru\/product\/senzor-de-viteza-pentru-motor-pe-benzina-cg250\/","title":{"rendered":"Senzor de vitez\u0103  pentru motor pe benzin\u0103 CG250"},"content":{"rendered":"<p>Senzor de vitez\u0103\u00a0 pentru un motor pe benzin\u0103 CG250 &#8211; piesa este un element de contact care interac\u021bioneaz\u0103 cu un glisor mobil situat pe axa arborelui de copiere. Corpul piesei este realizat din plastic durabil, rezistent la deterior\u0103ri mecanice. Tampoanele de contact sunt realizate din cupru, ceea ce asigur\u0103 o conductivitate ridicat\u0103 \u0219i rezisten\u021b\u0103 la coroziune. Un man\u0219on metalic \u00een orificiul de montare protejeaz\u0103 carcasa senzorului de deteriorare atunci c\u00e2nd este ata\u0219at\u0103 la carcasa motorului. Firele sunt terminate cu un conector pentru u\u0219urin\u021b\u0103 de conectare \u0219i diagnosticare. Tubul de cauciuc \u00eei protejeaz\u0103 de deteriorarea mecanic\u0103.<\/p>","protected":false},"excerpt":{"rendered":"<p>Senzor de vitez\u0103\u00a0 pentru un motor pe benzin\u0103 CG250 &#8211; piesa este un element de contact care interac\u021bioneaz\u0103 cu un glisor mobil situat pe axa arborelui de copiere. Corpul piesei este realizat din plastic durabil, rezistent la deterior\u0103ri mecanice. Tampoanele de contact sunt realizate din cupru, ceea ce asigur\u0103 o conductivitate ridicat\u0103 \u0219i rezisten\u021b\u0103 la&hellip;<\/p>","protected":false},"featured_media":2902,"template":"","meta":[],"product_cat":[64],"product_tag":[],"class_list":{"0":"post-2901","1":"product","2":"type-product","3":"status-publish","4":"has-post-thumbnail","6":"product_cat-piese-auto","8":"first","9":"instock","10":"shipping-taxable","11":"product-type-simple"},"_links":{"self":[{"href":"https:\/\/motovitalex.md\/ru\/wp-json\/wp\/v2\/product\/2901","targetHints":{"allow":["GET"]}}],"collection":[{"href":"https:\/\/motovitalex.md\/ru\/wp-json\/wp\/v2\/product"}],"about":[{"href":"https:\/\/motovitalex.md\/ru\/wp-json\/wp\/v2\/types\/product"}],"version-history":[{"count":1,"href":"https:\/\/motovitalex.md\/ru\/wp-json\/wp\/v2\/product\/2901\/revisions"}],"predecessor-version":[{"id":2903,"href":"https:\/\/motovitalex.md\/ru\/wp-json\/wp\/v2\/product\/2901\/revisions\/2903"}],"wp:featuredmedia":[{"embeddable":true,"href":"https:\/\/motovitalex.md\/ru\/wp-json\/wp\/v2\/media\/2902"}],"wp:attachment":[{"href":"https:\/\/motovitalex.md\/ru\/wp-json\/wp\/v2\/media?parent=2901"}],"wp:term":[{"taxonomy":"product_cat","embeddable":true,"href":"https:\/\/motovitalex.md\/ru\/wp-json\/wp\/v2\/product_cat?post=2901"},{"taxonomy":"product_tag","embeddable":true,"href":"https:\/\/motovitalex.md\/ru\/wp-json\/wp\/v2\/product_tag?post=2901"}],"curies":[{"name":"wp","href":"https:\/\/api.w.org\/{rel}","templated":true}]}}