{"id":2898,"date":"2025-01-13T17:16:55","date_gmt":"2025-01-13T17:16:55","guid":{"rendered":"https:\/\/motovitalex.md\/?post_type=product&#038;p=2898"},"modified":"2025-01-13T17:16:55","modified_gmt":"2025-01-13T17:16:55","slug":"pompa-de-ulei-pentru-motor-pe-benzina-cg300","status":"publish","type":"product","link":"https:\/\/motovitalex.md\/ru\/product\/pompa-de-ulei-pentru-motor-pe-benzina-cg300\/","title":{"rendered":"Pompa de ulei, pentru motor pe benzina CG300"},"content":{"rendered":"<p>Pompa de ulei, pentru motorul pe benzin\u0103 CG300 de pe motociclet\u0103 este un dispozitiv fiabil conceput special pentru a asigura o circula\u021bie eficient\u0103 a uleiului \u00een motorul motocicletei dumneavoastr\u0103. Aceast\u0103 pomp\u0103 are performan\u021be ridicate \u0219i materiale de \u00eenalt\u0103 calitate, ceea ce asigur\u0103 durabilitatea \u0219i fiabilitatea func\u021bion\u0103rii sale. Utilizarea acestei pompe de ulei\u00a0 v\u0103 permite s\u0103 men\u021bine\u021bi un nivel optim de lubrifiere a p\u0103r\u021bilor interne ale motorului, ceea ce contribuie la func\u021bionarea lin\u0103 a acestuia. Pompeaz\u0103 eficient uleiul din rezervorul de ulei c\u0103tre motor, p\u0103str\u00e2ndu-l rece \u0219i protejat de uzur\u0103.<\/p>","protected":false},"excerpt":{"rendered":"<p>Pompa de ulei, pentru motorul pe benzin\u0103 CG300 de pe motociclet\u0103 este un dispozitiv fiabil conceput special pentru a asigura o circula\u021bie eficient\u0103 a uleiului \u00een motorul motocicletei dumneavoastr\u0103. Aceast\u0103 pomp\u0103 are performan\u021be ridicate \u0219i materiale de \u00eenalt\u0103 calitate, ceea ce asigur\u0103 durabilitatea \u0219i fiabilitatea func\u021bion\u0103rii sale. Utilizarea acestei pompe de ulei\u00a0 v\u0103 permite s\u0103&hellip;<\/p>","protected":false},"featured_media":2899,"template":"","meta":[],"product_cat":[64],"product_tag":[],"class_list":{"0":"post-2898","1":"product","2":"type-product","3":"status-publish","4":"has-post-thumbnail","6":"product_cat-piese-auto","8":"first","9":"instock","10":"shipping-taxable","11":"product-type-simple"},"_links":{"self":[{"href":"https:\/\/motovitalex.md\/ru\/wp-json\/wp\/v2\/product\/2898","targetHints":{"allow":["GET"]}}],"collection":[{"href":"https:\/\/motovitalex.md\/ru\/wp-json\/wp\/v2\/product"}],"about":[{"href":"https:\/\/motovitalex.md\/ru\/wp-json\/wp\/v2\/types\/product"}],"version-history":[{"count":1,"href":"https:\/\/motovitalex.md\/ru\/wp-json\/wp\/v2\/product\/2898\/revisions"}],"predecessor-version":[{"id":2900,"href":"https:\/\/motovitalex.md\/ru\/wp-json\/wp\/v2\/product\/2898\/revisions\/2900"}],"wp:featuredmedia":[{"embeddable":true,"href":"https:\/\/motovitalex.md\/ru\/wp-json\/wp\/v2\/media\/2899"}],"wp:attachment":[{"href":"https:\/\/motovitalex.md\/ru\/wp-json\/wp\/v2\/media?parent=2898"}],"wp:term":[{"taxonomy":"product_cat","embeddable":true,"href":"https:\/\/motovitalex.md\/ru\/wp-json\/wp\/v2\/product_cat?post=2898"},{"taxonomy":"product_tag","embeddable":true,"href":"https:\/\/motovitalex.md\/ru\/wp-json\/wp\/v2\/product_tag?post=2898"}],"curies":[{"name":"wp","href":"https:\/\/api.w.org\/{rel}","templated":true}]}}