{"id":2895,"date":"2025-01-13T17:14:17","date_gmt":"2025-01-13T17:14:17","guid":{"rendered":"https:\/\/motovitalex.md\/?post_type=product&#038;p=2895"},"modified":"2025-01-13T17:14:17","modified_gmt":"2025-01-13T17:14:17","slug":"pompa-de-ulei-pentru-motor-pe-benzina-cg-300cc","status":"publish","type":"product","link":"https:\/\/motovitalex.md\/ru\/product\/pompa-de-ulei-pentru-motor-pe-benzina-cg-300cc\/","title":{"rendered":"Pompa de ulei, pentru motor pe benzina CG-300CC"},"content":{"rendered":"<p>Pompa de ulei\u00a0 este proiectat\u0103 pentru utilizarea \u00een motoarele pe benzin\u0103, cum ar fi CG-300CC, care se g\u0103se\u0219te \u00een motociclete. Aceast\u0103 pomp\u0103 de ulei asigur\u0103 o lubrifiere fiabil\u0103 \u0219i eficient\u0103 a motorului, ceea ce ajut\u0103 la men\u021binerea performan\u021bei motorului \u0219i prelunge\u0219te durata de via\u021b\u0103 a acestuia. Utilizarea acestei pompe de ulei la motoarele pe benzin\u0103 CG-300CC asigur\u0103 func\u021bionarea optim\u0103 a motorului motocicletei, ajut\u0103 la men\u021binerea nivelului necesar de lubrifiere, prevenind uzura \u0219i reduc\u00e2nd frecarea dintre piesele motorului. Acest lucru ajut\u0103 la \u00eembun\u0103t\u0103\u021birea performan\u021bei motocicletei \u0219i asigur\u0103 c\u0103 motorul func\u021bioneaz\u0103 mai bine \u0219i mai eficient \u00een timp ce func\u021bioneaz\u0103.<\/p>","protected":false},"excerpt":{"rendered":"<p>Pompa de ulei\u00a0 este proiectat\u0103 pentru utilizarea \u00een motoarele pe benzin\u0103, cum ar fi CG-300CC, care se g\u0103se\u0219te \u00een motociclete. Aceast\u0103 pomp\u0103 de ulei asigur\u0103 o lubrifiere fiabil\u0103 \u0219i eficient\u0103 a motorului, ceea ce ajut\u0103 la men\u021binerea performan\u021bei motorului \u0219i prelunge\u0219te durata de via\u021b\u0103 a acestuia. Utilizarea acestei pompe de ulei la motoarele pe benzin\u0103&hellip;<\/p>","protected":false},"featured_media":2896,"template":"","meta":[],"product_cat":[64],"product_tag":[],"class_list":{"0":"post-2895","1":"product","2":"type-product","3":"status-publish","4":"has-post-thumbnail","6":"product_cat-piese-auto","8":"first","9":"instock","10":"shipping-taxable","11":"product-type-simple"},"_links":{"self":[{"href":"https:\/\/motovitalex.md\/ru\/wp-json\/wp\/v2\/product\/2895","targetHints":{"allow":["GET"]}}],"collection":[{"href":"https:\/\/motovitalex.md\/ru\/wp-json\/wp\/v2\/product"}],"about":[{"href":"https:\/\/motovitalex.md\/ru\/wp-json\/wp\/v2\/types\/product"}],"version-history":[{"count":1,"href":"https:\/\/motovitalex.md\/ru\/wp-json\/wp\/v2\/product\/2895\/revisions"}],"predecessor-version":[{"id":2897,"href":"https:\/\/motovitalex.md\/ru\/wp-json\/wp\/v2\/product\/2895\/revisions\/2897"}],"wp:featuredmedia":[{"embeddable":true,"href":"https:\/\/motovitalex.md\/ru\/wp-json\/wp\/v2\/media\/2896"}],"wp:attachment":[{"href":"https:\/\/motovitalex.md\/ru\/wp-json\/wp\/v2\/media?parent=2895"}],"wp:term":[{"taxonomy":"product_cat","embeddable":true,"href":"https:\/\/motovitalex.md\/ru\/wp-json\/wp\/v2\/product_cat?post=2895"},{"taxonomy":"product_tag","embeddable":true,"href":"https:\/\/motovitalex.md\/ru\/wp-json\/wp\/v2\/product_tag?post=2895"}],"curies":[{"name":"wp","href":"https:\/\/api.w.org\/{rel}","templated":true}]}}