{"id":2892,"date":"2025-01-13T17:11:52","date_gmt":"2025-01-13T17:11:52","guid":{"rendered":"https:\/\/motovitalex.md\/?post_type=product&#038;p=2892"},"modified":"2025-01-13T17:11:52","modified_gmt":"2025-01-13T17:11:52","slug":"piston-cpg-6700-mm-pentru-motor-pe-benzina-cg250","status":"publish","type":"product","link":"https:\/\/motovitalex.md\/ru\/product\/piston-cpg-6700-mm-pentru-motor-pe-benzina-cg250\/","title":{"rendered":"Piston (CPG) 67,00 mm, pentru motor pe benzin\u0103 CG250"},"content":{"rendered":"<p>Motorul cu piston cu diametrul de 67,00 mm (CVG) este proiectat pentru utilizare la motoarele pe benzin\u0103 CG250 pe motociclete. Acest produs este o pies\u0103 de \u00eenalt\u0103 calitate conceput\u0103 special pentru a asigura performan\u021ba eficient\u0103 a motorului \u0219i fiabilitatea general\u0103 a motocicletei. Utilizarea cilindrului cu piston (CPG) de 67,00 mm pe motoarele CG250 permite optimizarea procesului de ardere a combustibilului, oferind performan\u021b\u0103 sporit\u0103 \u0219i economie de combustibil. Aceast\u0103 pies\u0103 este puternic\u0103 \u0219i durabil\u0103, asigur\u00e2nd o via\u021b\u0103 lung\u0103 a motocicletei dac\u0103 este \u00eentre\u021binut\u0103 corespunz\u0103tor. Necesitatea \u00eenlocuirii pistonului (CPG) poate ap\u0103rea dac\u0103 piesa curent\u0103 este uzat\u0103 sau deteriorat\u0103.<\/p>","protected":false},"excerpt":{"rendered":"<p>Motorul cu piston cu diametrul de 67,00 mm (CVG) este proiectat pentru utilizare la motoarele pe benzin\u0103 CG250 pe motociclete. Acest produs este o pies\u0103 de \u00eenalt\u0103 calitate conceput\u0103 special pentru a asigura performan\u021ba eficient\u0103 a motorului \u0219i fiabilitatea general\u0103 a motocicletei. Utilizarea cilindrului cu piston (CPG) de 67,00 mm pe motoarele CG250 permite optimizarea&hellip;<\/p>","protected":false},"featured_media":2893,"template":"","meta":[],"product_cat":[64],"product_tag":[],"class_list":{"0":"post-2892","1":"product","2":"type-product","3":"status-publish","4":"has-post-thumbnail","6":"product_cat-piese-auto","8":"first","9":"instock","10":"shipping-taxable","11":"product-type-simple"},"_links":{"self":[{"href":"https:\/\/motovitalex.md\/ru\/wp-json\/wp\/v2\/product\/2892","targetHints":{"allow":["GET"]}}],"collection":[{"href":"https:\/\/motovitalex.md\/ru\/wp-json\/wp\/v2\/product"}],"about":[{"href":"https:\/\/motovitalex.md\/ru\/wp-json\/wp\/v2\/types\/product"}],"version-history":[{"count":1,"href":"https:\/\/motovitalex.md\/ru\/wp-json\/wp\/v2\/product\/2892\/revisions"}],"predecessor-version":[{"id":2894,"href":"https:\/\/motovitalex.md\/ru\/wp-json\/wp\/v2\/product\/2892\/revisions\/2894"}],"wp:featuredmedia":[{"embeddable":true,"href":"https:\/\/motovitalex.md\/ru\/wp-json\/wp\/v2\/media\/2893"}],"wp:attachment":[{"href":"https:\/\/motovitalex.md\/ru\/wp-json\/wp\/v2\/media?parent=2892"}],"wp:term":[{"taxonomy":"product_cat","embeddable":true,"href":"https:\/\/motovitalex.md\/ru\/wp-json\/wp\/v2\/product_cat?post=2892"},{"taxonomy":"product_tag","embeddable":true,"href":"https:\/\/motovitalex.md\/ru\/wp-json\/wp\/v2\/product_tag?post=2892"}],"curies":[{"name":"wp","href":"https:\/\/api.w.org\/{rel}","templated":true}]}}