{"id":2889,"date":"2025-01-13T17:09:22","date_gmt":"2025-01-13T17:09:22","guid":{"rendered":"https:\/\/motovitalex.md\/?post_type=product&#038;p=2889"},"modified":"2025-01-13T17:09:22","modified_gmt":"2025-01-13T17:09:22","slug":"mecanism-de-supapa-pentru-motorul-pe-benzina-cg300","status":"publish","type":"product","link":"https:\/\/motovitalex.md\/ru\/product\/mecanism-de-supapa-pentru-motorul-pe-benzina-cg300\/","title":{"rendered":"Mecanism de supap\u0103, pentru motorul pe benzin\u0103 CG300"},"content":{"rendered":"<p>Trenul de supape\u00a0 este o component\u0103 fiabil\u0103 \u0219i eficient\u0103 conceput\u0103 pentru motorul pe benzin\u0103 CG300 utilizat la motociclete. Acest mecanism este proiectat la standarde de calitate \u00eenalte \u0219i este conceput pentru a asigura performan\u021be optime ale motorului. Utilizarea mecanismului de supap\u0103\u00a0 pe motorul pe benzin\u0103 CG300 include func\u021bia sa principal\u0103 &#8211; controlul intr\u0103rii \u0219i ie\u0219irii amestecului aer-combustibil \u00een cilindrii motorului.<\/p>\n<p>Se asigur\u0103 c\u0103 supapele se deschid \u0219i se \u00eenchid corect \u00een conformitate cu func\u021bionarea pistonului, ceea ce permite controlul eficient al procesului de ardere \u00een cilindri. Trenul de supape\u00a0 joac\u0103 un rol cheie \u00een asigurarea func\u021bion\u0103rii corespunz\u0103toare a motorului unei motociclete. Promoveaz\u0103 performan\u021ba optim\u0103 a motorului, asigur\u00e2nd o func\u021bionare lin\u0103 \u0219i eficient\u0103 \u00eentr-o varietate de condi\u021bii de func\u021bionare. Datorit\u0103 fiabilit\u0103\u021bii \u0219i durabilit\u0103\u021bii sale, acest tren de supape este o parte important\u0103 a sistemului motor CG300, cresc\u00e2nd eficien\u021ba \u0219i durabilitatea motocicletei.<\/p>","protected":false},"excerpt":{"rendered":"<p>Trenul de supape\u00a0 este o component\u0103 fiabil\u0103 \u0219i eficient\u0103 conceput\u0103 pentru motorul pe benzin\u0103 CG300 utilizat la motociclete. Acest mecanism este proiectat la standarde de calitate \u00eenalte \u0219i este conceput pentru a asigura performan\u021be optime ale motorului. Utilizarea mecanismului de supap\u0103\u00a0 pe motorul pe benzin\u0103 CG300 include func\u021bia sa principal\u0103 &#8211; controlul intr\u0103rii \u0219i ie\u0219irii&hellip;<\/p>","protected":false},"featured_media":2890,"template":"","meta":[],"product_cat":[64],"product_tag":[],"class_list":{"0":"post-2889","1":"product","2":"type-product","3":"status-publish","4":"has-post-thumbnail","6":"product_cat-piese-auto","8":"first","9":"instock","10":"shipping-taxable","11":"product-type-simple"},"_links":{"self":[{"href":"https:\/\/motovitalex.md\/ru\/wp-json\/wp\/v2\/product\/2889","targetHints":{"allow":["GET"]}}],"collection":[{"href":"https:\/\/motovitalex.md\/ru\/wp-json\/wp\/v2\/product"}],"about":[{"href":"https:\/\/motovitalex.md\/ru\/wp-json\/wp\/v2\/types\/product"}],"version-history":[{"count":1,"href":"https:\/\/motovitalex.md\/ru\/wp-json\/wp\/v2\/product\/2889\/revisions"}],"predecessor-version":[{"id":2891,"href":"https:\/\/motovitalex.md\/ru\/wp-json\/wp\/v2\/product\/2889\/revisions\/2891"}],"wp:featuredmedia":[{"embeddable":true,"href":"https:\/\/motovitalex.md\/ru\/wp-json\/wp\/v2\/media\/2890"}],"wp:attachment":[{"href":"https:\/\/motovitalex.md\/ru\/wp-json\/wp\/v2\/media?parent=2889"}],"wp:term":[{"taxonomy":"product_cat","embeddable":true,"href":"https:\/\/motovitalex.md\/ru\/wp-json\/wp\/v2\/product_cat?post=2889"},{"taxonomy":"product_tag","embeddable":true,"href":"https:\/\/motovitalex.md\/ru\/wp-json\/wp\/v2\/product_tag?post=2889"}],"curies":[{"name":"wp","href":"https:\/\/api.w.org\/{rel}","templated":true}]}}