{"id":2883,"date":"2025-01-13T17:04:02","date_gmt":"2025-01-13T17:04:02","guid":{"rendered":"https:\/\/motovitalex.md\/?post_type=product&#038;p=2883"},"modified":"2025-01-13T17:04:02","modified_gmt":"2025-01-13T17:04:02","slug":"magnetogenerator-pentru-motor-pe-benzina-cg250","status":"publish","type":"product","link":"https:\/\/motovitalex.md\/ru\/product\/magnetogenerator-pentru-motor-pe-benzina-cg250\/","title":{"rendered":"Magnetogenerator pentru motor pe benzin\u0103 CG250"},"content":{"rendered":"<p>Generatorul Magneto\u00a0 este o component\u0103 cheie a motorului motocicletei CG250 pe benzin\u0103. Acest generator este sursa de energie pentru a \u00eenc\u0103rca bateria \u0219i a alimenta sistemele electrice ale motocicletei. Aplicarea acestui dispozitiv se extinde la toate func\u021biile majore ale motocicletei care depind de electricitate. Asigur\u0103 func\u021bionarea dispozitivelor de iluminat, \u00eenc\u0103rcarea bateriei \u0219i alimentarea sistemelor de aprindere \u0219i a electronicii. Datorit\u0103 func\u021bionalit\u0103\u021bii sale, Generatorul Magneto\u00a0 asigur\u0103 func\u021bionarea eficient\u0103 a motocicletei ,asigur\u00e2nd alimentarea constant\u0103 a componentelor principale \u0219i asigur\u00e2nd func\u021bionarea lin\u0103 a motorului. Scopul principal al acestui dispozitiv este de a crea un curent electric constant necesar pentru a asigura func\u021bionarea tuturor sistemelor electrice ale motocicletei. Datorit\u0103 fiabilit\u0103\u021bii \u0219i eficien\u021bei sale ridicate, magnetogeneratorul\u00a0 asigur\u0103 o durat\u0103 lung\u0103 de via\u021b\u0103 \u0219i o func\u021bionare stabil\u0103 a motocicletei \u00een diferite condi\u021bii de func\u021bionare.<\/p>","protected":false},"excerpt":{"rendered":"<p>Generatorul Magneto\u00a0 este o component\u0103 cheie a motorului motocicletei CG250 pe benzin\u0103. Acest generator este sursa de energie pentru a \u00eenc\u0103rca bateria \u0219i a alimenta sistemele electrice ale motocicletei. Aplicarea acestui dispozitiv se extinde la toate func\u021biile majore ale motocicletei care depind de electricitate. Asigur\u0103 func\u021bionarea dispozitivelor de iluminat, \u00eenc\u0103rcarea bateriei \u0219i alimentarea sistemelor de&hellip;<\/p>","protected":false},"featured_media":2884,"template":"","meta":[],"product_cat":[64],"product_tag":[],"class_list":{"0":"post-2883","1":"product","2":"type-product","3":"status-publish","4":"has-post-thumbnail","6":"product_cat-piese-auto","8":"first","9":"instock","10":"shipping-taxable","11":"product-type-simple"},"_links":{"self":[{"href":"https:\/\/motovitalex.md\/ru\/wp-json\/wp\/v2\/product\/2883","targetHints":{"allow":["GET"]}}],"collection":[{"href":"https:\/\/motovitalex.md\/ru\/wp-json\/wp\/v2\/product"}],"about":[{"href":"https:\/\/motovitalex.md\/ru\/wp-json\/wp\/v2\/types\/product"}],"version-history":[{"count":1,"href":"https:\/\/motovitalex.md\/ru\/wp-json\/wp\/v2\/product\/2883\/revisions"}],"predecessor-version":[{"id":2885,"href":"https:\/\/motovitalex.md\/ru\/wp-json\/wp\/v2\/product\/2883\/revisions\/2885"}],"wp:featuredmedia":[{"embeddable":true,"href":"https:\/\/motovitalex.md\/ru\/wp-json\/wp\/v2\/media\/2884"}],"wp:attachment":[{"href":"https:\/\/motovitalex.md\/ru\/wp-json\/wp\/v2\/media?parent=2883"}],"wp:term":[{"taxonomy":"product_cat","embeddable":true,"href":"https:\/\/motovitalex.md\/ru\/wp-json\/wp\/v2\/product_cat?post=2883"},{"taxonomy":"product_tag","embeddable":true,"href":"https:\/\/motovitalex.md\/ru\/wp-json\/wp\/v2\/product_tag?post=2883"}],"curies":[{"name":"wp","href":"https:\/\/api.w.org\/{rel}","templated":true}]}}