{"id":2880,"date":"2025-01-13T17:00:45","date_gmt":"2025-01-13T17:00:45","guid":{"rendered":"https:\/\/motovitalex.md\/?post_type=product&#038;p=2880"},"modified":"2025-01-13T17:00:45","modified_gmt":"2025-01-13T17:00:45","slug":"magnetogenerator-pentru-motor-pe-benzina-cg-300cc","status":"publish","type":"product","link":"https:\/\/motovitalex.md\/ru\/product\/magnetogenerator-pentru-motor-pe-benzina-cg-300cc\/","title":{"rendered":"Magnetogenerator  pentru motor pe benzin\u0103 CG-300CC"},"content":{"rendered":"<p>Magnetogeneratorul (rotorul)\u00a0 pentru motorul pe benzin\u0103 CG-300CC este o parte important\u0103 a sistemului de alimentare cu energie al motocicletei. Proiectat la standarde \u00eenalte de calitate, acest alternator ofer\u0103 puterea fiabil\u0103 necesar\u0103 pentru a men\u021bine motocicleta dumneavoastr\u0103 s\u0103 func\u021bioneze f\u0103r\u0103 probleme. Utilizarea acestui magneto-generator\u00a0 pe motorul pe benzin\u0103 CG-300CC v\u0103 permite s\u0103 men\u021bine\u021bi o surs\u0103 de alimentare stabil\u0103 pentru toate sistemele motocicletei dumneavoastr\u0103. Furnizeaz\u0103 energie pentru sistemele de aprindere, iluminat \u0219i alte componente electrice importante, ceea ce este esen\u021bial pentru func\u021bionarea optim\u0103 a vehiculului dumneavoastr\u0103.<\/p>","protected":false},"excerpt":{"rendered":"<p>Magnetogeneratorul (rotorul)\u00a0 pentru motorul pe benzin\u0103 CG-300CC este o parte important\u0103 a sistemului de alimentare cu energie al motocicletei. Proiectat la standarde \u00eenalte de calitate, acest alternator ofer\u0103 puterea fiabil\u0103 necesar\u0103 pentru a men\u021bine motocicleta dumneavoastr\u0103 s\u0103 func\u021bioneze f\u0103r\u0103 probleme. Utilizarea acestui magneto-generator\u00a0 pe motorul pe benzin\u0103 CG-300CC v\u0103 permite s\u0103 men\u021bine\u021bi o surs\u0103 de&hellip;<\/p>","protected":false},"featured_media":2881,"template":"","meta":[],"product_cat":[64],"product_tag":[],"class_list":{"0":"post-2880","1":"product","2":"type-product","3":"status-publish","4":"has-post-thumbnail","6":"product_cat-piese-auto","8":"first","9":"instock","10":"shipping-taxable","11":"product-type-simple"},"_links":{"self":[{"href":"https:\/\/motovitalex.md\/ru\/wp-json\/wp\/v2\/product\/2880","targetHints":{"allow":["GET"]}}],"collection":[{"href":"https:\/\/motovitalex.md\/ru\/wp-json\/wp\/v2\/product"}],"about":[{"href":"https:\/\/motovitalex.md\/ru\/wp-json\/wp\/v2\/types\/product"}],"version-history":[{"count":1,"href":"https:\/\/motovitalex.md\/ru\/wp-json\/wp\/v2\/product\/2880\/revisions"}],"predecessor-version":[{"id":2882,"href":"https:\/\/motovitalex.md\/ru\/wp-json\/wp\/v2\/product\/2880\/revisions\/2882"}],"wp:featuredmedia":[{"embeddable":true,"href":"https:\/\/motovitalex.md\/ru\/wp-json\/wp\/v2\/media\/2881"}],"wp:attachment":[{"href":"https:\/\/motovitalex.md\/ru\/wp-json\/wp\/v2\/media?parent=2880"}],"wp:term":[{"taxonomy":"product_cat","embeddable":true,"href":"https:\/\/motovitalex.md\/ru\/wp-json\/wp\/v2\/product_cat?post=2880"},{"taxonomy":"product_tag","embeddable":true,"href":"https:\/\/motovitalex.md\/ru\/wp-json\/wp\/v2\/product_tag?post=2880"}],"curies":[{"name":"wp","href":"https:\/\/api.w.org\/{rel}","templated":true}]}}