{"id":2877,"date":"2025-01-13T16:58:46","date_gmt":"2025-01-13T16:58:46","guid":{"rendered":"https:\/\/motovitalex.md\/?post_type=product&#038;p=2877"},"modified":"2025-01-13T16:58:46","modified_gmt":"2025-01-13T16:58:46","slug":"chit-piston-7600-mm-std-pentru-motor-pe-benzina-cg300","status":"publish","type":"product","link":"https:\/\/motovitalex.md\/ru\/product\/chit-piston-7600-mm-std-pentru-motor-pe-benzina-cg300\/","title":{"rendered":"Chit piston 76,00 mm STD, pentru motor pe benzina CG300"},"content":{"rendered":"<p>Chit piston\u00a0 76.00mm STD\u00a0 este o solu\u021bie fiabil\u0103 pentru \u00eentre\u021binerea motorului pe benzin\u0103 CG300 la motociclet\u0103. Acest kit include un piston standard cu diametrul de 76,00 mm, asigur\u00e2nd specifica\u021biile exacte ale produc\u0103torului \u0219i recuperarea eficient\u0103 a motorului. Utilizarea unui kit cu piston este un pas cheie \u00een repararea \u0219i \u00eentre\u021binerea unei motociclete cu motor CG300. Setul ajut\u0103 la cre\u0219terea compresiei, la \u00eembun\u0103t\u0103\u021birea performan\u021bei generale \u0219i a fiabilit\u0103\u021bii motocicletei. Potrivit pentru condi\u021bii standard de func\u021bionare, asigur\u00e2nd o durat\u0103 lung\u0103 de via\u021b\u0103 \u0219i o func\u021bionare stabil\u0103 a motorului.<\/p>","protected":false},"excerpt":{"rendered":"<p>Chit piston\u00a0 76.00mm STD\u00a0 este o solu\u021bie fiabil\u0103 pentru \u00eentre\u021binerea motorului pe benzin\u0103 CG300 la motociclet\u0103. Acest kit include un piston standard cu diametrul de 76,00 mm, asigur\u00e2nd specifica\u021biile exacte ale produc\u0103torului \u0219i recuperarea eficient\u0103 a motorului. Utilizarea unui kit cu piston este un pas cheie \u00een repararea \u0219i \u00eentre\u021binerea unei motociclete cu motor CG300.&hellip;<\/p>","protected":false},"featured_media":2878,"template":"","meta":[],"product_cat":[64],"product_tag":[],"class_list":{"0":"post-2877","1":"product","2":"type-product","3":"status-publish","4":"has-post-thumbnail","6":"product_cat-piese-auto","8":"first","9":"instock","10":"shipping-taxable","11":"product-type-simple"},"_links":{"self":[{"href":"https:\/\/motovitalex.md\/ru\/wp-json\/wp\/v2\/product\/2877","targetHints":{"allow":["GET"]}}],"collection":[{"href":"https:\/\/motovitalex.md\/ru\/wp-json\/wp\/v2\/product"}],"about":[{"href":"https:\/\/motovitalex.md\/ru\/wp-json\/wp\/v2\/types\/product"}],"version-history":[{"count":1,"href":"https:\/\/motovitalex.md\/ru\/wp-json\/wp\/v2\/product\/2877\/revisions"}],"predecessor-version":[{"id":2879,"href":"https:\/\/motovitalex.md\/ru\/wp-json\/wp\/v2\/product\/2877\/revisions\/2879"}],"wp:featuredmedia":[{"embeddable":true,"href":"https:\/\/motovitalex.md\/ru\/wp-json\/wp\/v2\/media\/2878"}],"wp:attachment":[{"href":"https:\/\/motovitalex.md\/ru\/wp-json\/wp\/v2\/media?parent=2877"}],"wp:term":[{"taxonomy":"product_cat","embeddable":true,"href":"https:\/\/motovitalex.md\/ru\/wp-json\/wp\/v2\/product_cat?post=2877"},{"taxonomy":"product_tag","embeddable":true,"href":"https:\/\/motovitalex.md\/ru\/wp-json\/wp\/v2\/product_tag?post=2877"}],"curies":[{"name":"wp","href":"https:\/\/api.w.org\/{rel}","templated":true}]}}