{"id":2874,"date":"2025-01-13T16:55:13","date_gmt":"2025-01-13T16:55:13","guid":{"rendered":"https:\/\/motovitalex.md\/?post_type=product&#038;p=2874"},"modified":"2025-01-13T16:55:13","modified_gmt":"2025-01-13T16:55:13","slug":"chit-piston-67-00-mm-std-pentru-motor-pe-benzina-cg250","status":"publish","type":"product","link":"https:\/\/motovitalex.md\/ru\/product\/chit-piston-67-00-mm-std-pentru-motor-pe-benzina-cg250\/","title":{"rendered":"Chit piston 67.00 mm STD, pentru motor pe benzina CG250"},"content":{"rendered":"<p>Setul\u00a0 chit piston 67.00mm STD este o solu\u021bie fiabil\u0103 pentru \u00eentre\u021binerea motorului pe benzin\u0103 CG250 la o motociclet\u0103. Acest kit include un piston standard cu diametrul de 67,00 mm, asigur\u00e2nd specifica\u021biile exacte ale produc\u0103torului \u0219i recuperarea eficient\u0103 a motorului. Utilizarea unui kit cu piston este un pas important \u00een \u00eentre\u021binerea \u0219i repararea unei motociclete cu motor CG250. Acest kit ajut\u0103 la \u00eembun\u0103t\u0103\u021birea compresiei, a performan\u021bei \u0219i a fiabilit\u0103\u021bii generale a motocicletei. Potrivit pentru condi\u021bii standard de func\u021bionare, asigur\u00e2nd o durat\u0103 lung\u0103 de via\u021b\u0103 \u0219i o func\u021bionare stabil\u0103 a motorului.<\/p>","protected":false},"excerpt":{"rendered":"<p>Setul\u00a0 chit piston 67.00mm STD este o solu\u021bie fiabil\u0103 pentru \u00eentre\u021binerea motorului pe benzin\u0103 CG250 la o motociclet\u0103. Acest kit include un piston standard cu diametrul de 67,00 mm, asigur\u00e2nd specifica\u021biile exacte ale produc\u0103torului \u0219i recuperarea eficient\u0103 a motorului. Utilizarea unui kit cu piston este un pas important \u00een \u00eentre\u021binerea \u0219i repararea unei motociclete cu&hellip;<\/p>","protected":false},"featured_media":2875,"template":"","meta":[],"product_cat":[64],"product_tag":[],"class_list":{"0":"post-2874","1":"product","2":"type-product","3":"status-publish","4":"has-post-thumbnail","6":"product_cat-piese-auto","8":"first","9":"instock","10":"shipping-taxable","11":"product-type-simple"},"_links":{"self":[{"href":"https:\/\/motovitalex.md\/ru\/wp-json\/wp\/v2\/product\/2874","targetHints":{"allow":["GET"]}}],"collection":[{"href":"https:\/\/motovitalex.md\/ru\/wp-json\/wp\/v2\/product"}],"about":[{"href":"https:\/\/motovitalex.md\/ru\/wp-json\/wp\/v2\/types\/product"}],"version-history":[{"count":1,"href":"https:\/\/motovitalex.md\/ru\/wp-json\/wp\/v2\/product\/2874\/revisions"}],"predecessor-version":[{"id":2876,"href":"https:\/\/motovitalex.md\/ru\/wp-json\/wp\/v2\/product\/2874\/revisions\/2876"}],"wp:featuredmedia":[{"embeddable":true,"href":"https:\/\/motovitalex.md\/ru\/wp-json\/wp\/v2\/media\/2875"}],"wp:attachment":[{"href":"https:\/\/motovitalex.md\/ru\/wp-json\/wp\/v2\/media?parent=2874"}],"wp:term":[{"taxonomy":"product_cat","embeddable":true,"href":"https:\/\/motovitalex.md\/ru\/wp-json\/wp\/v2\/product_cat?post=2874"},{"taxonomy":"product_tag","embeddable":true,"href":"https:\/\/motovitalex.md\/ru\/wp-json\/wp\/v2\/product_tag?post=2874"}],"curies":[{"name":"wp","href":"https:\/\/api.w.org\/{rel}","templated":true}]}}