{"id":2871,"date":"2025-01-13T16:52:26","date_gmt":"2025-01-13T16:52:26","guid":{"rendered":"https:\/\/motovitalex.md\/?post_type=product&#038;p=2871"},"modified":"2025-01-13T16:52:26","modified_gmt":"2025-01-13T16:52:26","slug":"joja-de-nivel-ulei-pentru-motor-pe-benzina-cg300","status":"publish","type":"product","link":"https:\/\/motovitalex.md\/ru\/product\/joja-de-nivel-ulei-pentru-motor-pe-benzina-cg300\/","title":{"rendered":"Joja de nivel ulei, pentru motor pe benzina CG300"},"content":{"rendered":"<p>Joja de nivel de ulei pentru motorul pe benzin\u0103 CG300 este un instrument care este folosit pentru a monitoriza nivelul uleiului din motor. Designul s\u0103u v\u0103 permite s\u0103 determina\u021bi dac\u0103 exist\u0103 suficient ulei sau dac\u0103 trebuie ad\u0103ugat folosind marcajele de pe joja. Acest instrument asigur\u0103 monitorizarea nivelurilor de ulei, care este esen\u021bial\u0103 pentru func\u021bionarea f\u0103r\u0103 probleme a motorului. Nivelurile sc\u0103zute de ulei pot afecta negativ lubrifierea pieselor motorului, \u00een timp ce prea mult ulei poate cauza, de asemenea, probleme de performan\u021b\u0103 a motorului. Joja de nivel de ulei ofer\u0103 capacitatea de a monitoriza \u0219i men\u021bine rapid nivelul optim de ulei, ceea ce contribuie la durabilitatea \u0219i func\u021bionarea eficient\u0103 a motorului.<\/p>","protected":false},"excerpt":{"rendered":"<p>Joja de nivel de ulei pentru motorul pe benzin\u0103 CG300 este un instrument care este folosit pentru a monitoriza nivelul uleiului din motor. Designul s\u0103u v\u0103 permite s\u0103 determina\u021bi dac\u0103 exist\u0103 suficient ulei sau dac\u0103 trebuie ad\u0103ugat folosind marcajele de pe joja. Acest instrument asigur\u0103 monitorizarea nivelurilor de ulei, care este esen\u021bial\u0103 pentru func\u021bionarea f\u0103r\u0103&hellip;<\/p>","protected":false},"featured_media":2872,"template":"","meta":[],"product_cat":[64],"product_tag":[],"class_list":{"0":"post-2871","1":"product","2":"type-product","3":"status-publish","4":"has-post-thumbnail","6":"product_cat-piese-auto","8":"first","9":"instock","10":"shipping-taxable","11":"product-type-simple"},"_links":{"self":[{"href":"https:\/\/motovitalex.md\/ru\/wp-json\/wp\/v2\/product\/2871","targetHints":{"allow":["GET"]}}],"collection":[{"href":"https:\/\/motovitalex.md\/ru\/wp-json\/wp\/v2\/product"}],"about":[{"href":"https:\/\/motovitalex.md\/ru\/wp-json\/wp\/v2\/types\/product"}],"version-history":[{"count":1,"href":"https:\/\/motovitalex.md\/ru\/wp-json\/wp\/v2\/product\/2871\/revisions"}],"predecessor-version":[{"id":2873,"href":"https:\/\/motovitalex.md\/ru\/wp-json\/wp\/v2\/product\/2871\/revisions\/2873"}],"wp:featuredmedia":[{"embeddable":true,"href":"https:\/\/motovitalex.md\/ru\/wp-json\/wp\/v2\/media\/2872"}],"wp:attachment":[{"href":"https:\/\/motovitalex.md\/ru\/wp-json\/wp\/v2\/media?parent=2871"}],"wp:term":[{"taxonomy":"product_cat","embeddable":true,"href":"https:\/\/motovitalex.md\/ru\/wp-json\/wp\/v2\/product_cat?post=2871"},{"taxonomy":"product_tag","embeddable":true,"href":"https:\/\/motovitalex.md\/ru\/wp-json\/wp\/v2\/product_tag?post=2871"}],"curies":[{"name":"wp","href":"https:\/\/api.w.org\/{rel}","templated":true}]}}