{"id":2868,"date":"2025-01-13T16:50:12","date_gmt":"2025-01-13T16:50:12","guid":{"rendered":"https:\/\/motovitalex.md\/?post_type=product&#038;p=2868"},"modified":"2025-01-13T16:50:12","modified_gmt":"2025-01-13T16:50:12","slug":"inele-76-00-mm-std-pentru-motor-pe-benzina-cg300","status":"publish","type":"product","link":"https:\/\/motovitalex.md\/ru\/product\/inele-76-00-mm-std-pentru-motor-pe-benzina-cg300\/","title":{"rendered":"Inele 76.00 mm STD, pentru motor pe benzin\u0103 CG300"},"content":{"rendered":"<p>Inelele 76.00mm STD sunt un set de inele pentru motorul pe benzin\u0103 CG300 care este utilizat la motociclete. Acest kit include un inel pe piston.<\/p>\n<p>Sunt proiectate pentru a asigura performan\u021ba optim\u0103 a motorului prin men\u021binerea etan\u0219\u0103rii \u0219i a compresiei eficiente \u00een interiorul cilindrului. Inelele au o dimensiune standard de 76,00 mm, ceea ce \u00eendepline\u0219te cerin\u021bele acestui model de motor. Aplicarea acestor inele pe pistonul motocicletei CG300 ajut\u0103 la asigurarea func\u021bion\u0103rii corecte a motorului, asigur\u00e2nd putere \u0219i performan\u021b\u0103 optime. Acestea joac\u0103 un rol important \u00een procesul de ardere a combustibilului din cilindru, asigur\u00e2nd etan\u0219eitatea \u0219i minimiz\u00e2nd pierderile de compresie. \u00cen plus, segmentele de piston instalate \u0219i func\u021bionale corespunz\u0103tor ajut\u0103 la reducerea uzurii motorului \u0219i la prelungirea duratei de via\u021b\u0103 a motorului.<\/p>","protected":false},"excerpt":{"rendered":"<p>Inelele 76.00mm STD sunt un set de inele pentru motorul pe benzin\u0103 CG300 care este utilizat la motociclete. Acest kit include un inel pe piston. Sunt proiectate pentru a asigura performan\u021ba optim\u0103 a motorului prin men\u021binerea etan\u0219\u0103rii \u0219i a compresiei eficiente \u00een interiorul cilindrului. Inelele au o dimensiune standard de 76,00 mm, ceea ce \u00eendepline\u0219te&hellip;<\/p>","protected":false},"featured_media":2869,"template":"","meta":[],"product_cat":[64],"product_tag":[],"class_list":{"0":"post-2868","1":"product","2":"type-product","3":"status-publish","4":"has-post-thumbnail","6":"product_cat-piese-auto","8":"first","9":"instock","10":"shipping-taxable","11":"product-type-simple"},"_links":{"self":[{"href":"https:\/\/motovitalex.md\/ru\/wp-json\/wp\/v2\/product\/2868","targetHints":{"allow":["GET"]}}],"collection":[{"href":"https:\/\/motovitalex.md\/ru\/wp-json\/wp\/v2\/product"}],"about":[{"href":"https:\/\/motovitalex.md\/ru\/wp-json\/wp\/v2\/types\/product"}],"version-history":[{"count":1,"href":"https:\/\/motovitalex.md\/ru\/wp-json\/wp\/v2\/product\/2868\/revisions"}],"predecessor-version":[{"id":2870,"href":"https:\/\/motovitalex.md\/ru\/wp-json\/wp\/v2\/product\/2868\/revisions\/2870"}],"wp:featuredmedia":[{"embeddable":true,"href":"https:\/\/motovitalex.md\/ru\/wp-json\/wp\/v2\/media\/2869"}],"wp:attachment":[{"href":"https:\/\/motovitalex.md\/ru\/wp-json\/wp\/v2\/media?parent=2868"}],"wp:term":[{"taxonomy":"product_cat","embeddable":true,"href":"https:\/\/motovitalex.md\/ru\/wp-json\/wp\/v2\/product_cat?post=2868"},{"taxonomy":"product_tag","embeddable":true,"href":"https:\/\/motovitalex.md\/ru\/wp-json\/wp\/v2\/product_tag?post=2868"}],"curies":[{"name":"wp","href":"https:\/\/api.w.org\/{rel}","templated":true}]}}