{"id":2865,"date":"2025-01-13T16:47:53","date_gmt":"2025-01-13T16:47:53","guid":{"rendered":"https:\/\/motovitalex.md\/?post_type=product&#038;p=2865"},"modified":"2025-01-13T16:47:53","modified_gmt":"2025-01-13T16:47:53","slug":"inele-67-00-mm-std-pentru-motor-pe-benzina-cg250","status":"publish","type":"product","link":"https:\/\/motovitalex.md\/ru\/product\/inele-67-00-mm-std-pentru-motor-pe-benzina-cg250\/","title":{"rendered":"Inele 67.00 mm STD, pentru motor pe benzin\u0103 CG250"},"content":{"rendered":"<p>Inelele cu diametrul de 67,00 mm STD\u00a0 sunt proiectate pentru motorul pe benzin\u0103 CG250 \u0219i formeaz\u0103 un set pentru un piston de motociclet\u0103. Scopul lor principal este de a asigura func\u021bionarea eficient\u0103 a pistonului din cilindrul motorului, cre\u00e2nd o etan\u0219are adecvat\u0103 \u0219i minimiz\u00e2nd pierderile de presiune \u0219i ulei. Utilizarea acestor inele are un impact direct asupra performantelor motorului motocicletei, asigurand compresia optima a amestecului aer-combustibil din cilindru. Acest lucru, la r\u00e2ndul s\u0103u, ajut\u0103 la cre\u0219terea puterii \u0219i eficien\u021bei motorului, ceea ce este deosebit de important pentru motociclete.<\/p>","protected":false},"excerpt":{"rendered":"<p>Inelele cu diametrul de 67,00 mm STD\u00a0 sunt proiectate pentru motorul pe benzin\u0103 CG250 \u0219i formeaz\u0103 un set pentru un piston de motociclet\u0103. Scopul lor principal este de a asigura func\u021bionarea eficient\u0103 a pistonului din cilindrul motorului, cre\u00e2nd o etan\u0219are adecvat\u0103 \u0219i minimiz\u00e2nd pierderile de presiune \u0219i ulei. Utilizarea acestor inele are un impact direct&hellip;<\/p>","protected":false},"featured_media":2866,"template":"","meta":[],"product_cat":[64],"product_tag":[],"class_list":{"0":"post-2865","1":"product","2":"type-product","3":"status-publish","4":"has-post-thumbnail","6":"product_cat-piese-auto","8":"first","9":"instock","10":"shipping-taxable","11":"product-type-simple"},"_links":{"self":[{"href":"https:\/\/motovitalex.md\/ru\/wp-json\/wp\/v2\/product\/2865","targetHints":{"allow":["GET"]}}],"collection":[{"href":"https:\/\/motovitalex.md\/ru\/wp-json\/wp\/v2\/product"}],"about":[{"href":"https:\/\/motovitalex.md\/ru\/wp-json\/wp\/v2\/types\/product"}],"version-history":[{"count":1,"href":"https:\/\/motovitalex.md\/ru\/wp-json\/wp\/v2\/product\/2865\/revisions"}],"predecessor-version":[{"id":2867,"href":"https:\/\/motovitalex.md\/ru\/wp-json\/wp\/v2\/product\/2865\/revisions\/2867"}],"wp:featuredmedia":[{"embeddable":true,"href":"https:\/\/motovitalex.md\/ru\/wp-json\/wp\/v2\/media\/2866"}],"wp:attachment":[{"href":"https:\/\/motovitalex.md\/ru\/wp-json\/wp\/v2\/media?parent=2865"}],"wp:term":[{"taxonomy":"product_cat","embeddable":true,"href":"https:\/\/motovitalex.md\/ru\/wp-json\/wp\/v2\/product_cat?post=2865"},{"taxonomy":"product_tag","embeddable":true,"href":"https:\/\/motovitalex.md\/ru\/wp-json\/wp\/v2\/product_tag?post=2865"}],"curies":[{"name":"wp","href":"https:\/\/api.w.org\/{rel}","templated":true}]}}