{"id":2862,"date":"2025-01-13T16:45:28","date_gmt":"2025-01-13T16:45:28","guid":{"rendered":"https:\/\/motovitalex.md\/?post_type=product&#038;p=2862"},"modified":"2025-01-13T16:45:28","modified_gmt":"2025-01-13T16:45:28","slug":"garnitura-cilindru-inel-toba-pentru-motor-pe-benzina-cg250","status":"publish","type":"product","link":"https:\/\/motovitalex.md\/ru\/product\/garnitura-cilindru-inel-toba-pentru-motor-pe-benzina-cg250\/","title":{"rendered":"Garnitura cilindru + inel toba, pentru motor pe benzina CG250"},"content":{"rendered":"<p>Garnitura cilindrului \u0219i inelul tobei de e\u0219apament\u00a0 sunt componente fiabile \u0219i de \u00eenalt\u0103 calitate concepute pentru motoarele pe benzin\u0103 CG250 din motociclete. Aceste piese sunt special concepute pentru a asigura o performan\u021b\u0103 eficient\u0103 \u0219i de lung\u0103 durat\u0103 a motorului \u0219i pentru a men\u021bine performan\u021ba optim\u0103 a sistemului de evacuare. Garnitura cilindrului asigur\u0103 o etan\u0219are \u00eentre blocul cilindrilor \u0219i cap, prevenind scurgerile de gaze \u0219i ulei. Acest lucru este deosebit de important pentru men\u021binerea presiunii stabile \u00een cilindru, care, la r\u00e2ndul s\u0103u, contribuie la arderea mai eficient\u0103 a amestecului aer-combustibil. Inelul tobei de e\u0219apament este proiectat pentru a asigura o etan\u0219are\u00a0 \u00eentre toba de e\u0219apament \u0219i \u021beava de e\u0219apament. Acest lucru ajut\u0103 la prevenirea scurgerilor de gaz \u0219i la reducerea zgomotului sistemului de evacuare. Acest inel joac\u0103 un rol important \u00een men\u021binerea standardelor de mediu \u0219i a confortului \u00een timpul conducerii.<\/p>","protected":false},"excerpt":{"rendered":"<p>Garnitura cilindrului \u0219i inelul tobei de e\u0219apament\u00a0 sunt componente fiabile \u0219i de \u00eenalt\u0103 calitate concepute pentru motoarele pe benzin\u0103 CG250 din motociclete. Aceste piese sunt special concepute pentru a asigura o performan\u021b\u0103 eficient\u0103 \u0219i de lung\u0103 durat\u0103 a motorului \u0219i pentru a men\u021bine performan\u021ba optim\u0103 a sistemului de evacuare. Garnitura cilindrului asigur\u0103 o etan\u0219are \u00eentre&hellip;<\/p>","protected":false},"featured_media":2863,"template":"","meta":[],"product_cat":[64],"product_tag":[],"class_list":{"0":"post-2862","1":"product","2":"type-product","3":"status-publish","4":"has-post-thumbnail","6":"product_cat-piese-auto","8":"first","9":"instock","10":"shipping-taxable","11":"product-type-simple"},"_links":{"self":[{"href":"https:\/\/motovitalex.md\/ru\/wp-json\/wp\/v2\/product\/2862","targetHints":{"allow":["GET"]}}],"collection":[{"href":"https:\/\/motovitalex.md\/ru\/wp-json\/wp\/v2\/product"}],"about":[{"href":"https:\/\/motovitalex.md\/ru\/wp-json\/wp\/v2\/types\/product"}],"version-history":[{"count":1,"href":"https:\/\/motovitalex.md\/ru\/wp-json\/wp\/v2\/product\/2862\/revisions"}],"predecessor-version":[{"id":2864,"href":"https:\/\/motovitalex.md\/ru\/wp-json\/wp\/v2\/product\/2862\/revisions\/2864"}],"wp:featuredmedia":[{"embeddable":true,"href":"https:\/\/motovitalex.md\/ru\/wp-json\/wp\/v2\/media\/2863"}],"wp:attachment":[{"href":"https:\/\/motovitalex.md\/ru\/wp-json\/wp\/v2\/media?parent=2862"}],"wp:term":[{"taxonomy":"product_cat","embeddable":true,"href":"https:\/\/motovitalex.md\/ru\/wp-json\/wp\/v2\/product_cat?post=2862"},{"taxonomy":"product_tag","embeddable":true,"href":"https:\/\/motovitalex.md\/ru\/wp-json\/wp\/v2\/product_tag?post=2862"}],"curies":[{"name":"wp","href":"https:\/\/api.w.org\/{rel}","templated":true}]}}