{"id":2859,"date":"2025-01-13T16:42:26","date_gmt":"2025-01-13T16:42:26","guid":{"rendered":"https:\/\/motovitalex.md\/?post_type=product&#038;p=2859"},"modified":"2025-01-13T16:42:26","modified_gmt":"2025-01-13T16:42:26","slug":"element-de-filtru-pentru-motor-pe-benzina-cg300","status":"publish","type":"product","link":"https:\/\/motovitalex.md\/ru\/product\/element-de-filtru-pentru-motor-pe-benzina-cg300\/","title":{"rendered":"Element de filtru, pentru motor pe benzin\u0103 CG300"},"content":{"rendered":"<p>Elementul filtrului de aer pentru motorul pe benzin\u0103\u00a0 CG300 joac\u0103 un rol cheie \u00een cur\u0103\u021barea aerului care intr\u0103. Scopul s\u0103u principal este de a preveni p\u0103trunderea prafului, murd\u0103riei \u0219i particulelor microscopice \u00een cilindri, oferind astfel un mediu curat pentru amestecarea aerului \u0219i a combustibilului \u00een interiorul motorului. Aerul purificat este esen\u021bial pentru func\u021bionarea eficient\u0103 a motorului, deoarece ofer\u0103 amestecul corect necesar pentru func\u021bionarea motorului. Contaminarea neobservat\u0103 poate afecta performan\u021ba motorului, reduc\u00e2nd puterea \u0219i performan\u021ba. Men\u021binerea curat\u0103 a elementului filtrului de aer \u0219i func\u021bionarea corect\u0103 este cheia pentru func\u021bionarea fiabil\u0103 \u0219i eficient\u0103 a motorului.<\/p>","protected":false},"excerpt":{"rendered":"<p>Elementul filtrului de aer pentru motorul pe benzin\u0103\u00a0 CG300 joac\u0103 un rol cheie \u00een cur\u0103\u021barea aerului care intr\u0103. Scopul s\u0103u principal este de a preveni p\u0103trunderea prafului, murd\u0103riei \u0219i particulelor microscopice \u00een cilindri, oferind astfel un mediu curat pentru amestecarea aerului \u0219i a combustibilului \u00een interiorul motorului. Aerul purificat este esen\u021bial pentru func\u021bionarea eficient\u0103 a&hellip;<\/p>","protected":false},"featured_media":2860,"template":"","meta":[],"product_cat":[64],"product_tag":[],"class_list":{"0":"post-2859","1":"product","2":"type-product","3":"status-publish","4":"has-post-thumbnail","6":"product_cat-piese-auto","8":"first","9":"instock","10":"shipping-taxable","11":"product-type-simple"},"_links":{"self":[{"href":"https:\/\/motovitalex.md\/ru\/wp-json\/wp\/v2\/product\/2859","targetHints":{"allow":["GET"]}}],"collection":[{"href":"https:\/\/motovitalex.md\/ru\/wp-json\/wp\/v2\/product"}],"about":[{"href":"https:\/\/motovitalex.md\/ru\/wp-json\/wp\/v2\/types\/product"}],"version-history":[{"count":1,"href":"https:\/\/motovitalex.md\/ru\/wp-json\/wp\/v2\/product\/2859\/revisions"}],"predecessor-version":[{"id":2861,"href":"https:\/\/motovitalex.md\/ru\/wp-json\/wp\/v2\/product\/2859\/revisions\/2861"}],"wp:featuredmedia":[{"embeddable":true,"href":"https:\/\/motovitalex.md\/ru\/wp-json\/wp\/v2\/media\/2860"}],"wp:attachment":[{"href":"https:\/\/motovitalex.md\/ru\/wp-json\/wp\/v2\/media?parent=2859"}],"wp:term":[{"taxonomy":"product_cat","embeddable":true,"href":"https:\/\/motovitalex.md\/ru\/wp-json\/wp\/v2\/product_cat?post=2859"},{"taxonomy":"product_tag","embeddable":true,"href":"https:\/\/motovitalex.md\/ru\/wp-json\/wp\/v2\/product_tag?post=2859"}],"curies":[{"name":"wp","href":"https:\/\/api.w.org\/{rel}","templated":true}]}}