{"id":2853,"date":"2025-01-13T16:35:46","date_gmt":"2025-01-13T16:35:46","guid":{"rendered":"https:\/\/motovitalex.md\/?post_type=product&#038;p=2853"},"modified":"2025-01-13T16:35:46","modified_gmt":"2025-01-13T16:35:46","slug":"cos-de-ambreiaj-pentru-motor-pe-benzina-cg-300cc","status":"publish","type":"product","link":"https:\/\/motovitalex.md\/ru\/product\/cos-de-ambreiaj-pentru-motor-pe-benzina-cg-300cc\/","title":{"rendered":"Co\u0219 de ambreiaj, pentru motor pe benzin\u0103 CG-300CC"},"content":{"rendered":"<p>Co\u0219ul de ambreiaj este proiectat pentru motoarele pe benzin\u0103 CG-300CC \u0219i este o parte important\u0103 a sistemului de ambreiaj al motocicletei. Aceast\u0103 component\u0103 este responsabil\u0103 pentru transferul cuplului de la motor la transmisie \u0219i, prin urmare, la roata din fa\u021b\u0103 a motocicletei. Ofer\u0103 schimb\u0103ri fluide de vitez\u0103 \u0219i v\u0103 permite s\u0103 controla\u021bi eficient viteza \u0219i puterea motocicletei.<\/p>","protected":false},"excerpt":{"rendered":"<p>Co\u0219ul de ambreiaj este proiectat pentru motoarele pe benzin\u0103 CG-300CC \u0219i este o parte important\u0103 a sistemului de ambreiaj al motocicletei. Aceast\u0103 component\u0103 este responsabil\u0103 pentru transferul cuplului de la motor la transmisie \u0219i, prin urmare, la roata din fa\u021b\u0103 a motocicletei. Ofer\u0103 schimb\u0103ri fluide de vitez\u0103 \u0219i v\u0103 permite s\u0103 controla\u021bi eficient viteza \u0219i&hellip;<\/p>","protected":false},"featured_media":2854,"template":"","meta":[],"product_cat":[64],"product_tag":[],"class_list":{"0":"post-2853","1":"product","2":"type-product","3":"status-publish","4":"has-post-thumbnail","6":"product_cat-piese-auto","8":"first","9":"instock","10":"shipping-taxable","11":"product-type-simple"},"_links":{"self":[{"href":"https:\/\/motovitalex.md\/ru\/wp-json\/wp\/v2\/product\/2853","targetHints":{"allow":["GET"]}}],"collection":[{"href":"https:\/\/motovitalex.md\/ru\/wp-json\/wp\/v2\/product"}],"about":[{"href":"https:\/\/motovitalex.md\/ru\/wp-json\/wp\/v2\/types\/product"}],"version-history":[{"count":1,"href":"https:\/\/motovitalex.md\/ru\/wp-json\/wp\/v2\/product\/2853\/revisions"}],"predecessor-version":[{"id":2855,"href":"https:\/\/motovitalex.md\/ru\/wp-json\/wp\/v2\/product\/2853\/revisions\/2855"}],"wp:featuredmedia":[{"embeddable":true,"href":"https:\/\/motovitalex.md\/ru\/wp-json\/wp\/v2\/media\/2854"}],"wp:attachment":[{"href":"https:\/\/motovitalex.md\/ru\/wp-json\/wp\/v2\/media?parent=2853"}],"wp:term":[{"taxonomy":"product_cat","embeddable":true,"href":"https:\/\/motovitalex.md\/ru\/wp-json\/wp\/v2\/product_cat?post=2853"},{"taxonomy":"product_tag","embeddable":true,"href":"https:\/\/motovitalex.md\/ru\/wp-json\/wp\/v2\/product_tag?post=2853"}],"curies":[{"name":"wp","href":"https:\/\/api.w.org\/{rel}","templated":true}]}}