{"id":2849,"date":"2025-01-13T16:26:06","date_gmt":"2025-01-13T16:26:06","guid":{"rendered":"https:\/\/motovitalex.md\/?post_type=product&#038;p=2849"},"modified":"2025-01-13T16:28:20","modified_gmt":"2025-01-13T16:28:20","slug":"conducta-carburator-pentru-motor-pe-benzina-cg300","status":"publish","type":"product","link":"https:\/\/motovitalex.md\/ru\/product\/conducta-carburator-pentru-motor-pe-benzina-cg300\/","title":{"rendered":"Conducta carburator, pentru motor pe benzina CG300"},"content":{"rendered":"<p>Conducta de carburator pentru motorul pe benzin\u0103 CG300 de pe motocicleta\u00a0 este o parte important\u0103 a sistemului de alimentare cu combustibil, fabricat din materiale de \u00eenalt\u0103 calitate pentru a asigura fiabilitate \u0219i durabilitate.<\/p>\n<p>Aceast\u0103 \u021beav\u0103 asigur\u0103 distribu\u021bia corect\u0103 a combustibilului \u00een carburator, ceea ce optimizeaz\u0103 procesul de amestecare a aerului \u0219i benzinei, asigur\u00e2nd func\u021bionarea lin\u0103 \u0219i eficient\u0103 a motorului. Utilizarea acestui tub de carburator pe motorul CG300 asigura performanta optima a motocicletei, imbun\u0103t\u0103\u021be\u0219te performan\u021ba motorului, asigur\u0103 o livrare stabil\u0103 de combustibil \u0219i promoveaz\u0103 economia de combustibil.<\/p>","protected":false},"excerpt":{"rendered":"<p>Conducta de carburator pentru motorul pe benzin\u0103 CG300 de pe motocicleta\u00a0 este o parte important\u0103 a sistemului de alimentare cu combustibil, fabricat din materiale de \u00eenalt\u0103 calitate pentru a asigura fiabilitate \u0219i durabilitate. Aceast\u0103 \u021beav\u0103 asigur\u0103 distribu\u021bia corect\u0103 a combustibilului \u00een carburator, ceea ce optimizeaz\u0103 procesul de amestecare a aerului \u0219i benzinei, asigur\u00e2nd func\u021bionarea lin\u0103&hellip;<\/p>","protected":false},"featured_media":2850,"template":"","meta":[],"product_cat":[64],"product_tag":[],"class_list":{"0":"post-2849","1":"product","2":"type-product","3":"status-publish","4":"has-post-thumbnail","6":"product_cat-piese-auto","8":"first","9":"instock","10":"shipping-taxable","11":"product-type-simple"},"_links":{"self":[{"href":"https:\/\/motovitalex.md\/ru\/wp-json\/wp\/v2\/product\/2849","targetHints":{"allow":["GET"]}}],"collection":[{"href":"https:\/\/motovitalex.md\/ru\/wp-json\/wp\/v2\/product"}],"about":[{"href":"https:\/\/motovitalex.md\/ru\/wp-json\/wp\/v2\/types\/product"}],"version-history":[{"count":2,"href":"https:\/\/motovitalex.md\/ru\/wp-json\/wp\/v2\/product\/2849\/revisions"}],"predecessor-version":[{"id":2852,"href":"https:\/\/motovitalex.md\/ru\/wp-json\/wp\/v2\/product\/2849\/revisions\/2852"}],"wp:featuredmedia":[{"embeddable":true,"href":"https:\/\/motovitalex.md\/ru\/wp-json\/wp\/v2\/media\/2850"}],"wp:attachment":[{"href":"https:\/\/motovitalex.md\/ru\/wp-json\/wp\/v2\/media?parent=2849"}],"wp:term":[{"taxonomy":"product_cat","embeddable":true,"href":"https:\/\/motovitalex.md\/ru\/wp-json\/wp\/v2\/product_cat?post=2849"},{"taxonomy":"product_tag","embeddable":true,"href":"https:\/\/motovitalex.md\/ru\/wp-json\/wp\/v2\/product_tag?post=2849"}],"curies":[{"name":"wp","href":"https:\/\/api.w.org\/{rel}","templated":true}]}}