{"id":2842,"date":"2025-01-13T16:17:54","date_gmt":"2025-01-13T16:17:54","guid":{"rendered":"https:\/\/motovitalex.md\/?post_type=product&#038;p=2842"},"modified":"2025-01-13T16:17:54","modified_gmt":"2025-01-13T16:17:54","slug":"chiulasa-pentru-motor-pe-benzina-cg300","status":"publish","type":"product","link":"https:\/\/motovitalex.md\/ru\/product\/chiulasa-pentru-motor-pe-benzina-cg300\/","title":{"rendered":"Chiulas\u0103  pentru motor pe benzin\u0103 CG300"},"content":{"rendered":"<p>Chiulasa motocicletei pe benzin\u0103 este o component\u0103 fiabil\u0103, conceput\u0103 pentru a oferi eficien\u021b\u0103 ridicat\u0103 \u0219i performan\u021b\u0103 stabil\u0103 motocicletei dumneavoastr\u0103. Realizat\u0103 din materiale rezistente, aceast\u0103 chiulas\u0103 este proiectat\u0103 special pentru motoarele de 300 cmc, asigur\u00e2nd o potrivire perfect\u0103 cu specifica\u021biile motocicletei. Se recomand\u0103 utilizarea unei chiulase la \u00eenlocuirea componentelor motocicletei uzate sau deteriorate. Acest produs asigur\u0103 arderea optim\u0103 a amestecului combustibil-aer, care la r\u00e2ndul s\u0103u \u00eembun\u0103t\u0103\u021be\u0219te performan\u021ba motorului.<\/p>","protected":false},"excerpt":{"rendered":"<p>Chiulasa motocicletei pe benzin\u0103 este o component\u0103 fiabil\u0103, conceput\u0103 pentru a oferi eficien\u021b\u0103 ridicat\u0103 \u0219i performan\u021b\u0103 stabil\u0103 motocicletei dumneavoastr\u0103. Realizat\u0103 din materiale rezistente, aceast\u0103 chiulas\u0103 este proiectat\u0103 special pentru motoarele de 300 cmc, asigur\u00e2nd o potrivire perfect\u0103 cu specifica\u021biile motocicletei. Se recomand\u0103 utilizarea unei chiulase la \u00eenlocuirea componentelor motocicletei uzate sau deteriorate. Acest produs asigur\u0103&hellip;<\/p>","protected":false},"featured_media":2843,"template":"","meta":[],"product_cat":[64],"product_tag":[],"class_list":{"0":"post-2842","1":"product","2":"type-product","3":"status-publish","4":"has-post-thumbnail","6":"product_cat-piese-auto","8":"first","9":"instock","10":"shipping-taxable","11":"product-type-simple"},"_links":{"self":[{"href":"https:\/\/motovitalex.md\/ru\/wp-json\/wp\/v2\/product\/2842","targetHints":{"allow":["GET"]}}],"collection":[{"href":"https:\/\/motovitalex.md\/ru\/wp-json\/wp\/v2\/product"}],"about":[{"href":"https:\/\/motovitalex.md\/ru\/wp-json\/wp\/v2\/types\/product"}],"version-history":[{"count":1,"href":"https:\/\/motovitalex.md\/ru\/wp-json\/wp\/v2\/product\/2842\/revisions"}],"predecessor-version":[{"id":2844,"href":"https:\/\/motovitalex.md\/ru\/wp-json\/wp\/v2\/product\/2842\/revisions\/2844"}],"wp:featuredmedia":[{"embeddable":true,"href":"https:\/\/motovitalex.md\/ru\/wp-json\/wp\/v2\/media\/2843"}],"wp:attachment":[{"href":"https:\/\/motovitalex.md\/ru\/wp-json\/wp\/v2\/media?parent=2842"}],"wp:term":[{"taxonomy":"product_cat","embeddable":true,"href":"https:\/\/motovitalex.md\/ru\/wp-json\/wp\/v2\/product_cat?post=2842"},{"taxonomy":"product_tag","embeddable":true,"href":"https:\/\/motovitalex.md\/ru\/wp-json\/wp\/v2\/product_tag?post=2842"}],"curies":[{"name":"wp","href":"https:\/\/api.w.org\/{rel}","templated":true}]}}