{"id":2839,"date":"2025-01-13T16:14:58","date_gmt":"2025-01-13T16:14:58","guid":{"rendered":"https:\/\/motovitalex.md\/?post_type=product&#038;p=2839"},"modified":"2025-01-13T16:14:58","modified_gmt":"2025-01-13T16:14:58","slug":"chiulasa-pentru-motor-pe-benzina-cg250","status":"publish","type":"product","link":"https:\/\/motovitalex.md\/ru\/product\/chiulasa-pentru-motor-pe-benzina-cg250\/","title":{"rendered":"Chiulas\u0103 pentru motor pe benzin\u0103 CG250"},"content":{"rendered":"<p>Chiulasa\u00a0 pentru motorul pe benzin\u0103 CG250 este destinat\u0103 instal\u0103rii pe unitatea de putere a unui autovehicul. Este baza pentru elementele de fixare ale sistemului de distribu\u021bie a gazelor. Piesa este realizat\u0103 din aluminiu, ceea ce reduce semnificativ greutatea. Un sistem dezvoltat de aripioare de r\u0103cire cu aer, combinat cu conductivitatea termic\u0103 ridicat\u0103 a materialului, asigur\u0103 \u00eendep\u0103rtarea eficient\u0103 a c\u0103ldurii din blocul cilindrilor. Piesa vine cu buc\u0219e \u0219i scaune de supap\u0103 instalate. Suprafe\u021bele piesei de schimb destinate \u00eemperecherii cu alte elemente sunt prelucrate prin \u0219lefuire pentru o potrivire str\u00e2ns\u0103. Piesele de \u00eenalt\u0103 calitate vor asigura o instalare u\u0219oar\u0103 \u0219i o durat\u0103 lung\u0103 de via\u021b\u0103.<\/p>","protected":false},"excerpt":{"rendered":"<p>Chiulasa\u00a0 pentru motorul pe benzin\u0103 CG250 este destinat\u0103 instal\u0103rii pe unitatea de putere a unui autovehicul. Este baza pentru elementele de fixare ale sistemului de distribu\u021bie a gazelor. Piesa este realizat\u0103 din aluminiu, ceea ce reduce semnificativ greutatea. Un sistem dezvoltat de aripioare de r\u0103cire cu aer, combinat cu conductivitatea termic\u0103 ridicat\u0103 a materialului, asigur\u0103&hellip;<\/p>","protected":false},"featured_media":2840,"template":"","meta":[],"product_cat":[64],"product_tag":[],"class_list":{"0":"post-2839","1":"product","2":"type-product","3":"status-publish","4":"has-post-thumbnail","6":"product_cat-piese-auto","8":"first","9":"instock","10":"shipping-taxable","11":"product-type-simple"},"_links":{"self":[{"href":"https:\/\/motovitalex.md\/ru\/wp-json\/wp\/v2\/product\/2839","targetHints":{"allow":["GET"]}}],"collection":[{"href":"https:\/\/motovitalex.md\/ru\/wp-json\/wp\/v2\/product"}],"about":[{"href":"https:\/\/motovitalex.md\/ru\/wp-json\/wp\/v2\/types\/product"}],"version-history":[{"count":1,"href":"https:\/\/motovitalex.md\/ru\/wp-json\/wp\/v2\/product\/2839\/revisions"}],"predecessor-version":[{"id":2841,"href":"https:\/\/motovitalex.md\/ru\/wp-json\/wp\/v2\/product\/2839\/revisions\/2841"}],"wp:featuredmedia":[{"embeddable":true,"href":"https:\/\/motovitalex.md\/ru\/wp-json\/wp\/v2\/media\/2840"}],"wp:attachment":[{"href":"https:\/\/motovitalex.md\/ru\/wp-json\/wp\/v2\/media?parent=2839"}],"wp:term":[{"taxonomy":"product_cat","embeddable":true,"href":"https:\/\/motovitalex.md\/ru\/wp-json\/wp\/v2\/product_cat?post=2839"},{"taxonomy":"product_tag","embeddable":true,"href":"https:\/\/motovitalex.md\/ru\/wp-json\/wp\/v2\/product_tag?post=2839"}],"curies":[{"name":"wp","href":"https:\/\/api.w.org\/{rel}","templated":true}]}}