{"id":2836,"date":"2025-01-13T16:12:44","date_gmt":"2025-01-13T16:12:44","guid":{"rendered":"https:\/\/motovitalex.md\/?post_type=product&#038;p=2836"},"modified":"2025-01-13T16:12:44","modified_gmt":"2025-01-13T16:12:44","slug":"carter-stanga-pentru-motor-pe-benzina-cg300","status":"publish","type":"product","link":"https:\/\/motovitalex.md\/ru\/product\/carter-stanga-pentru-motor-pe-benzina-cg300\/","title":{"rendered":"Carter st\u00e2nga, pentru motor pe benzin\u0103 CG300"},"content":{"rendered":"<p>Carterul st\u00e2ng pentru motorul pe benzin\u0103 CG300 face parte din carcasa unit\u0103\u021bii de alimentare, servind drept suport pentru toate componentele motorului.<\/p>\n<p>Piesa este realizat\u0103 din aluminiu folosind turnare de precizie. Greutatea specific\u0103 sc\u0103zut\u0103 a materialului \u0219i ductilitatea ridicat\u0103 au un efect pozitiv asupra greut\u0103\u021bii generale \u0219i a fiabilit\u0103\u021bii produsului. Pentru a oferi un aspect estetic, suprafa\u021ba exterioar\u0103 a piesei este acoperit\u0103 cu un strat de email. Datorit\u0103 num\u0103rului mare de rigidiz\u0103ri din interior, carterul este capabil s\u0103 reziste la sarcini dinamice semnificative care apar \u00een timpul func\u021bion\u0103rii motorului. Punctele de montare a arborelui, g\u0103urile de montare a rulmen\u021bilor \u0219i alte elemente de fixare au suferit prelucrari suplimentare pentru a asigura acurate\u021bea parametrilor geometrici.<\/p>","protected":false},"excerpt":{"rendered":"<p>Carterul st\u00e2ng pentru motorul pe benzin\u0103 CG300 face parte din carcasa unit\u0103\u021bii de alimentare, servind drept suport pentru toate componentele motorului. Piesa este realizat\u0103 din aluminiu folosind turnare de precizie. Greutatea specific\u0103 sc\u0103zut\u0103 a materialului \u0219i ductilitatea ridicat\u0103 au un efect pozitiv asupra greut\u0103\u021bii generale \u0219i a fiabilit\u0103\u021bii produsului. Pentru a oferi un aspect estetic,&hellip;<\/p>","protected":false},"featured_media":2837,"template":"","meta":[],"product_cat":[64],"product_tag":[],"class_list":{"0":"post-2836","1":"product","2":"type-product","3":"status-publish","4":"has-post-thumbnail","6":"product_cat-piese-auto","8":"first","9":"instock","10":"shipping-taxable","11":"product-type-simple"},"_links":{"self":[{"href":"https:\/\/motovitalex.md\/ru\/wp-json\/wp\/v2\/product\/2836","targetHints":{"allow":["GET"]}}],"collection":[{"href":"https:\/\/motovitalex.md\/ru\/wp-json\/wp\/v2\/product"}],"about":[{"href":"https:\/\/motovitalex.md\/ru\/wp-json\/wp\/v2\/types\/product"}],"version-history":[{"count":1,"href":"https:\/\/motovitalex.md\/ru\/wp-json\/wp\/v2\/product\/2836\/revisions"}],"predecessor-version":[{"id":2838,"href":"https:\/\/motovitalex.md\/ru\/wp-json\/wp\/v2\/product\/2836\/revisions\/2838"}],"wp:featuredmedia":[{"embeddable":true,"href":"https:\/\/motovitalex.md\/ru\/wp-json\/wp\/v2\/media\/2837"}],"wp:attachment":[{"href":"https:\/\/motovitalex.md\/ru\/wp-json\/wp\/v2\/media?parent=2836"}],"wp:term":[{"taxonomy":"product_cat","embeddable":true,"href":"https:\/\/motovitalex.md\/ru\/wp-json\/wp\/v2\/product_cat?post=2836"},{"taxonomy":"product_tag","embeddable":true,"href":"https:\/\/motovitalex.md\/ru\/wp-json\/wp\/v2\/product_tag?post=2836"}],"curies":[{"name":"wp","href":"https:\/\/api.w.org\/{rel}","templated":true}]}}