{"id":2833,"date":"2025-01-13T16:10:01","date_gmt":"2025-01-13T16:10:01","guid":{"rendered":"https:\/\/motovitalex.md\/?post_type=product&#038;p=2833"},"modified":"2025-01-13T16:10:01","modified_gmt":"2025-01-13T16:10:01","slug":"carter-stanga-pentru-motor-pe-benzina-cg250","status":"publish","type":"product","link":"https:\/\/motovitalex.md\/ru\/product\/carter-stanga-pentru-motor-pe-benzina-cg250\/","title":{"rendered":"Carter st\u00e2nga, pentru motor pe benzin\u0103 CG250"},"content":{"rendered":"<p>Carterul st\u00e2ng\u00a0 pentru motorul pe benzin\u0103 CG250 este elementul principal al carcasei motorului. Piesa din aluminiu se caracterizeaz\u0103 prin rezisten\u021b\u0103 ridicat\u0103 la coroziune, greutate redus\u0103 \u0219i fabrica\u021bie de precizie.<\/p>\n<p><strong> Piesa de schimb \u00eendepline\u0219te mai multe func\u021bii:<\/strong><\/p>\n<p>\u2022 Ofer\u0103 protec\u021bie componentelor principale ale motorului \u00eempotriva deterior\u0103rii.<\/p>\n<p>\u2022 Serve\u0219te ca suport pentru arborele cotit, chiulasa \u0219i alte componente ale motorului.<\/p>\n<p>\u2022 Con\u021bine o baie de ulei \u00een care circul\u0103 uleiul de motor.<\/p>\n<p>Datorit\u0103 formei speciale de turnare, piesa se caracterizeaz\u0103 prin rigiditate structural\u0103 \u0219i rezisten\u021b\u0103 la sarcini mecanice. Alezajele sunt prelucrate pentru o precizie \u00eembun\u0103t\u0103\u021bit\u0103 a performan\u021bei.<\/p>","protected":false},"excerpt":{"rendered":"<p>Carterul st\u00e2ng\u00a0 pentru motorul pe benzin\u0103 CG250 este elementul principal al carcasei motorului. Piesa din aluminiu se caracterizeaz\u0103 prin rezisten\u021b\u0103 ridicat\u0103 la coroziune, greutate redus\u0103 \u0219i fabrica\u021bie de precizie. Piesa de schimb \u00eendepline\u0219te mai multe func\u021bii: \u2022 Ofer\u0103 protec\u021bie componentelor principale ale motorului \u00eempotriva deterior\u0103rii. \u2022 Serve\u0219te ca suport pentru arborele cotit, chiulasa \u0219i alte&hellip;<\/p>","protected":false},"featured_media":2834,"template":"","meta":[],"product_cat":[64],"product_tag":[],"class_list":{"0":"post-2833","1":"product","2":"type-product","3":"status-publish","4":"has-post-thumbnail","6":"product_cat-piese-auto","8":"first","9":"instock","10":"shipping-taxable","11":"product-type-simple"},"_links":{"self":[{"href":"https:\/\/motovitalex.md\/ru\/wp-json\/wp\/v2\/product\/2833","targetHints":{"allow":["GET"]}}],"collection":[{"href":"https:\/\/motovitalex.md\/ru\/wp-json\/wp\/v2\/product"}],"about":[{"href":"https:\/\/motovitalex.md\/ru\/wp-json\/wp\/v2\/types\/product"}],"version-history":[{"count":1,"href":"https:\/\/motovitalex.md\/ru\/wp-json\/wp\/v2\/product\/2833\/revisions"}],"predecessor-version":[{"id":2835,"href":"https:\/\/motovitalex.md\/ru\/wp-json\/wp\/v2\/product\/2833\/revisions\/2835"}],"wp:featuredmedia":[{"embeddable":true,"href":"https:\/\/motovitalex.md\/ru\/wp-json\/wp\/v2\/media\/2834"}],"wp:attachment":[{"href":"https:\/\/motovitalex.md\/ru\/wp-json\/wp\/v2\/media?parent=2833"}],"wp:term":[{"taxonomy":"product_cat","embeddable":true,"href":"https:\/\/motovitalex.md\/ru\/wp-json\/wp\/v2\/product_cat?post=2833"},{"taxonomy":"product_tag","embeddable":true,"href":"https:\/\/motovitalex.md\/ru\/wp-json\/wp\/v2\/product_tag?post=2833"}],"curies":[{"name":"wp","href":"https:\/\/api.w.org\/{rel}","templated":true}]}}