{"id":2830,"date":"2025-01-13T16:07:36","date_gmt":"2025-01-13T16:07:36","guid":{"rendered":"https:\/\/motovitalex.md\/?post_type=product&#038;p=2830"},"modified":"2025-01-13T16:07:36","modified_gmt":"2025-01-13T16:07:36","slug":"carter-stanga-pentru-motor-pe-benzina-cg-300cc","status":"publish","type":"product","link":"https:\/\/motovitalex.md\/ru\/product\/carter-stanga-pentru-motor-pe-benzina-cg-300cc\/","title":{"rendered":"Carter st\u00e2nga, pentru motor pe benzin\u0103 CG-300CC"},"content":{"rendered":"<p>Carterul st\u00e2nga motocicletei este o component\u0103 de \u00eenalt\u0103 calitate special conceput\u0103 pentru motoarele pe benzin\u0103 CG-300CC. Fabricat din materiale rezistente, acest carter ofera protectie fiabila mecanismelor interne ale motocicletei, mentinandu-le performantele la cel mai inalt nivel. Utilizarea acestui carter st\u00e2ng\u00a0 este deosebit de important\u0103 pentru motocicletele echipate cu un motor pe benzin\u0103 de 300 cc. Ofer\u0103 o r\u0103cire eficient\u0103 a motorului, previne scurgerile de ulei \u0219i men\u021bine temperatura optim\u0103 \u00een interiorul motorului. Datorit\u0103 designului s\u0103u robust, carterul st\u00e2ng\u00a0 este durabil \u0219i fiabil \u00een utilizarea de zi cu zi.<\/p>","protected":false},"excerpt":{"rendered":"<p>Carterul st\u00e2nga motocicletei este o component\u0103 de \u00eenalt\u0103 calitate special conceput\u0103 pentru motoarele pe benzin\u0103 CG-300CC. Fabricat din materiale rezistente, acest carter ofera protectie fiabila mecanismelor interne ale motocicletei, mentinandu-le performantele la cel mai inalt nivel. Utilizarea acestui carter st\u00e2ng\u00a0 este deosebit de important\u0103 pentru motocicletele echipate cu un motor pe benzin\u0103 de 300 cc.&hellip;<\/p>","protected":false},"featured_media":2831,"template":"","meta":[],"product_cat":[64],"product_tag":[],"class_list":{"0":"post-2830","1":"product","2":"type-product","3":"status-publish","4":"has-post-thumbnail","6":"product_cat-piese-auto","8":"first","9":"instock","10":"shipping-taxable","11":"product-type-simple"},"_links":{"self":[{"href":"https:\/\/motovitalex.md\/ru\/wp-json\/wp\/v2\/product\/2830","targetHints":{"allow":["GET"]}}],"collection":[{"href":"https:\/\/motovitalex.md\/ru\/wp-json\/wp\/v2\/product"}],"about":[{"href":"https:\/\/motovitalex.md\/ru\/wp-json\/wp\/v2\/types\/product"}],"version-history":[{"count":1,"href":"https:\/\/motovitalex.md\/ru\/wp-json\/wp\/v2\/product\/2830\/revisions"}],"predecessor-version":[{"id":2832,"href":"https:\/\/motovitalex.md\/ru\/wp-json\/wp\/v2\/product\/2830\/revisions\/2832"}],"wp:featuredmedia":[{"embeddable":true,"href":"https:\/\/motovitalex.md\/ru\/wp-json\/wp\/v2\/media\/2831"}],"wp:attachment":[{"href":"https:\/\/motovitalex.md\/ru\/wp-json\/wp\/v2\/media?parent=2830"}],"wp:term":[{"taxonomy":"product_cat","embeddable":true,"href":"https:\/\/motovitalex.md\/ru\/wp-json\/wp\/v2\/product_cat?post=2830"},{"taxonomy":"product_tag","embeddable":true,"href":"https:\/\/motovitalex.md\/ru\/wp-json\/wp\/v2\/product_tag?post=2830"}],"curies":[{"name":"wp","href":"https:\/\/api.w.org\/{rel}","templated":true}]}}