{"id":2827,"date":"2025-01-13T16:03:56","date_gmt":"2025-01-13T16:03:56","guid":{"rendered":"https:\/\/motovitalex.md\/?post_type=product&#038;p=2827"},"modified":"2025-01-13T16:03:56","modified_gmt":"2025-01-13T16:03:56","slug":"carter-dreapta-pentru-motor-pe-benzina-cg300","status":"publish","type":"product","link":"https:\/\/motovitalex.md\/ru\/product\/carter-dreapta-pentru-motor-pe-benzina-cg300\/","title":{"rendered":"Carter dreapta, pentru motor pe benzin\u0103 CG300"},"content":{"rendered":"<p>Carterul dreapta\u00a0 pentru motorul pe benzin\u0103 CG300 este o parte a unit\u0103\u021bii de putere destinat\u0103 instal\u0103rii pe motociclete. Piesa de schimb este confectionata din aluminiu, ceea ce asigura piesei usor, rezistenta\u00a0 la coroziune. Suprafa\u021ba exterioar\u0103 este acoperit\u0103 cu un strat de vopsea, care confer\u0103 un aspect elegant. Punctele de montare ale arborilor \u0219i osiilor sunt \u00eent\u0103rite suplimentar cu nervuri de rigidizare. Aceast\u0103 solu\u021bie face posibil\u0103 ob\u021binerea unei fiabilit\u0103\u021bi mecanice ridicate f\u0103r\u0103 a cre\u0219te masa total\u0103 a piesei. Suprafe\u021bele de contact cu unit\u0103\u021bile de \u00eemperechere au trecut printr-o etap\u0103 de \u0219lefuire, care asigur\u0103 parametri geometrici precisi. Calitatea excelent\u0103 a piesei asigur\u0103 u\u0219urin\u021ba de asamblare \u0219i o durat\u0103 lung\u0103 de via\u021b\u0103.<\/p>","protected":false},"excerpt":{"rendered":"<p>Carterul dreapta\u00a0 pentru motorul pe benzin\u0103 CG300 este o parte a unit\u0103\u021bii de putere destinat\u0103 instal\u0103rii pe motociclete. Piesa de schimb este confectionata din aluminiu, ceea ce asigura piesei usor, rezistenta\u00a0 la coroziune. Suprafa\u021ba exterioar\u0103 este acoperit\u0103 cu un strat de vopsea, care confer\u0103 un aspect elegant. Punctele de montare ale arborilor \u0219i osiilor sunt&hellip;<\/p>","protected":false},"featured_media":2828,"template":"","meta":[],"product_cat":[64],"product_tag":[],"class_list":{"0":"post-2827","1":"product","2":"type-product","3":"status-publish","4":"has-post-thumbnail","6":"product_cat-piese-auto","8":"first","9":"instock","10":"shipping-taxable","11":"product-type-simple"},"_links":{"self":[{"href":"https:\/\/motovitalex.md\/ru\/wp-json\/wp\/v2\/product\/2827","targetHints":{"allow":["GET"]}}],"collection":[{"href":"https:\/\/motovitalex.md\/ru\/wp-json\/wp\/v2\/product"}],"about":[{"href":"https:\/\/motovitalex.md\/ru\/wp-json\/wp\/v2\/types\/product"}],"version-history":[{"count":1,"href":"https:\/\/motovitalex.md\/ru\/wp-json\/wp\/v2\/product\/2827\/revisions"}],"predecessor-version":[{"id":2829,"href":"https:\/\/motovitalex.md\/ru\/wp-json\/wp\/v2\/product\/2827\/revisions\/2829"}],"wp:featuredmedia":[{"embeddable":true,"href":"https:\/\/motovitalex.md\/ru\/wp-json\/wp\/v2\/media\/2828"}],"wp:attachment":[{"href":"https:\/\/motovitalex.md\/ru\/wp-json\/wp\/v2\/media?parent=2827"}],"wp:term":[{"taxonomy":"product_cat","embeddable":true,"href":"https:\/\/motovitalex.md\/ru\/wp-json\/wp\/v2\/product_cat?post=2827"},{"taxonomy":"product_tag","embeddable":true,"href":"https:\/\/motovitalex.md\/ru\/wp-json\/wp\/v2\/product_tag?post=2827"}],"curies":[{"name":"wp","href":"https:\/\/api.w.org\/{rel}","templated":true}]}}