{"id":2824,"date":"2025-01-13T16:00:53","date_gmt":"2025-01-13T16:00:53","guid":{"rendered":"https:\/\/motovitalex.md\/?post_type=product&#038;p=2824"},"modified":"2025-01-13T16:00:53","modified_gmt":"2025-01-13T16:00:53","slug":"carter-dreapta-pentru-motor-pe-benzina-cg-300cc","status":"publish","type":"product","link":"https:\/\/motovitalex.md\/ru\/product\/carter-dreapta-pentru-motor-pe-benzina-cg-300cc\/","title":{"rendered":"Carter dreapta, pentru motor pe benzin\u0103 CG-300CC"},"content":{"rendered":"<p>Carterul dreapta este o component\u0103 important\u0103 pentru motorul pe benzin\u0103 CG-300CC folosit la motociclete. Acest carter este fabricat cu precizie \u0219i \u00eendepline\u0219te standarde stricte de calitate pentru a asigura performan\u021be fiabile ale motorului.<\/p>\n<p>Aplicarea carterului dreapta este integrarea acestuia in motocicletele cu motor pe benzina CG-300CC unde joaca un rol cheie in asigurarea functionarii corecte a motorului. Carterul face parte din sistemul de ungere \u0219i r\u0103cire, protej\u00e2nd piesele interne ale motorului de uzur\u0103 \u0219i supra\u00eenc\u0103lzire.<\/p>\n<p>Aceast\u0103 component\u0103 este esen\u021bial\u0103 pentru longevitatea \u0219i performan\u021ba motocicletei dumneavoastr\u0103, deoarece ajut\u0103 la men\u021binerea condi\u021biilor optime de func\u021bionare a motorului, prevenind uzura \u0219i deteriorarea care poate ap\u0103rea ca urmare a frec\u0103rii \u0219i supra\u00eenc\u0103lzirii.<\/p>","protected":false},"excerpt":{"rendered":"<p>Carterul dreapta este o component\u0103 important\u0103 pentru motorul pe benzin\u0103 CG-300CC folosit la motociclete. Acest carter este fabricat cu precizie \u0219i \u00eendepline\u0219te standarde stricte de calitate pentru a asigura performan\u021be fiabile ale motorului. Aplicarea carterului dreapta este integrarea acestuia in motocicletele cu motor pe benzina CG-300CC unde joaca un rol cheie in asigurarea functionarii corecte&hellip;<\/p>","protected":false},"featured_media":2825,"template":"","meta":[],"product_cat":[64],"product_tag":[],"class_list":{"0":"post-2824","1":"product","2":"type-product","3":"status-publish","4":"has-post-thumbnail","6":"product_cat-piese-auto","8":"first","9":"instock","10":"shipping-taxable","11":"product-type-simple"},"_links":{"self":[{"href":"https:\/\/motovitalex.md\/ru\/wp-json\/wp\/v2\/product\/2824","targetHints":{"allow":["GET"]}}],"collection":[{"href":"https:\/\/motovitalex.md\/ru\/wp-json\/wp\/v2\/product"}],"about":[{"href":"https:\/\/motovitalex.md\/ru\/wp-json\/wp\/v2\/types\/product"}],"version-history":[{"count":1,"href":"https:\/\/motovitalex.md\/ru\/wp-json\/wp\/v2\/product\/2824\/revisions"}],"predecessor-version":[{"id":2826,"href":"https:\/\/motovitalex.md\/ru\/wp-json\/wp\/v2\/product\/2824\/revisions\/2826"}],"wp:featuredmedia":[{"embeddable":true,"href":"https:\/\/motovitalex.md\/ru\/wp-json\/wp\/v2\/media\/2825"}],"wp:attachment":[{"href":"https:\/\/motovitalex.md\/ru\/wp-json\/wp\/v2\/media?parent=2824"}],"wp:term":[{"taxonomy":"product_cat","embeddable":true,"href":"https:\/\/motovitalex.md\/ru\/wp-json\/wp\/v2\/product_cat?post=2824"},{"taxonomy":"product_tag","embeddable":true,"href":"https:\/\/motovitalex.md\/ru\/wp-json\/wp\/v2\/product_tag?post=2824"}],"curies":[{"name":"wp","href":"https:\/\/api.w.org\/{rel}","templated":true}]}}