{"id":2818,"date":"2025-01-13T15:56:09","date_gmt":"2025-01-13T15:56:09","guid":{"rendered":"https:\/\/motovitalex.md\/?post_type=product&#038;p=2818"},"modified":"2025-01-13T15:56:09","modified_gmt":"2025-01-13T15:56:09","slug":"capac-motor-stanga-pentru-motor-pe-benzina-cg300","status":"publish","type":"product","link":"https:\/\/motovitalex.md\/ru\/product\/capac-motor-stanga-pentru-motor-pe-benzina-cg300\/","title":{"rendered":"Capac motor st\u00e2nga, pentru motor pe benzin\u0103 CG300"},"content":{"rendered":"<p>Capacul motor st\u00e2nga este proiectat special pentru motorul pe benzin\u0103 CG300 din motociclet\u0103. Protejeaz\u0103 componentele interne ale motorului de praf, murd\u0103rie \u0219i alte influen\u021be externe, men\u021bin\u00e2ndu-i func\u021bionalitatea \u0219i eficien\u021ba. Aceast\u0103 component\u0103 este o parte important\u0103 a motorului, oferind o acoperire fiabil\u0103 pentru partea st\u00e2ng\u0103 a motorului.<\/p>\n<p>Husa\u00a0 se distinge prin materiale \u0219i manoper\u0103 de \u00eenalt\u0103 calitate, care asigur\u0103 durabilitate \u0219i fiabilitate \u00een func\u021bionare. Se fixeaz\u0103 cu u\u0219urin\u021b\u0103 \u00een pozi\u021bie, oferind o conexiune puternic\u0103 \u0219i o etan\u0219are etan\u0219\u0103 la motor. Acest produs este o parte integrant\u0103 a \u00eentre\u021binerii motocicletelor, asigur\u00e2nd func\u021bionarea f\u0103r\u0103 probleme \u0219i protec\u021bia \u00eempotriva factorilor externi.<\/p>","protected":false},"excerpt":{"rendered":"<p>Capacul motor st\u00e2nga este proiectat special pentru motorul pe benzin\u0103 CG300 din motociclet\u0103. Protejeaz\u0103 componentele interne ale motorului de praf, murd\u0103rie \u0219i alte influen\u021be externe, men\u021bin\u00e2ndu-i func\u021bionalitatea \u0219i eficien\u021ba. Aceast\u0103 component\u0103 este o parte important\u0103 a motorului, oferind o acoperire fiabil\u0103 pentru partea st\u00e2ng\u0103 a motorului. Husa\u00a0 se distinge prin materiale \u0219i manoper\u0103 de \u00eenalt\u0103&hellip;<\/p>","protected":false},"featured_media":2819,"template":"","meta":[],"product_cat":[64],"product_tag":[],"class_list":{"0":"post-2818","1":"product","2":"type-product","3":"status-publish","4":"has-post-thumbnail","6":"product_cat-piese-auto","8":"first","9":"instock","10":"shipping-taxable","11":"product-type-simple"},"_links":{"self":[{"href":"https:\/\/motovitalex.md\/ru\/wp-json\/wp\/v2\/product\/2818","targetHints":{"allow":["GET"]}}],"collection":[{"href":"https:\/\/motovitalex.md\/ru\/wp-json\/wp\/v2\/product"}],"about":[{"href":"https:\/\/motovitalex.md\/ru\/wp-json\/wp\/v2\/types\/product"}],"version-history":[{"count":1,"href":"https:\/\/motovitalex.md\/ru\/wp-json\/wp\/v2\/product\/2818\/revisions"}],"predecessor-version":[{"id":2820,"href":"https:\/\/motovitalex.md\/ru\/wp-json\/wp\/v2\/product\/2818\/revisions\/2820"}],"wp:featuredmedia":[{"embeddable":true,"href":"https:\/\/motovitalex.md\/ru\/wp-json\/wp\/v2\/media\/2819"}],"wp:attachment":[{"href":"https:\/\/motovitalex.md\/ru\/wp-json\/wp\/v2\/media?parent=2818"}],"wp:term":[{"taxonomy":"product_cat","embeddable":true,"href":"https:\/\/motovitalex.md\/ru\/wp-json\/wp\/v2\/product_cat?post=2818"},{"taxonomy":"product_tag","embeddable":true,"href":"https:\/\/motovitalex.md\/ru\/wp-json\/wp\/v2\/product_tag?post=2818"}],"curies":[{"name":"wp","href":"https:\/\/api.w.org\/{rel}","templated":true}]}}