{"id":2812,"date":"2025-01-13T15:52:02","date_gmt":"2025-01-13T15:52:02","guid":{"rendered":"https:\/\/motovitalex.md\/?post_type=product&#038;p=2812"},"modified":"2025-01-13T15:52:02","modified_gmt":"2025-01-13T15:52:02","slug":"capac-motor-dreapta-pentru-motor-pe-benzina-cg300","status":"publish","type":"product","link":"https:\/\/motovitalex.md\/ru\/product\/capac-motor-dreapta-pentru-motor-pe-benzina-cg300\/","title":{"rendered":"Capac motor dreapta, pentru motor pe benzina CG300"},"content":{"rendered":"<p>Capacul dreapta\u00a0 pentru motorul pe benzin\u0103 CG300 este un element cheie conceput pentru a acoperi \u0219i proteja partea dreapt\u0103 a motorului CG300. Func\u021bionalitatea sa este de a oferi protec\u021bie fiabil\u0103 componentelor interne ale motorului \u00eempotriva influen\u021belor negative ale mediului, cum ar fi praful, murd\u0103ria \u0219i umiditatea, care la r\u00e2ndul lor ajut\u0103 la men\u021binerea performan\u021bei optime a motorului. Acest capac al motorului din dreapta este o component\u0103 integral\u0103 care asigur\u0103 func\u021bionarea fiabil\u0103 a motorului pe benzin\u0103 CG300 \u00eentr-o varietate de condi\u021bii de func\u021bionare. Este important de re\u021binut c\u0103 un capac intact \u0219i func\u021bional joac\u0103 un rol critic \u00een prelungirea duratei de via\u021b\u0103 a motorului \u0219i men\u021binerea eficien\u021bei motorului. Dac\u0103 capacul este deteriorat \u0219i nu este \u00eenlocuit, poate permite elemente d\u0103un\u0103toare s\u0103 p\u0103trund\u0103 \u00een motor, ceea ce, la r\u00e2ndul s\u0103u, poate reduce performan\u021ba motorului, poate cauza uzura pieselor \u0219i poate afecta fiabilitatea general\u0103 a motorului CG300. \u00cenlocuirea \u0219i \u00eentre\u021binerea regulat\u0103 a capacului sunt pa\u0219i importan\u021bi pentru a v\u0103 men\u021bine motorul \u00een stare optim\u0103 \u0219i pentru a preveni eventualele deterior\u0103ri.<\/p>","protected":false},"excerpt":{"rendered":"<p>Capacul dreapta\u00a0 pentru motorul pe benzin\u0103 CG300 este un element cheie conceput pentru a acoperi \u0219i proteja partea dreapt\u0103 a motorului CG300. Func\u021bionalitatea sa este de a oferi protec\u021bie fiabil\u0103 componentelor interne ale motorului \u00eempotriva influen\u021belor negative ale mediului, cum ar fi praful, murd\u0103ria \u0219i umiditatea, care la r\u00e2ndul lor ajut\u0103 la men\u021binerea performan\u021bei optime&hellip;<\/p>","protected":false},"featured_media":2813,"template":"","meta":[],"product_cat":[64],"product_tag":[],"class_list":{"0":"post-2812","1":"product","2":"type-product","3":"status-publish","4":"has-post-thumbnail","6":"product_cat-piese-auto","8":"first","9":"instock","10":"shipping-taxable","11":"product-type-simple"},"_links":{"self":[{"href":"https:\/\/motovitalex.md\/ru\/wp-json\/wp\/v2\/product\/2812","targetHints":{"allow":["GET"]}}],"collection":[{"href":"https:\/\/motovitalex.md\/ru\/wp-json\/wp\/v2\/product"}],"about":[{"href":"https:\/\/motovitalex.md\/ru\/wp-json\/wp\/v2\/types\/product"}],"version-history":[{"count":1,"href":"https:\/\/motovitalex.md\/ru\/wp-json\/wp\/v2\/product\/2812\/revisions"}],"predecessor-version":[{"id":2814,"href":"https:\/\/motovitalex.md\/ru\/wp-json\/wp\/v2\/product\/2812\/revisions\/2814"}],"wp:featuredmedia":[{"embeddable":true,"href":"https:\/\/motovitalex.md\/ru\/wp-json\/wp\/v2\/media\/2813"}],"wp:attachment":[{"href":"https:\/\/motovitalex.md\/ru\/wp-json\/wp\/v2\/media?parent=2812"}],"wp:term":[{"taxonomy":"product_cat","embeddable":true,"href":"https:\/\/motovitalex.md\/ru\/wp-json\/wp\/v2\/product_cat?post=2812"},{"taxonomy":"product_tag","embeddable":true,"href":"https:\/\/motovitalex.md\/ru\/wp-json\/wp\/v2\/product_tag?post=2812"}],"curies":[{"name":"wp","href":"https:\/\/api.w.org\/{rel}","templated":true}]}}