{"id":2806,"date":"2025-01-13T15:46:44","date_gmt":"2025-01-13T15:46:44","guid":{"rendered":"https:\/\/motovitalex.md\/?post_type=product&#038;p=2806"},"modified":"2025-01-13T15:46:44","modified_gmt":"2025-01-13T15:46:44","slug":"brat-pentru-motor-pe-benzina-cg300","status":"publish","type":"product","link":"https:\/\/motovitalex.md\/ru\/product\/brat-pentru-motor-pe-benzina-cg300\/","title":{"rendered":"Bra\u021b  pentru motor pe benzin\u0103 CG300"},"content":{"rendered":"<p>Bara de motor pe benzin\u0103\u00a0 CG300 ,este un dispozitiv de \u00eenalt\u0103 calitate conceput pentru a optimiza performan\u021ba motocicletei. Acest bra\u021b este conceput pentru a fi utilizat cu motorul CG300, oferind o func\u021bionare fiabil\u0103 \u0219i eficient\u0103. Utilizarea acestei bare pe o motociclet\u0103 cu motor pe benzin\u0103 CG300 va \u00eembun\u0103t\u0103\u021bi multe aspecte ale performan\u021bei motocicletei. Acesta asigur\u0103 un transfer stabil de putere de la motor la alte sisteme, rezult\u00e2nd un consum mai eficient de combustibil \u0219i o performan\u021b\u0103 general\u0103 \u00eembun\u0103t\u0103\u021bit\u0103.<\/p>\n<p>Bara\u00a0 contribuie, de asemenea, la o manevrare mai lin\u0103 a motocicletei prin reducerea vibra\u021biilor \u0219i oferind stabilitate atunci c\u00e2nd circula\u021bi la viteze mari. Acest lucru \u00eel face o alegere excelent\u0103 pentru cei care apreciaz\u0103 confortul \u0219i siguran\u021ba \u00een timpul c\u0103l\u0103toriilor<\/p>","protected":false},"excerpt":{"rendered":"<p>Bara de motor pe benzin\u0103\u00a0 CG300 ,este un dispozitiv de \u00eenalt\u0103 calitate conceput pentru a optimiza performan\u021ba motocicletei. Acest bra\u021b este conceput pentru a fi utilizat cu motorul CG300, oferind o func\u021bionare fiabil\u0103 \u0219i eficient\u0103. Utilizarea acestei bare pe o motociclet\u0103 cu motor pe benzin\u0103 CG300 va \u00eembun\u0103t\u0103\u021bi multe aspecte ale performan\u021bei motocicletei. Acesta asigur\u0103&hellip;<\/p>","protected":false},"featured_media":2807,"template":"","meta":[],"product_cat":[64],"product_tag":[],"class_list":{"0":"post-2806","1":"product","2":"type-product","3":"status-publish","4":"has-post-thumbnail","6":"product_cat-piese-auto","8":"first","9":"instock","10":"shipping-taxable","11":"product-type-simple"},"_links":{"self":[{"href":"https:\/\/motovitalex.md\/ru\/wp-json\/wp\/v2\/product\/2806","targetHints":{"allow":["GET"]}}],"collection":[{"href":"https:\/\/motovitalex.md\/ru\/wp-json\/wp\/v2\/product"}],"about":[{"href":"https:\/\/motovitalex.md\/ru\/wp-json\/wp\/v2\/types\/product"}],"version-history":[{"count":1,"href":"https:\/\/motovitalex.md\/ru\/wp-json\/wp\/v2\/product\/2806\/revisions"}],"predecessor-version":[{"id":2808,"href":"https:\/\/motovitalex.md\/ru\/wp-json\/wp\/v2\/product\/2806\/revisions\/2808"}],"wp:featuredmedia":[{"embeddable":true,"href":"https:\/\/motovitalex.md\/ru\/wp-json\/wp\/v2\/media\/2807"}],"wp:attachment":[{"href":"https:\/\/motovitalex.md\/ru\/wp-json\/wp\/v2\/media?parent=2806"}],"wp:term":[{"taxonomy":"product_cat","embeddable":true,"href":"https:\/\/motovitalex.md\/ru\/wp-json\/wp\/v2\/product_cat?post=2806"},{"taxonomy":"product_tag","embeddable":true,"href":"https:\/\/motovitalex.md\/ru\/wp-json\/wp\/v2\/product_tag?post=2806"}],"curies":[{"name":"wp","href":"https:\/\/api.w.org\/{rel}","templated":true}]}}