{"id":2803,"date":"2025-01-13T15:42:52","date_gmt":"2025-01-13T15:42:52","guid":{"rendered":"https:\/\/motovitalex.md\/?post_type=product&#038;p=2803"},"modified":"2025-01-13T15:42:52","modified_gmt":"2025-01-13T15:42:52","slug":"arborele-schimbatorului-de-viteze-pentru-motorul-pe-benzina-cg-300cc","status":"publish","type":"product","link":"https:\/\/motovitalex.md\/ru\/product\/arborele-schimbatorului-de-viteze-pentru-motorul-pe-benzina-cg-300cc\/","title":{"rendered":"Arborele schimb\u0103torului de viteze, pentru motorul pe benzin\u0103 CG-300CC"},"content":{"rendered":"<p>Arborele de schimbare pentru motorul pe benzin\u0103 CG-300CC este o component\u0103 fiabil\u0103 \u0219i eficient\u0103 conceput\u0103 special pentru motociclete. Acest arbore ofer\u0103 o schimbare lin\u0103 \u0219i precis\u0103 a treptelor de vitez\u0103, permi\u021b\u00e2nd motocicle\u021bilor s\u0103-\u0219i conduc\u0103 motocicletele confortabil \u0219i \u00een siguran\u021b\u0103.<\/p>\n<p>Aceast\u0103 component\u0103 important\u0103 joac\u0103 un rol cheie \u00een mecanismul de schimbare a vitezelor, asigur\u00e2nd o mi\u0219care lin\u0103 \u0219i precis\u0103 \u00eentre viteze. Datorit\u0103 performan\u021bei ridicate \u0219i fiabilit\u0103\u021bii acestui arbore, \u0219oferii se pot bucura de o c\u0103l\u0103torie lin\u0103 \u0219i sigur\u0103 pe drumuri.<\/p>","protected":false},"excerpt":{"rendered":"<p>Arborele de schimbare pentru motorul pe benzin\u0103 CG-300CC este o component\u0103 fiabil\u0103 \u0219i eficient\u0103 conceput\u0103 special pentru motociclete. Acest arbore ofer\u0103 o schimbare lin\u0103 \u0219i precis\u0103 a treptelor de vitez\u0103, permi\u021b\u00e2nd motocicle\u021bilor s\u0103-\u0219i conduc\u0103 motocicletele confortabil \u0219i \u00een siguran\u021b\u0103. Aceast\u0103 component\u0103 important\u0103 joac\u0103 un rol cheie \u00een mecanismul de schimbare a vitezelor, asigur\u00e2nd o mi\u0219care&hellip;<\/p>","protected":false},"featured_media":2804,"template":"","meta":[],"product_cat":[64],"product_tag":[],"class_list":{"0":"post-2803","1":"product","2":"type-product","3":"status-publish","4":"has-post-thumbnail","6":"product_cat-piese-auto","8":"first","9":"instock","10":"shipping-taxable","11":"product-type-simple"},"_links":{"self":[{"href":"https:\/\/motovitalex.md\/ru\/wp-json\/wp\/v2\/product\/2803","targetHints":{"allow":["GET"]}}],"collection":[{"href":"https:\/\/motovitalex.md\/ru\/wp-json\/wp\/v2\/product"}],"about":[{"href":"https:\/\/motovitalex.md\/ru\/wp-json\/wp\/v2\/types\/product"}],"version-history":[{"count":1,"href":"https:\/\/motovitalex.md\/ru\/wp-json\/wp\/v2\/product\/2803\/revisions"}],"predecessor-version":[{"id":2805,"href":"https:\/\/motovitalex.md\/ru\/wp-json\/wp\/v2\/product\/2803\/revisions\/2805"}],"wp:featuredmedia":[{"embeddable":true,"href":"https:\/\/motovitalex.md\/ru\/wp-json\/wp\/v2\/media\/2804"}],"wp:attachment":[{"href":"https:\/\/motovitalex.md\/ru\/wp-json\/wp\/v2\/media?parent=2803"}],"wp:term":[{"taxonomy":"product_cat","embeddable":true,"href":"https:\/\/motovitalex.md\/ru\/wp-json\/wp\/v2\/product_cat?post=2803"},{"taxonomy":"product_tag","embeddable":true,"href":"https:\/\/motovitalex.md\/ru\/wp-json\/wp\/v2\/product_tag?post=2803"}],"curies":[{"name":"wp","href":"https:\/\/api.w.org\/{rel}","templated":true}]}}