{"id":2799,"date":"2025-01-13T15:38:58","date_gmt":"2025-01-13T15:38:58","guid":{"rendered":"https:\/\/motovitalex.md\/?post_type=product&#038;p=2799"},"modified":"2025-01-13T15:39:53","modified_gmt":"2025-01-13T15:39:53","slug":"arborele-schimbatorului-de-vitez-pentru-motor-pe-benzina-cg300","status":"publish","type":"product","link":"https:\/\/motovitalex.md\/ru\/product\/arborele-schimbatorului-de-vitez-pentru-motor-pe-benzina-cg300\/","title":{"rendered":"Arborele schimb\u0103torului de viteze, pentru motor pe benzin\u0103 CG300"},"content":{"rendered":"<p>Arborele de schimbare pentru motorul pe benzin\u0103 CG300 este o component\u0103 fiabil\u0103 \u0219i de \u00eenalt\u0103 calitate, special conceput\u0103 pentru motociclete. Acest arbore de vitez\u0103 asigur\u0103 o transmisie eficient\u0103 \u0219i lin\u0103 \u00eentre viteze, asigur\u00e2nd performan\u021be optime ale motorului.<\/p>\n<p>Acest arbore de vitez\u0103 este o parte important\u0103 a sistemului de schimbare a vitezelor, asigur\u00e2nd o schimbare lin\u0103 \u0219i sigur\u0103 \u00eentre viteze, ceea ce \u00eembun\u0103t\u0103\u021be\u0219te confortul \u0219i siguran\u021ba la deplasare.<\/p>\n<p>Cu o instalare u\u0219oar\u0103 \u0219i o performan\u021b\u0103 fiabil\u0103 \u00een toate condi\u021biile de func\u021bionare, arborele de schimbare\u00a0 pentru motorul CG300 este o alegere excelent\u0103 pentru asigurarea performan\u021bei optime a motocicletei.<\/p>","protected":false},"excerpt":{"rendered":"<p>Arborele de schimbare pentru motorul pe benzin\u0103 CG300 este o component\u0103 fiabil\u0103 \u0219i de \u00eenalt\u0103 calitate, special conceput\u0103 pentru motociclete. Acest arbore de vitez\u0103 asigur\u0103 o transmisie eficient\u0103 \u0219i lin\u0103 \u00eentre viteze, asigur\u00e2nd performan\u021be optime ale motorului. Acest arbore de vitez\u0103 este o parte important\u0103 a sistemului de schimbare a vitezelor, asigur\u00e2nd o schimbare lin\u0103&hellip;<\/p>","protected":false},"featured_media":2800,"template":"","meta":[],"product_cat":[64],"product_tag":[],"class_list":{"0":"post-2799","1":"product","2":"type-product","3":"status-publish","4":"has-post-thumbnail","6":"product_cat-piese-auto","8":"first","9":"instock","10":"shipping-taxable","11":"product-type-simple"},"_links":{"self":[{"href":"https:\/\/motovitalex.md\/ru\/wp-json\/wp\/v2\/product\/2799","targetHints":{"allow":["GET"]}}],"collection":[{"href":"https:\/\/motovitalex.md\/ru\/wp-json\/wp\/v2\/product"}],"about":[{"href":"https:\/\/motovitalex.md\/ru\/wp-json\/wp\/v2\/types\/product"}],"version-history":[{"count":2,"href":"https:\/\/motovitalex.md\/ru\/wp-json\/wp\/v2\/product\/2799\/revisions"}],"predecessor-version":[{"id":2802,"href":"https:\/\/motovitalex.md\/ru\/wp-json\/wp\/v2\/product\/2799\/revisions\/2802"}],"wp:featuredmedia":[{"embeddable":true,"href":"https:\/\/motovitalex.md\/ru\/wp-json\/wp\/v2\/media\/2800"}],"wp:attachment":[{"href":"https:\/\/motovitalex.md\/ru\/wp-json\/wp\/v2\/media?parent=2799"}],"wp:term":[{"taxonomy":"product_cat","embeddable":true,"href":"https:\/\/motovitalex.md\/ru\/wp-json\/wp\/v2\/product_cat?post=2799"},{"taxonomy":"product_tag","embeddable":true,"href":"https:\/\/motovitalex.md\/ru\/wp-json\/wp\/v2\/product_tag?post=2799"}],"curies":[{"name":"wp","href":"https:\/\/api.w.org\/{rel}","templated":true}]}}