{"id":2796,"date":"2025-01-13T15:36:06","date_gmt":"2025-01-13T15:36:06","guid":{"rendered":"https:\/\/motovitalex.md\/?post_type=product&#038;p=2796"},"modified":"2025-01-13T15:36:06","modified_gmt":"2025-01-13T15:36:06","slug":"arborele-ambreiaj-pentru-motor-pe-benzina-cg-300cc","status":"publish","type":"product","link":"https:\/\/motovitalex.md\/ru\/product\/arborele-ambreiaj-pentru-motor-pe-benzina-cg-300cc\/","title":{"rendered":"Arborele ambreiaj, pentru motor pe benzin\u0103 CG-300CC"},"content":{"rendered":"<p>Arborele de ambreiaj, pentru motorul pe benzin\u0103 CG-300CC- este o component\u0103 fiabil\u0103 \u0219i de \u00eenalt\u0103 calitate, special conceput\u0103 pentru motociclete. Acest arbore de ambreiaj este fabricat folosind tehnologie avansat\u0103 \u0219i materiale durabile pentru a asigura performan\u021be optime \u0219i durat\u0103 lung\u0103 de via\u021b\u0103. Este conceput pentru utilizarea cu motoarele CG-300CC, asigur\u00e2nd compatibilitatea perfect\u0103 \u0219i func\u021bionarea eficient\u0103 a mecanismelor interne ale motocicletei dumneavoastr\u0103.<\/p>\n<p>Arborele de ambreiaj este foarte durabil \u0219i rezistent la uzur\u0103, ceea ce asigur\u0103 o cuplare lin\u0103 \u0219i fiabil\u0103 \u00eentre diferitele componente ale motorului. Acest produs este o parte cheie a sistemului de ambreiaj al motocicletei dvs., asigur\u00e2nd o transmisie stabil\u0103 a cuplului \u0219i o schimbare lin\u0103 a vitezelor. Datorit\u0103 fiabilit\u0103\u021bii \u0219i calit\u0103\u021bii sale, arborele de ambreiaj pentru motorul pe benzin\u0103 CG-300CC va deveni o pies\u0103 indispensabil\u0103 pentru a asigura func\u021bionarea sigur\u0103 \u0219i eficient\u0103 a motocicletei dumneavoastr\u0103<\/p>","protected":false},"excerpt":{"rendered":"<p>Arborele de ambreiaj, pentru motorul pe benzin\u0103 CG-300CC- este o component\u0103 fiabil\u0103 \u0219i de \u00eenalt\u0103 calitate, special conceput\u0103 pentru motociclete. Acest arbore de ambreiaj este fabricat folosind tehnologie avansat\u0103 \u0219i materiale durabile pentru a asigura performan\u021be optime \u0219i durat\u0103 lung\u0103 de via\u021b\u0103. Este conceput pentru utilizarea cu motoarele CG-300CC, asigur\u00e2nd compatibilitatea perfect\u0103 \u0219i func\u021bionarea eficient\u0103&hellip;<\/p>","protected":false},"featured_media":2797,"template":"","meta":[],"product_cat":[64],"product_tag":[],"class_list":{"0":"post-2796","1":"product","2":"type-product","3":"status-publish","4":"has-post-thumbnail","6":"product_cat-piese-auto","8":"first","9":"instock","10":"shipping-taxable","11":"product-type-simple"},"_links":{"self":[{"href":"https:\/\/motovitalex.md\/ru\/wp-json\/wp\/v2\/product\/2796","targetHints":{"allow":["GET"]}}],"collection":[{"href":"https:\/\/motovitalex.md\/ru\/wp-json\/wp\/v2\/product"}],"about":[{"href":"https:\/\/motovitalex.md\/ru\/wp-json\/wp\/v2\/types\/product"}],"version-history":[{"count":1,"href":"https:\/\/motovitalex.md\/ru\/wp-json\/wp\/v2\/product\/2796\/revisions"}],"predecessor-version":[{"id":2798,"href":"https:\/\/motovitalex.md\/ru\/wp-json\/wp\/v2\/product\/2796\/revisions\/2798"}],"wp:featuredmedia":[{"embeddable":true,"href":"https:\/\/motovitalex.md\/ru\/wp-json\/wp\/v2\/media\/2797"}],"wp:attachment":[{"href":"https:\/\/motovitalex.md\/ru\/wp-json\/wp\/v2\/media?parent=2796"}],"wp:term":[{"taxonomy":"product_cat","embeddable":true,"href":"https:\/\/motovitalex.md\/ru\/wp-json\/wp\/v2\/product_cat?post=2796"},{"taxonomy":"product_tag","embeddable":true,"href":"https:\/\/motovitalex.md\/ru\/wp-json\/wp\/v2\/product_tag?post=2796"}],"curies":[{"name":"wp","href":"https:\/\/api.w.org\/{rel}","templated":true}]}}