{"id":2793,"date":"2025-01-13T15:33:16","date_gmt":"2025-01-13T15:33:16","guid":{"rendered":"https:\/\/motovitalex.md\/?post_type=product&#038;p=2793"},"modified":"2025-01-13T15:33:16","modified_gmt":"2025-01-13T15:33:16","slug":"arbore-de-ghidare-pentru-furci-pentru-motor-pe-benzina-cg250","status":"publish","type":"product","link":"https:\/\/motovitalex.md\/ru\/product\/arbore-de-ghidare-pentru-furci-pentru-motor-pe-benzina-cg250\/","title":{"rendered":"Arbore de ghidare pentru furci, pentru motor pe benzin\u0103 CG250"},"content":{"rendered":"<p>Arborele de ghidare al furcilor, pentru motorul pe benzin\u0103 CG250 este o pies\u0103 de transmisie destinat\u0103 instal\u0103rii \u00een cutia de viteze a unei unit\u0103\u021bi de putere cu un arbore cu came inferior.<\/p>\n<p>Arborele este un element software care mi\u0219c\u0103 furcile cutiei de viteze \u00eentr-un mod complex \u00een func\u021bie de unghiul de rota\u021bie. Piesa este realizata din otel. Forma special\u0103 a suprafe\u021bei este determinat\u0103 de func\u021bionarea specific\u0103 a piesei.<\/p>\n<p>In cazul functionarii prelungite, suprafetele de frecare ale piesei sufera uzura. Precizia de pozi\u021bionare a elementelor cutiei de viteze este afectat\u0103, iar schimbarea vitezelor devine dificil\u0103. \u00cen acest caz, este necesar\u0103 diagnosticarea \u0219i \u00eenlocuirea piesei defecte. \u00ce<strong>nlocuirea la timp a uleiului de motor va asigura o durat\u0103 lung\u0103 de via\u021b\u0103 a piesei \u0219i va reduce probabilitatea de defec\u021biune.<\/strong><\/p>","protected":false},"excerpt":{"rendered":"<p>Arborele de ghidare al furcilor, pentru motorul pe benzin\u0103 CG250 este o pies\u0103 de transmisie destinat\u0103 instal\u0103rii \u00een cutia de viteze a unei unit\u0103\u021bi de putere cu un arbore cu came inferior. Arborele este un element software care mi\u0219c\u0103 furcile cutiei de viteze \u00eentr-un mod complex \u00een func\u021bie de unghiul de rota\u021bie. Piesa este realizata&hellip;<\/p>","protected":false},"featured_media":2794,"template":"","meta":[],"product_cat":[64],"product_tag":[],"class_list":{"0":"post-2793","1":"product","2":"type-product","3":"status-publish","4":"has-post-thumbnail","6":"product_cat-piese-auto","8":"first","9":"instock","10":"shipping-taxable","11":"product-type-simple"},"_links":{"self":[{"href":"https:\/\/motovitalex.md\/ru\/wp-json\/wp\/v2\/product\/2793","targetHints":{"allow":["GET"]}}],"collection":[{"href":"https:\/\/motovitalex.md\/ru\/wp-json\/wp\/v2\/product"}],"about":[{"href":"https:\/\/motovitalex.md\/ru\/wp-json\/wp\/v2\/types\/product"}],"version-history":[{"count":1,"href":"https:\/\/motovitalex.md\/ru\/wp-json\/wp\/v2\/product\/2793\/revisions"}],"predecessor-version":[{"id":2795,"href":"https:\/\/motovitalex.md\/ru\/wp-json\/wp\/v2\/product\/2793\/revisions\/2795"}],"wp:featuredmedia":[{"embeddable":true,"href":"https:\/\/motovitalex.md\/ru\/wp-json\/wp\/v2\/media\/2794"}],"wp:attachment":[{"href":"https:\/\/motovitalex.md\/ru\/wp-json\/wp\/v2\/media?parent=2793"}],"wp:term":[{"taxonomy":"product_cat","embeddable":true,"href":"https:\/\/motovitalex.md\/ru\/wp-json\/wp\/v2\/product_cat?post=2793"},{"taxonomy":"product_tag","embeddable":true,"href":"https:\/\/motovitalex.md\/ru\/wp-json\/wp\/v2\/product_tag?post=2793"}],"curies":[{"name":"wp","href":"https:\/\/api.w.org\/{rel}","templated":true}]}}