{"id":2790,"date":"2025-01-13T15:30:36","date_gmt":"2025-01-13T15:30:36","guid":{"rendered":"https:\/\/motovitalex.md\/?post_type=product&#038;p=2790"},"modified":"2025-01-13T15:30:36","modified_gmt":"2025-01-13T15:30:36","slug":"arbore-de-ghidare-pentru-furci-pentru-motor-pe-benzina-cg-300cc","status":"publish","type":"product","link":"https:\/\/motovitalex.md\/ru\/product\/arbore-de-ghidare-pentru-furci-pentru-motor-pe-benzina-cg-300cc\/","title":{"rendered":"Arbore de ghidare pentru furci, pentru motor pe benzin\u0103 CG-300CC"},"content":{"rendered":"<p>Arborele de ghidare a furcii pentru motorul pe benzin\u0103 CG-300CC\u00a0 este o pies\u0103 de schimb de \u00eenalt\u0103 calitate \u0219i fiabil\u0103, special conceput\u0103 pentru motociclete. Acest arbore este conceput pentru a asigura func\u021bionarea corect\u0103 \u0219i lin\u0103 a furcii cu suspensie fa\u021b\u0103. Fabricat din materiale durabile \u0219i de \u00eenalt\u0103 calitate, arborele de ghidare a furcii are o rezisten\u021b\u0103 optim\u0103 \u0219i rezisten\u021b\u0103 la uzur\u0103.<\/p>\n<p>Este conceput pentru a oferi stabilitate \u0219i control precis al motocicletei pe o varietate de tipuri de drum \u0219i condi\u021bii de func\u021bionare. Aceast\u0103 pies\u0103 este conceput\u0103 special pentru motoarele pe benzin\u0103 CG-300CC \u0219i este ideal\u0103 pentru \u00eenlocuirea arborilor de ghidare a furcii vechi, uza\u021bi sau deteriora\u021bi. Instalarea acestei piese de schimb va ajuta la restabilirea caracteristicilor optime ale suspensiei fata a motocicletei, oferind o manevrabilitate lina si confortabila pe drum.<\/p>","protected":false},"excerpt":{"rendered":"<p>Arborele de ghidare a furcii pentru motorul pe benzin\u0103 CG-300CC\u00a0 este o pies\u0103 de schimb de \u00eenalt\u0103 calitate \u0219i fiabil\u0103, special conceput\u0103 pentru motociclete. Acest arbore este conceput pentru a asigura func\u021bionarea corect\u0103 \u0219i lin\u0103 a furcii cu suspensie fa\u021b\u0103. Fabricat din materiale durabile \u0219i de \u00eenalt\u0103 calitate, arborele de ghidare a furcii are o&hellip;<\/p>","protected":false},"featured_media":2791,"template":"","meta":[],"product_cat":[64],"product_tag":[],"class_list":{"0":"post-2790","1":"product","2":"type-product","3":"status-publish","4":"has-post-thumbnail","6":"product_cat-piese-auto","8":"first","9":"instock","10":"shipping-taxable","11":"product-type-simple"},"_links":{"self":[{"href":"https:\/\/motovitalex.md\/ru\/wp-json\/wp\/v2\/product\/2790","targetHints":{"allow":["GET"]}}],"collection":[{"href":"https:\/\/motovitalex.md\/ru\/wp-json\/wp\/v2\/product"}],"about":[{"href":"https:\/\/motovitalex.md\/ru\/wp-json\/wp\/v2\/types\/product"}],"version-history":[{"count":1,"href":"https:\/\/motovitalex.md\/ru\/wp-json\/wp\/v2\/product\/2790\/revisions"}],"predecessor-version":[{"id":2792,"href":"https:\/\/motovitalex.md\/ru\/wp-json\/wp\/v2\/product\/2790\/revisions\/2792"}],"wp:featuredmedia":[{"embeddable":true,"href":"https:\/\/motovitalex.md\/ru\/wp-json\/wp\/v2\/media\/2791"}],"wp:attachment":[{"href":"https:\/\/motovitalex.md\/ru\/wp-json\/wp\/v2\/media?parent=2790"}],"wp:term":[{"taxonomy":"product_cat","embeddable":true,"href":"https:\/\/motovitalex.md\/ru\/wp-json\/wp\/v2\/product_cat?post=2790"},{"taxonomy":"product_tag","embeddable":true,"href":"https:\/\/motovitalex.md\/ru\/wp-json\/wp\/v2\/product_tag?post=2790"}],"curies":[{"name":"wp","href":"https:\/\/api.w.org\/{rel}","templated":true}]}}