{"id":2787,"date":"2025-01-13T15:26:53","date_gmt":"2025-01-13T15:26:53","guid":{"rendered":"https:\/\/motovitalex.md\/?post_type=product&#038;p=2787"},"modified":"2025-01-13T15:26:53","modified_gmt":"2025-01-13T15:26:53","slug":"arbore-de-ghidare-furca-pentru-motor-pe-benzina-cg300","status":"publish","type":"product","link":"https:\/\/motovitalex.md\/ru\/product\/arbore-de-ghidare-furca-pentru-motor-pe-benzina-cg300\/","title":{"rendered":"Arbore de ghidare furc\u0103, pentru motor pe benzin\u0103 CG300"},"content":{"rendered":"<p>Arborele de ghidare a furcii pentru motorul pe benzin\u0103 CG300 este o pies\u0103 cheie conceput\u0103 special pentru motociclete. Acest arbore este foarte durabil \u0219i fiabil, conceput pentru a asigura performan\u021be optime ale motorului. Fabricat din materiale de \u00eenalt\u0103 calitate, promoveaz\u0103 transmisia eficient\u0103 a mi\u0219c\u0103rii \u0219i asigur\u0103 o durat\u0103 lung\u0103 de via\u021b\u0103.<\/p>\n<p>Caracteristicile cheie ale arborelui de ghidare a furcii\u00a0 includ\u00a0 potrivirea precis\u0103 la specifica\u021biile CG300, asigur\u00e2nd compatibilitate perfect\u0103 \u0219i instalare f\u0103r\u0103 probleme.<\/p>\n<p>Aceast\u0103 pies\u0103 joac\u0103 un rol cheie \u00een func\u021bionarea motorului, asigur\u00e2nd func\u021bionarea corect\u0103 a furcii \u0219i stabilitatea la deplasarea motocicletei. Performan\u021ba acestui arbore de ghidare a furcii\u00a0 pentru motorul pe benzin\u0103 CG300 subliniaz\u0103 fiabilitatea \u0219i capacitatea sa de a rezista la sarcini \u00een diferite condi\u021bii de func\u021bionare. Este o solu\u021bie fiabil\u0103 pentru \u00eenlocuirea sau \u00eentre\u021binerea furcii de motor, asigur\u00e2nd o manevrare lin\u0103 \u0219i sigur\u0103 a motocicletei dumneavoastra.<\/p>","protected":false},"excerpt":{"rendered":"<p>Arborele de ghidare a furcii pentru motorul pe benzin\u0103 CG300 este o pies\u0103 cheie conceput\u0103 special pentru motociclete. Acest arbore este foarte durabil \u0219i fiabil, conceput pentru a asigura performan\u021be optime ale motorului. Fabricat din materiale de \u00eenalt\u0103 calitate, promoveaz\u0103 transmisia eficient\u0103 a mi\u0219c\u0103rii \u0219i asigur\u0103 o durat\u0103 lung\u0103 de via\u021b\u0103. Caracteristicile cheie ale arborelui&hellip;<\/p>","protected":false},"featured_media":2788,"template":"","meta":[],"product_cat":[64],"product_tag":[],"class_list":{"0":"post-2787","1":"product","2":"type-product","3":"status-publish","4":"has-post-thumbnail","6":"product_cat-piese-auto","8":"first","9":"instock","10":"shipping-taxable","11":"product-type-simple"},"_links":{"self":[{"href":"https:\/\/motovitalex.md\/ru\/wp-json\/wp\/v2\/product\/2787","targetHints":{"allow":["GET"]}}],"collection":[{"href":"https:\/\/motovitalex.md\/ru\/wp-json\/wp\/v2\/product"}],"about":[{"href":"https:\/\/motovitalex.md\/ru\/wp-json\/wp\/v2\/types\/product"}],"version-history":[{"count":1,"href":"https:\/\/motovitalex.md\/ru\/wp-json\/wp\/v2\/product\/2787\/revisions"}],"predecessor-version":[{"id":2789,"href":"https:\/\/motovitalex.md\/ru\/wp-json\/wp\/v2\/product\/2787\/revisions\/2789"}],"wp:featuredmedia":[{"embeddable":true,"href":"https:\/\/motovitalex.md\/ru\/wp-json\/wp\/v2\/media\/2788"}],"wp:attachment":[{"href":"https:\/\/motovitalex.md\/ru\/wp-json\/wp\/v2\/media?parent=2787"}],"wp:term":[{"taxonomy":"product_cat","embeddable":true,"href":"https:\/\/motovitalex.md\/ru\/wp-json\/wp\/v2\/product_cat?post=2787"},{"taxonomy":"product_tag","embeddable":true,"href":"https:\/\/motovitalex.md\/ru\/wp-json\/wp\/v2\/product_tag?post=2787"}],"curies":[{"name":"wp","href":"https:\/\/api.w.org\/{rel}","templated":true}]}}