{"id":2784,"date":"2025-01-13T15:23:23","date_gmt":"2025-01-13T15:23:23","guid":{"rendered":"https:\/\/motovitalex.md\/?post_type=product&#038;p=2784"},"modified":"2025-01-13T15:23:24","modified_gmt":"2025-01-13T15:23:24","slug":"ansamblu-culbutor-pentru-motor-pe-benzina-cg300","status":"publish","type":"product","link":"https:\/\/motovitalex.md\/ru\/product\/ansamblu-culbutor-pentru-motor-pe-benzina-cg300\/","title":{"rendered":"Ansamblu culbutor pentru motor pe benzin\u0103 CG300"},"content":{"rendered":"<p>Ansamblurile culbutoarelor\u00a0 sunt proiectate pentru motorul pe benzin\u0103 CG300 utilizat la motociclete. Acest kit include toate bra\u021bele culbutoare necesare asamblate \u00eentr-un singur kit pentru \u00eenlocuire sau \u00eentre\u021binere u\u0219oar\u0103. Fabricate din materiale de \u00eenalt\u0103 calitate, aceste culbutoare asigur\u0103 o func\u021bionare fiabil\u0103 \u0219i eficient\u0103 a motorului.<\/p>\n<p>Utilizarea culbutoarelor\u00a0 pe motorul pe benzin\u0103 CG300 ajut\u0103 la men\u021binerea performan\u021bei optime a motorului motocicletei. Ele joac\u0103 un rol important \u00een sistemul de supape, transfer\u00e2nd mi\u0219carea de la arborele cu came la supape.<\/p>\n<p>Culbutorii care func\u021bioneaz\u0103 corect ajut\u0103 la men\u021binerea preciziei de deschidere \u0219i \u00eenchidere a supapelor, care la r\u00e2ndul s\u0103u afecteaz\u0103 eficien\u021ba motorului, puterea \u0219i consumul de combustibil. \u00cen plus, \u00eenlocuirea regulat\u0103 a culbutoarelor ajut\u0103 la cre\u0219terea duratei de via\u021b\u0103 a motorului \u0219i previne posibilele defec\u021biuni sau uzura elementelor importante.<\/p>","protected":false},"excerpt":{"rendered":"<p>Ansamblurile culbutoarelor\u00a0 sunt proiectate pentru motorul pe benzin\u0103 CG300 utilizat la motociclete. Acest kit include toate bra\u021bele culbutoare necesare asamblate \u00eentr-un singur kit pentru \u00eenlocuire sau \u00eentre\u021binere u\u0219oar\u0103. Fabricate din materiale de \u00eenalt\u0103 calitate, aceste culbutoare asigur\u0103 o func\u021bionare fiabil\u0103 \u0219i eficient\u0103 a motorului. Utilizarea culbutoarelor\u00a0 pe motorul pe benzin\u0103 CG300 ajut\u0103 la men\u021binerea performan\u021bei&hellip;<\/p>","protected":false},"featured_media":2785,"template":"","meta":[],"product_cat":[64],"product_tag":[],"class_list":{"0":"post-2784","1":"product","2":"type-product","3":"status-publish","4":"has-post-thumbnail","6":"product_cat-piese-auto","8":"first","9":"instock","10":"shipping-taxable","11":"product-type-simple"},"_links":{"self":[{"href":"https:\/\/motovitalex.md\/ru\/wp-json\/wp\/v2\/product\/2784","targetHints":{"allow":["GET"]}}],"collection":[{"href":"https:\/\/motovitalex.md\/ru\/wp-json\/wp\/v2\/product"}],"about":[{"href":"https:\/\/motovitalex.md\/ru\/wp-json\/wp\/v2\/types\/product"}],"version-history":[{"count":1,"href":"https:\/\/motovitalex.md\/ru\/wp-json\/wp\/v2\/product\/2784\/revisions"}],"predecessor-version":[{"id":2786,"href":"https:\/\/motovitalex.md\/ru\/wp-json\/wp\/v2\/product\/2784\/revisions\/2786"}],"wp:featuredmedia":[{"embeddable":true,"href":"https:\/\/motovitalex.md\/ru\/wp-json\/wp\/v2\/media\/2785"}],"wp:attachment":[{"href":"https:\/\/motovitalex.md\/ru\/wp-json\/wp\/v2\/media?parent=2784"}],"wp:term":[{"taxonomy":"product_cat","embeddable":true,"href":"https:\/\/motovitalex.md\/ru\/wp-json\/wp\/v2\/product_cat?post=2784"},{"taxonomy":"product_tag","embeddable":true,"href":"https:\/\/motovitalex.md\/ru\/wp-json\/wp\/v2\/product_tag?post=2784"}],"curies":[{"name":"wp","href":"https:\/\/api.w.org\/{rel}","templated":true}]}}