{"id":2781,"date":"2025-01-13T15:20:26","date_gmt":"2025-01-13T15:20:26","guid":{"rendered":"https:\/\/motovitalex.md\/?post_type=product&#038;p=2781"},"modified":"2025-01-13T15:20:26","modified_gmt":"2025-01-13T15:20:26","slug":"ansamblu-arbore-secundar-pentru-motorul-pe-benzina-cg300","status":"publish","type":"product","link":"https:\/\/motovitalex.md\/ru\/product\/ansamblu-arbore-secundar-pentru-motorul-pe-benzina-cg300\/","title":{"rendered":"Ansamblu arbore secundar, pentru motorul pe benzin\u0103 CG300"},"content":{"rendered":"<p>Ansamblul arborelui secundar pentru o motociclet\u0103 este o parte cheie responsabil\u0103 de transmiterea mi\u0219c\u0103rii de la motor la roat\u0103. Acest arbore de ie\u0219ire special este proiectat pentru utilizarea \u00een motoarele pe benzin\u0103 CG300 .<\/p>\n<p>Construit din materiale de \u00eenalt\u0103 calitate, folosind tehnologie avansat\u0103, acest arbore de ie\u0219ire are rezisten\u021ba \u0219i fiabilitatea necesare pentru a men\u021bine motocicleta s\u0103 func\u021bioneze eficient. Designul s\u0103u este conceput pentru a \u00eendeplini cerin\u021bele de transmisie a puterii \u0219i func\u021bionare lin\u0103 a motorului.<\/p>","protected":false},"excerpt":{"rendered":"<p>Ansamblul arborelui secundar pentru o motociclet\u0103 este o parte cheie responsabil\u0103 de transmiterea mi\u0219c\u0103rii de la motor la roat\u0103. Acest arbore de ie\u0219ire special este proiectat pentru utilizarea \u00een motoarele pe benzin\u0103 CG300 . Construit din materiale de \u00eenalt\u0103 calitate, folosind tehnologie avansat\u0103, acest arbore de ie\u0219ire are rezisten\u021ba \u0219i fiabilitatea necesare pentru a men\u021bine&hellip;<\/p>","protected":false},"featured_media":2782,"template":"","meta":[],"product_cat":[64],"product_tag":[],"class_list":{"0":"post-2781","1":"product","2":"type-product","3":"status-publish","4":"has-post-thumbnail","6":"product_cat-piese-auto","8":"first","9":"instock","10":"shipping-taxable","11":"product-type-simple"},"_links":{"self":[{"href":"https:\/\/motovitalex.md\/ru\/wp-json\/wp\/v2\/product\/2781","targetHints":{"allow":["GET"]}}],"collection":[{"href":"https:\/\/motovitalex.md\/ru\/wp-json\/wp\/v2\/product"}],"about":[{"href":"https:\/\/motovitalex.md\/ru\/wp-json\/wp\/v2\/types\/product"}],"version-history":[{"count":1,"href":"https:\/\/motovitalex.md\/ru\/wp-json\/wp\/v2\/product\/2781\/revisions"}],"predecessor-version":[{"id":2783,"href":"https:\/\/motovitalex.md\/ru\/wp-json\/wp\/v2\/product\/2781\/revisions\/2783"}],"wp:featuredmedia":[{"embeddable":true,"href":"https:\/\/motovitalex.md\/ru\/wp-json\/wp\/v2\/media\/2782"}],"wp:attachment":[{"href":"https:\/\/motovitalex.md\/ru\/wp-json\/wp\/v2\/media?parent=2781"}],"wp:term":[{"taxonomy":"product_cat","embeddable":true,"href":"https:\/\/motovitalex.md\/ru\/wp-json\/wp\/v2\/product_cat?post=2781"},{"taxonomy":"product_tag","embeddable":true,"href":"https:\/\/motovitalex.md\/ru\/wp-json\/wp\/v2\/product_tag?post=2781"}],"curies":[{"name":"wp","href":"https:\/\/api.w.org\/{rel}","templated":true}]}}