{"id":2778,"date":"2025-01-13T15:17:53","date_gmt":"2025-01-13T15:17:53","guid":{"rendered":"https:\/\/motovitalex.md\/?post_type=product&#038;p=2778"},"modified":"2025-01-13T15:17:54","modified_gmt":"2025-01-13T15:17:54","slug":"ansamblu-arbore-primar-pentru-motor-pe-benzina-cg300","status":"publish","type":"product","link":"https:\/\/motovitalex.md\/ru\/product\/ansamblu-arbore-primar-pentru-motor-pe-benzina-cg300\/","title":{"rendered":"Ansamblu arbore primar, pentru motor pe benzin\u0103 CG300"},"content":{"rendered":"<p>Ansamblul arborelui principal pentru o motociclet\u0103\u00a0 cu motor pe benzin\u0103 CG300, este o pies\u0103 de schimb fiabil\u0103 \u0219i de \u00eenalt\u0103 calitate, special conceput\u0103 pentru a asigura func\u021bionarea eficient\u0103 a motorului. Acest arbore este o component\u0103 cheie a transmisiei care transfer\u0103 cuplul de la motor la transmisia fa\u021b\u0103. Construit din materiale de \u00eenalt\u0103 calitate \u0219i supus unor teste de inspec\u021bie stricte.<\/p>\n<p>Ansamblul arborelui primar ofer\u0103 rezisten\u021b\u0103 \u0219i durabilitate superioare. Designul s\u0103u este conceput pentru un transfer optim de putere, rezult\u00e2nd o func\u021bionare mai lin\u0103 \u0219i mai eficient\u0103 a motocicletei.<\/p>","protected":false},"excerpt":{"rendered":"<p>Ansamblul arborelui principal pentru o motociclet\u0103\u00a0 cu motor pe benzin\u0103 CG300, este o pies\u0103 de schimb fiabil\u0103 \u0219i de \u00eenalt\u0103 calitate, special conceput\u0103 pentru a asigura func\u021bionarea eficient\u0103 a motorului. Acest arbore este o component\u0103 cheie a transmisiei care transfer\u0103 cuplul de la motor la transmisia fa\u021b\u0103. Construit din materiale de \u00eenalt\u0103 calitate \u0219i supus&hellip;<\/p>","protected":false},"featured_media":2779,"template":"","meta":[],"product_cat":[64],"product_tag":[],"class_list":{"0":"post-2778","1":"product","2":"type-product","3":"status-publish","4":"has-post-thumbnail","6":"product_cat-piese-auto","8":"first","9":"instock","10":"shipping-taxable","11":"product-type-simple"},"_links":{"self":[{"href":"https:\/\/motovitalex.md\/ru\/wp-json\/wp\/v2\/product\/2778","targetHints":{"allow":["GET"]}}],"collection":[{"href":"https:\/\/motovitalex.md\/ru\/wp-json\/wp\/v2\/product"}],"about":[{"href":"https:\/\/motovitalex.md\/ru\/wp-json\/wp\/v2\/types\/product"}],"version-history":[{"count":1,"href":"https:\/\/motovitalex.md\/ru\/wp-json\/wp\/v2\/product\/2778\/revisions"}],"predecessor-version":[{"id":2780,"href":"https:\/\/motovitalex.md\/ru\/wp-json\/wp\/v2\/product\/2778\/revisions\/2780"}],"wp:featuredmedia":[{"embeddable":true,"href":"https:\/\/motovitalex.md\/ru\/wp-json\/wp\/v2\/media\/2779"}],"wp:attachment":[{"href":"https:\/\/motovitalex.md\/ru\/wp-json\/wp\/v2\/media?parent=2778"}],"wp:term":[{"taxonomy":"product_cat","embeddable":true,"href":"https:\/\/motovitalex.md\/ru\/wp-json\/wp\/v2\/product_cat?post=2778"},{"taxonomy":"product_tag","embeddable":true,"href":"https:\/\/motovitalex.md\/ru\/wp-json\/wp\/v2\/product_tag?post=2778"}],"curies":[{"name":"wp","href":"https:\/\/api.w.org\/{rel}","templated":true}]}}