{"id":2775,"date":"2025-01-13T15:15:04","date_gmt":"2025-01-13T15:15:04","guid":{"rendered":"https:\/\/motovitalex.md\/?post_type=product&#038;p=2775"},"modified":"2025-01-13T15:15:04","modified_gmt":"2025-01-13T15:15:04","slug":"ansamblu-arbore-cotit-pentru-motor-pe-benzina-cg300","status":"publish","type":"product","link":"https:\/\/motovitalex.md\/ru\/product\/ansamblu-arbore-cotit-pentru-motor-pe-benzina-cg300\/","title":{"rendered":"Ansamblu arbore cotit, pentru motor pe benzin\u0103 CG300"},"content":{"rendered":"<p>Ansamblul arborelui cotit al motocicletei\u00a0 este proiectat pentru motorul pe benzin\u0103 CG300. Aceast\u0103 component\u0103 joac\u0103 un rol cheie \u00een transferul energiei de la piston c\u0103tre sistemul de antrenare, asigur\u00e2nd performan\u021be optime ale motorului. Este proiectat cu precizie \u0219i a trecut verific\u0103ri stricte de calitate pentru a asigura fiabilitatea \u0219i durata de via\u021b\u0103 lung\u0103. Utilizarea ansamblului arborelui cotit\u00a0 pe motorul pe benzin\u0103 CG300 asigur\u0103 func\u021bionarea eficient\u0103 a motocicletei. Este potrivit pentru instalarea \u00een motociclete care utilizeaz\u0103 tipul de motor specificat, asigur\u00e2nd performan\u021b\u0103 \u0219i fiabilitate optime \u00een timpul func\u021bion\u0103rii. Datorit\u0103 designului \u0219i materialelor de calitate, acest ansamblu arbore cotit ofer\u0103 o solu\u021bie fiabil\u0103 pentru \u00eenlocuirea sau modernizarea pieselor motorului motocicletei dumneavoastr\u0103<\/p>","protected":false},"excerpt":{"rendered":"<p>Ansamblul arborelui cotit al motocicletei\u00a0 este proiectat pentru motorul pe benzin\u0103 CG300. Aceast\u0103 component\u0103 joac\u0103 un rol cheie \u00een transferul energiei de la piston c\u0103tre sistemul de antrenare, asigur\u00e2nd performan\u021be optime ale motorului. Este proiectat cu precizie \u0219i a trecut verific\u0103ri stricte de calitate pentru a asigura fiabilitatea \u0219i durata de via\u021b\u0103 lung\u0103. Utilizarea ansamblului&hellip;<\/p>","protected":false},"featured_media":2776,"template":"","meta":[],"product_cat":[64],"product_tag":[],"class_list":{"0":"post-2775","1":"product","2":"type-product","3":"status-publish","4":"has-post-thumbnail","6":"product_cat-piese-auto","8":"first","9":"instock","10":"shipping-taxable","11":"product-type-simple"},"_links":{"self":[{"href":"https:\/\/motovitalex.md\/ru\/wp-json\/wp\/v2\/product\/2775","targetHints":{"allow":["GET"]}}],"collection":[{"href":"https:\/\/motovitalex.md\/ru\/wp-json\/wp\/v2\/product"}],"about":[{"href":"https:\/\/motovitalex.md\/ru\/wp-json\/wp\/v2\/types\/product"}],"version-history":[{"count":1,"href":"https:\/\/motovitalex.md\/ru\/wp-json\/wp\/v2\/product\/2775\/revisions"}],"predecessor-version":[{"id":2777,"href":"https:\/\/motovitalex.md\/ru\/wp-json\/wp\/v2\/product\/2775\/revisions\/2777"}],"wp:featuredmedia":[{"embeddable":true,"href":"https:\/\/motovitalex.md\/ru\/wp-json\/wp\/v2\/media\/2776"}],"wp:attachment":[{"href":"https:\/\/motovitalex.md\/ru\/wp-json\/wp\/v2\/media?parent=2775"}],"wp:term":[{"taxonomy":"product_cat","embeddable":true,"href":"https:\/\/motovitalex.md\/ru\/wp-json\/wp\/v2\/product_cat?post=2775"},{"taxonomy":"product_tag","embeddable":true,"href":"https:\/\/motovitalex.md\/ru\/wp-json\/wp\/v2\/product_tag?post=2775"}],"curies":[{"name":"wp","href":"https:\/\/api.w.org\/{rel}","templated":true}]}}