{"id":2772,"date":"2025-01-13T15:11:59","date_gmt":"2025-01-13T15:11:59","guid":{"rendered":"https:\/\/motovitalex.md\/?post_type=product&#038;p=2772"},"modified":"2025-01-13T15:11:59","modified_gmt":"2025-01-13T15:11:59","slug":"ansamblu-arbore-cotit-pentru-motor-pe-benzina-cg250","status":"publish","type":"product","link":"https:\/\/motovitalex.md\/ru\/product\/ansamblu-arbore-cotit-pentru-motor-pe-benzina-cg250\/","title":{"rendered":"Ansamblu arbore cotit, pentru motor pe benzin\u0103 CG250"},"content":{"rendered":"<p>Ansamblul arborelui cotit pentru motorul pe benzin\u0103 CG250 joac\u0103 un rol esen\u021bial, transforma mi\u0219carea pistonului \u00een energie de rota\u021bie \u0219i transmi\u021b\u00e2nd-o c\u0103tre mecanismul de antrenare.<\/p>\n<p>Aceast\u0103 component\u0103 include jurnalele, care sunt conectate la pistoane, permi\u021b\u00e2ndu-le s\u0103 se deplaseze \u00een cilindri \u0219i rela\u021bia cu bielele, care transfer\u0103 energie de la pistoane la arborele cotit \u00een sine. Rolul arborelui cotit \u00een func\u021bionarea motorului este de nepre\u021buit, deoarece este responsabil pentru transferul energiei produse de combustibilul\u00a0 din cilindri c\u0103tre mecanismul de antrenare.<\/p>\n<p>Fiabilitatea \u0219i echilibrul acestei componente sunt factori importan\u021bi pentru func\u021bionarea armonioas\u0103 a motorului. Deteriorarea sau uzura minim\u0103 pot afecta grav performan\u021ba motorului, reduc\u00e2nd puterea \u0219i provoc\u00e2nd alte probleme.<\/p>","protected":false},"excerpt":{"rendered":"<p>Ansamblul arborelui cotit pentru motorul pe benzin\u0103 CG250 joac\u0103 un rol esen\u021bial, transforma mi\u0219carea pistonului \u00een energie de rota\u021bie \u0219i transmi\u021b\u00e2nd-o c\u0103tre mecanismul de antrenare. Aceast\u0103 component\u0103 include jurnalele, care sunt conectate la pistoane, permi\u021b\u00e2ndu-le s\u0103 se deplaseze \u00een cilindri \u0219i rela\u021bia cu bielele, care transfer\u0103 energie de la pistoane la arborele cotit \u00een sine.&hellip;<\/p>","protected":false},"featured_media":2773,"template":"","meta":[],"product_cat":[64],"product_tag":[],"class_list":{"0":"post-2772","1":"product","2":"type-product","3":"status-publish","4":"has-post-thumbnail","6":"product_cat-piese-auto","8":"first","9":"instock","10":"shipping-taxable","11":"product-type-simple"},"_links":{"self":[{"href":"https:\/\/motovitalex.md\/ru\/wp-json\/wp\/v2\/product\/2772","targetHints":{"allow":["GET"]}}],"collection":[{"href":"https:\/\/motovitalex.md\/ru\/wp-json\/wp\/v2\/product"}],"about":[{"href":"https:\/\/motovitalex.md\/ru\/wp-json\/wp\/v2\/types\/product"}],"version-history":[{"count":1,"href":"https:\/\/motovitalex.md\/ru\/wp-json\/wp\/v2\/product\/2772\/revisions"}],"predecessor-version":[{"id":2774,"href":"https:\/\/motovitalex.md\/ru\/wp-json\/wp\/v2\/product\/2772\/revisions\/2774"}],"wp:featuredmedia":[{"embeddable":true,"href":"https:\/\/motovitalex.md\/ru\/wp-json\/wp\/v2\/media\/2773"}],"wp:attachment":[{"href":"https:\/\/motovitalex.md\/ru\/wp-json\/wp\/v2\/media?parent=2772"}],"wp:term":[{"taxonomy":"product_cat","embeddable":true,"href":"https:\/\/motovitalex.md\/ru\/wp-json\/wp\/v2\/product_cat?post=2772"},{"taxonomy":"product_tag","embeddable":true,"href":"https:\/\/motovitalex.md\/ru\/wp-json\/wp\/v2\/product_tag?post=2772"}],"curies":[{"name":"wp","href":"https:\/\/api.w.org\/{rel}","templated":true}]}}