{"id":2769,"date":"2025-01-13T15:04:55","date_gmt":"2025-01-13T15:04:55","guid":{"rendered":"https:\/\/motovitalex.md\/?post_type=product&#038;p=2769"},"modified":"2025-01-13T15:04:55","modified_gmt":"2025-01-13T15:04:55","slug":"angrenaj-pentru-motor-pe-benzina-cg250","status":"publish","type":"product","link":"https:\/\/motovitalex.md\/ru\/product\/angrenaj-pentru-motor-pe-benzina-cg250\/","title":{"rendered":"Angrenaj  pentru motor pe benzin\u0103 CG250"},"content":{"rendered":"<p>Acest angrenaj de sincronizare este un element de \u00eencredere al sistemului de distribu\u021bie a gazului, asigur\u00e2nd func\u021bionarea eficient\u0103 a motorului. Aplica\u021biile acestui echipament de distribuire includ utilizarea sa \u00een sistemele de combustibil ale motocicletelor echipate cu motoare CG250. Aceast\u0103 component\u0103 joac\u0103 un rol cheie \u00een func\u021bionarea coordonat\u0103 a sistemului de distribu\u021bie a supapelor, asigur\u00e2nd ac\u021bionarea precis\u0103 a supapelor motorului.<\/p>","protected":false},"excerpt":{"rendered":"<p>Acest angrenaj de sincronizare este un element de \u00eencredere al sistemului de distribu\u021bie a gazului, asigur\u00e2nd func\u021bionarea eficient\u0103 a motorului. Aplica\u021biile acestui echipament de distribuire includ utilizarea sa \u00een sistemele de combustibil ale motocicletelor echipate cu motoare CG250. Aceast\u0103 component\u0103 joac\u0103 un rol cheie \u00een func\u021bionarea coordonat\u0103 a sistemului de distribu\u021bie a supapelor, asigur\u00e2nd ac\u021bionarea&hellip;<\/p>","protected":false},"featured_media":2770,"template":"","meta":[],"product_cat":[64],"product_tag":[],"class_list":{"0":"post-2769","1":"product","2":"type-product","3":"status-publish","4":"has-post-thumbnail","6":"product_cat-piese-auto","8":"first","9":"instock","10":"shipping-taxable","11":"product-type-simple"},"_links":{"self":[{"href":"https:\/\/motovitalex.md\/ru\/wp-json\/wp\/v2\/product\/2769","targetHints":{"allow":["GET"]}}],"collection":[{"href":"https:\/\/motovitalex.md\/ru\/wp-json\/wp\/v2\/product"}],"about":[{"href":"https:\/\/motovitalex.md\/ru\/wp-json\/wp\/v2\/types\/product"}],"version-history":[{"count":1,"href":"https:\/\/motovitalex.md\/ru\/wp-json\/wp\/v2\/product\/2769\/revisions"}],"predecessor-version":[{"id":2771,"href":"https:\/\/motovitalex.md\/ru\/wp-json\/wp\/v2\/product\/2769\/revisions\/2771"}],"wp:featuredmedia":[{"embeddable":true,"href":"https:\/\/motovitalex.md\/ru\/wp-json\/wp\/v2\/media\/2770"}],"wp:attachment":[{"href":"https:\/\/motovitalex.md\/ru\/wp-json\/wp\/v2\/media?parent=2769"}],"wp:term":[{"taxonomy":"product_cat","embeddable":true,"href":"https:\/\/motovitalex.md\/ru\/wp-json\/wp\/v2\/product_cat?post=2769"},{"taxonomy":"product_tag","embeddable":true,"href":"https:\/\/motovitalex.md\/ru\/wp-json\/wp\/v2\/product_tag?post=2769"}],"curies":[{"name":"wp","href":"https:\/\/api.w.org\/{rel}","templated":true}]}}