{"id":2763,"date":"2025-01-13T15:00:23","date_gmt":"2025-01-13T15:00:23","guid":{"rendered":"https:\/\/motovitalex.md\/?post_type=product&#038;p=2763"},"modified":"2025-01-13T15:00:23","modified_gmt":"2025-01-13T15:00:23","slug":"ambreiaj-pentru-motor-pe-benzina-cg250","status":"publish","type":"product","link":"https:\/\/motovitalex.md\/ru\/product\/ambreiaj-pentru-motor-pe-benzina-cg250\/","title":{"rendered":"Ambreiaj pentru motor pe benzin\u0103 CG250"},"content":{"rendered":"<p>Ambreiaj\u00a0 pentru un motor pe benzin\u0103 CG250 este responsabil pentru transmiterea cuplului de la motor la cutia de viteze.<\/p>\n<p>Unitatea este amplasat\u0103 \u00een carcasa unit\u0103\u021bii de alimentare \u0219i const\u0103 din urm\u0103toarele elemente:<\/p>\n<p>\u2022 Co\u0219 \u2013 corpul dispozitivului, conceput pentru a sus\u021bine toate elementele.<\/p>\n<p>\u2022 Disc de frictiune &#8211; o baza metalica pe care sunt amplasate garnituri de frecare, asigurand aderenta elementelor principale in vederea transmiterii miscarii.<\/p>\n<p>\u2022 Discul de presiune este un element mobil care asigur\u0103 o potrivire str\u00e2ns\u0103 \u00eentre componentele ansamblului.<\/p>\n<p>Placa de presiune este ac\u0163ionat\u0103 de un cablu sau de ac\u0163ionare hidraulic\u0103. Ambreiajul este o pies\u0103 simpl\u0103 \u0219i fiabil\u0103. Cu toate acestea, ca orice alt element, se poate uza.<\/p>\n<p><strong>Semne de uzur\u0103 a ambreiajului:<\/strong><\/p>\n<p>\u2022 Dificultate la schimbarea vitezelor<\/p>\n<p>\u2022 Motorul se blocheaz\u0103 la schimbarea vitezelor<\/p>\n<p>\u2022 Se aude un zgomot c\u00e2nd ambreiajul func\u0163ioneaz\u0103<\/p>\n<p><strong>Dac\u0103 observa\u021bi oricare dintre aceste semne, ar trebui s\u0103 v\u0103 verifica\u021bi ambreiajul \u0219i s\u0103 \u00eel \u00eenlocui\u021bi dac\u0103 este necesar<\/strong><\/p>","protected":false},"excerpt":{"rendered":"<p>Ambreiaj\u00a0 pentru un motor pe benzin\u0103 CG250 este responsabil pentru transmiterea cuplului de la motor la cutia de viteze. Unitatea este amplasat\u0103 \u00een carcasa unit\u0103\u021bii de alimentare \u0219i const\u0103 din urm\u0103toarele elemente: \u2022 Co\u0219 \u2013 corpul dispozitivului, conceput pentru a sus\u021bine toate elementele. \u2022 Disc de frictiune &#8211; o baza metalica pe care sunt amplasate&hellip;<\/p>","protected":false},"featured_media":2764,"template":"","meta":[],"product_cat":[64],"product_tag":[],"class_list":{"0":"post-2763","1":"product","2":"type-product","3":"status-publish","4":"has-post-thumbnail","6":"product_cat-piese-auto","8":"first","9":"instock","10":"shipping-taxable","11":"product-type-simple"},"_links":{"self":[{"href":"https:\/\/motovitalex.md\/ru\/wp-json\/wp\/v2\/product\/2763","targetHints":{"allow":["GET"]}}],"collection":[{"href":"https:\/\/motovitalex.md\/ru\/wp-json\/wp\/v2\/product"}],"about":[{"href":"https:\/\/motovitalex.md\/ru\/wp-json\/wp\/v2\/types\/product"}],"version-history":[{"count":1,"href":"https:\/\/motovitalex.md\/ru\/wp-json\/wp\/v2\/product\/2763\/revisions"}],"predecessor-version":[{"id":2765,"href":"https:\/\/motovitalex.md\/ru\/wp-json\/wp\/v2\/product\/2763\/revisions\/2765"}],"wp:featuredmedia":[{"embeddable":true,"href":"https:\/\/motovitalex.md\/ru\/wp-json\/wp\/v2\/media\/2764"}],"wp:attachment":[{"href":"https:\/\/motovitalex.md\/ru\/wp-json\/wp\/v2\/media?parent=2763"}],"wp:term":[{"taxonomy":"product_cat","embeddable":true,"href":"https:\/\/motovitalex.md\/ru\/wp-json\/wp\/v2\/product_cat?post=2763"},{"taxonomy":"product_tag","embeddable":true,"href":"https:\/\/motovitalex.md\/ru\/wp-json\/wp\/v2\/product_tag?post=2763"}],"curies":[{"name":"wp","href":"https:\/\/api.w.org\/{rel}","templated":true}]}}