{"id":2760,"date":"2025-01-13T14:57:24","date_gmt":"2025-01-13T14:57:24","guid":{"rendered":"https:\/\/motovitalex.md\/?post_type=product&#038;p=2760"},"modified":"2025-01-13T14:57:24","modified_gmt":"2025-01-13T14:57:24","slug":"ambreiaj-pentru-motor-pe-benzina-cg-300cc","status":"publish","type":"product","link":"https:\/\/motovitalex.md\/ru\/product\/ambreiaj-pentru-motor-pe-benzina-cg-300cc\/","title":{"rendered":"Ambreiaj  pentru motor pe benzin\u0103 CG-300CC"},"content":{"rendered":"<p>Ambreiajul motorului pe benzin\u0103, Motorcycle CG-300CC- este o pies\u0103 de schimb fiabil\u0103 \u0219i de \u00eenalt\u0103 calitate, care asigur\u0103 o transmisie optim\u0103 a puterii \u0219i o func\u021bionare lin\u0103 a motorului. Acest ambreiaj este proiectat folosind materiale de \u00eenalt\u0103 rezisten\u021b\u0103 selectate cu aten\u021bie pentru a oferi o aderen\u021b\u0103 constant\u0103 \u0219i durabilitate \u00een condi\u021bii grele. Datorit\u0103 designului s\u0103u \u0219i compatibilit\u0103\u021bii precise cu motorul CG-300CC, aceast\u0103 pies\u0103 de schimb ofer\u0103 o transmisie fiabil\u0103 a cuplului \u0219i o schimbare lin\u0103 a vitezelor pentru un control optim al motocicletei.<\/p>","protected":false},"excerpt":{"rendered":"<p>Ambreiajul motorului pe benzin\u0103, Motorcycle CG-300CC- este o pies\u0103 de schimb fiabil\u0103 \u0219i de \u00eenalt\u0103 calitate, care asigur\u0103 o transmisie optim\u0103 a puterii \u0219i o func\u021bionare lin\u0103 a motorului. Acest ambreiaj este proiectat folosind materiale de \u00eenalt\u0103 rezisten\u021b\u0103 selectate cu aten\u021bie pentru a oferi o aderen\u021b\u0103 constant\u0103 \u0219i durabilitate \u00een condi\u021bii grele. Datorit\u0103 designului s\u0103u&hellip;<\/p>","protected":false},"featured_media":2761,"template":"","meta":[],"product_cat":[64],"product_tag":[],"class_list":{"0":"post-2760","1":"product","2":"type-product","3":"status-publish","4":"has-post-thumbnail","6":"product_cat-piese-auto","8":"first","9":"instock","10":"shipping-taxable","11":"product-type-simple"},"_links":{"self":[{"href":"https:\/\/motovitalex.md\/ru\/wp-json\/wp\/v2\/product\/2760","targetHints":{"allow":["GET"]}}],"collection":[{"href":"https:\/\/motovitalex.md\/ru\/wp-json\/wp\/v2\/product"}],"about":[{"href":"https:\/\/motovitalex.md\/ru\/wp-json\/wp\/v2\/types\/product"}],"version-history":[{"count":1,"href":"https:\/\/motovitalex.md\/ru\/wp-json\/wp\/v2\/product\/2760\/revisions"}],"predecessor-version":[{"id":2762,"href":"https:\/\/motovitalex.md\/ru\/wp-json\/wp\/v2\/product\/2760\/revisions\/2762"}],"wp:featuredmedia":[{"embeddable":true,"href":"https:\/\/motovitalex.md\/ru\/wp-json\/wp\/v2\/media\/2761"}],"wp:attachment":[{"href":"https:\/\/motovitalex.md\/ru\/wp-json\/wp\/v2\/media?parent=2760"}],"wp:term":[{"taxonomy":"product_cat","embeddable":true,"href":"https:\/\/motovitalex.md\/ru\/wp-json\/wp\/v2\/product_cat?post=2760"},{"taxonomy":"product_tag","embeddable":true,"href":"https:\/\/motovitalex.md\/ru\/wp-json\/wp\/v2\/product_tag?post=2760"}],"curies":[{"name":"wp","href":"https:\/\/api.w.org\/{rel}","templated":true}]}}