{"id":2734,"date":"2025-01-12T12:58:10","date_gmt":"2025-01-12T12:58:10","guid":{"rendered":"https:\/\/motovitalex.md\/?post_type=product&#038;p=2734"},"modified":"2025-01-12T12:58:10","modified_gmt":"2025-01-12T12:58:10","slug":"releu-de-incarcare-pentru-motocicleta","status":"publish","type":"product","link":"https:\/\/motovitalex.md\/ru\/product\/releu-de-incarcare-pentru-motocicleta\/","title":{"rendered":"Releu de incarcare, pentru motocicleta"},"content":{"rendered":"<p>Releul de \u00eenc\u0103rcare, pentru motocicleta -este parte integrant\u0103 a sistemului electric al autovehiculelor. Se conecteaz\u0103 \u00eentre ie\u0219irea generatorului electric \u0219i consumatori.<\/p>\n<p>Scopul principal este de a reduce \u0219i stabiliza tensiunea generatorului de intrare. Piesa de schimb este un stabilizator de tip \u0219unt trifazat. Circuitul electronic este plasat \u00eentr-o carcas\u0103 metalic\u0103 cu aripioare de r\u0103cire \u0219i etan\u0219at cu material de etan\u0219are pentru a-l proteja de influen\u021bele externe. Ie\u0219irile releului sunt terminate cu conectori pentru u\u0219urin\u021b\u0103 de conectare \u0219i \u00eentre\u021binere. <strong>O defec\u021biune a releului de \u00eenc\u0103rcare poate duce la \u00eenc\u0103rcarea necorespunz\u0103toare a bateriei sau la defec\u021biunea altor elemente ale re\u021belei de bord.<\/strong><\/p>","protected":false},"excerpt":{"rendered":"<p>Releul de \u00eenc\u0103rcare, pentru motocicleta -este parte integrant\u0103 a sistemului electric al autovehiculelor. Se conecteaz\u0103 \u00eentre ie\u0219irea generatorului electric \u0219i consumatori. Scopul principal este de a reduce \u0219i stabiliza tensiunea generatorului de intrare. Piesa de schimb este un stabilizator de tip \u0219unt trifazat. Circuitul electronic este plasat \u00eentr-o carcas\u0103 metalic\u0103 cu aripioare de r\u0103cire \u0219i&hellip;<\/p>","protected":false},"featured_media":2735,"template":"","meta":[],"product_cat":[64],"product_tag":[],"class_list":{"0":"post-2734","1":"product","2":"type-product","3":"status-publish","4":"has-post-thumbnail","6":"product_cat-piese-auto","8":"first","9":"instock","10":"shipping-taxable","11":"product-type-simple"},"_links":{"self":[{"href":"https:\/\/motovitalex.md\/ru\/wp-json\/wp\/v2\/product\/2734","targetHints":{"allow":["GET"]}}],"collection":[{"href":"https:\/\/motovitalex.md\/ru\/wp-json\/wp\/v2\/product"}],"about":[{"href":"https:\/\/motovitalex.md\/ru\/wp-json\/wp\/v2\/types\/product"}],"version-history":[{"count":1,"href":"https:\/\/motovitalex.md\/ru\/wp-json\/wp\/v2\/product\/2734\/revisions"}],"predecessor-version":[{"id":2736,"href":"https:\/\/motovitalex.md\/ru\/wp-json\/wp\/v2\/product\/2734\/revisions\/2736"}],"wp:featuredmedia":[{"embeddable":true,"href":"https:\/\/motovitalex.md\/ru\/wp-json\/wp\/v2\/media\/2735"}],"wp:attachment":[{"href":"https:\/\/motovitalex.md\/ru\/wp-json\/wp\/v2\/media?parent=2734"}],"wp:term":[{"taxonomy":"product_cat","embeddable":true,"href":"https:\/\/motovitalex.md\/ru\/wp-json\/wp\/v2\/product_cat?post=2734"},{"taxonomy":"product_tag","embeddable":true,"href":"https:\/\/motovitalex.md\/ru\/wp-json\/wp\/v2\/product_tag?post=2734"}],"curies":[{"name":"wp","href":"https:\/\/api.w.org\/{rel}","templated":true}]}}