{"id":2711,"date":"2025-01-12T12:36:16","date_gmt":"2025-01-12T12:36:16","guid":{"rendered":"https:\/\/motovitalex.md\/?post_type=product&#038;p=2711"},"modified":"2025-01-12T12:37:14","modified_gmt":"2025-01-12T12:37:14","slug":"demaror-electric-pentru-motor-cg150-200-11-dinti","status":"publish","type":"product","link":"https:\/\/motovitalex.md\/ru\/product\/demaror-electric-pentru-motor-cg150-200-11-dinti\/","title":{"rendered":"Demaror electric, pentru motor CG150\/200, 11 dinti"},"content":{"rendered":"<p>Demarorul electric,, pentru motorul CG150\/200, 11- este proiectat pentru instalare pe motoarele pe benzina de 200CC si 250CC cu racire cu aer.<\/p>\n<p>Dispozitivul cre\u0219te confortul la pornirea motorului cu ardere intern\u0103, u\u0219ureaz\u0103 plantarea \u00een sezonul rece, pornirea controlat\u0103 a motorului prelunge\u0219te durata de via\u021b\u0103 a componentelor sale. Puterea motorului electric faciliteaz\u0103 pornirea arborelui cotit, cre\u00e2nd un cuplu mare, iar eficien\u021ba ridicat\u0103 economise\u0219te energia bateriei. Fixarea cu dou\u0103 \u0219uruburi ,fixeaz\u0103 \u00een siguran\u021b\u0103 dispozitivul de carcasele motorului, iar inelul de etan\u0219are de la locul de aterizare protejeaz\u0103 componentele motorului de praf \u0219i umiditate.<\/p>","protected":false},"excerpt":{"rendered":"<p>Demarorul electric,, pentru motorul CG150\/200, 11- este proiectat pentru instalare pe motoarele pe benzina de 200CC si 250CC cu racire cu aer. Dispozitivul cre\u0219te confortul la pornirea motorului cu ardere intern\u0103, u\u0219ureaz\u0103 plantarea \u00een sezonul rece, pornirea controlat\u0103 a motorului prelunge\u0219te durata de via\u021b\u0103 a componentelor sale. Puterea motorului electric faciliteaz\u0103 pornirea arborelui cotit, cre\u00e2nd&hellip;<\/p>","protected":false},"featured_media":2712,"template":"","meta":[],"product_cat":[64],"product_tag":[],"class_list":{"0":"post-2711","1":"product","2":"type-product","3":"status-publish","4":"has-post-thumbnail","6":"product_cat-piese-auto","8":"first","9":"instock","10":"shipping-taxable","11":"product-type-simple"},"_links":{"self":[{"href":"https:\/\/motovitalex.md\/ru\/wp-json\/wp\/v2\/product\/2711","targetHints":{"allow":["GET"]}}],"collection":[{"href":"https:\/\/motovitalex.md\/ru\/wp-json\/wp\/v2\/product"}],"about":[{"href":"https:\/\/motovitalex.md\/ru\/wp-json\/wp\/v2\/types\/product"}],"version-history":[{"count":2,"href":"https:\/\/motovitalex.md\/ru\/wp-json\/wp\/v2\/product\/2711\/revisions"}],"predecessor-version":[{"id":2714,"href":"https:\/\/motovitalex.md\/ru\/wp-json\/wp\/v2\/product\/2711\/revisions\/2714"}],"wp:featuredmedia":[{"embeddable":true,"href":"https:\/\/motovitalex.md\/ru\/wp-json\/wp\/v2\/media\/2712"}],"wp:attachment":[{"href":"https:\/\/motovitalex.md\/ru\/wp-json\/wp\/v2\/media?parent=2711"}],"wp:term":[{"taxonomy":"product_cat","embeddable":true,"href":"https:\/\/motovitalex.md\/ru\/wp-json\/wp\/v2\/product_cat?post=2711"},{"taxonomy":"product_tag","embeddable":true,"href":"https:\/\/motovitalex.md\/ru\/wp-json\/wp\/v2\/product_tag?post=2711"}],"curies":[{"name":"wp","href":"https:\/\/api.w.org\/{rel}","templated":true}]}}