{"id":2707,"date":"2025-01-12T12:31:09","date_gmt":"2025-01-12T12:31:09","guid":{"rendered":"https:\/\/motovitalex.md\/?post_type=product&#038;p=2707"},"modified":"2025-01-12T12:33:41","modified_gmt":"2025-01-12T12:33:41","slug":"comutator-pentru-motor-cg150-200","status":"publish","type":"product","link":"https:\/\/motovitalex.md\/ru\/product\/comutator-pentru-motor-cg150-200\/","title":{"rendered":"Comutator pentru motor CG150\/200"},"content":{"rendered":"<p>Comutatorul\u00a0 pentru motorul CG150\/200 este inima sistemului de aprindere CDI al unui motor cu ardere intern\u0103.<\/p>\n<p>Comutatorul prime\u0219te un semnal de la senzorul de pozi\u021bie a arborelui cotit \u0219i comut\u0103 circuitul de putere al bobinei de aprindere \u00een momentul \u00een care pistonul atinge punctul mort superior. Pentru a opri motorul, comutatorul are o intrare separat\u0103 care opre\u0219te sistemul de aprindere. Circuitul electronic este plasat \u00eentr-o carcas\u0103 de plastic \u0219i umplut cu un compus pentru a-l proteja de deteriorarea mecanic\u0103 \u0219i umiditate. Pentru conectarea circuitelor externe, conectorii sunt amplasa\u021bi pe carcas\u0103 pentru a facilita conectarea. Stabilitatea motorului cu ardere intern\u0103 \u00een diferite moduri depinde \u00een mare m\u0103sur\u0103 de func\u021bionarea comutatorului. <strong>Designul comutatorului nu este reparabil \u0219i \u00een caz de defec\u021biune piesa trebuie \u00eenlocuit\u0103.<\/strong><\/p>","protected":false},"excerpt":{"rendered":"<p>Comutatorul\u00a0 pentru motorul CG150\/200 este inima sistemului de aprindere CDI al unui motor cu ardere intern\u0103. Comutatorul prime\u0219te un semnal de la senzorul de pozi\u021bie a arborelui cotit \u0219i comut\u0103 circuitul de putere al bobinei de aprindere \u00een momentul \u00een care pistonul atinge punctul mort superior. Pentru a opri motorul, comutatorul are o intrare separat\u0103&hellip;<\/p>","protected":false},"featured_media":2710,"template":"","meta":[],"product_cat":[64],"product_tag":[],"class_list":{"0":"post-2707","1":"product","2":"type-product","3":"status-publish","4":"has-post-thumbnail","6":"product_cat-piese-auto","8":"first","9":"instock","10":"shipping-taxable","11":"product-type-simple"},"_links":{"self":[{"href":"https:\/\/motovitalex.md\/ru\/wp-json\/wp\/v2\/product\/2707","targetHints":{"allow":["GET"]}}],"collection":[{"href":"https:\/\/motovitalex.md\/ru\/wp-json\/wp\/v2\/product"}],"about":[{"href":"https:\/\/motovitalex.md\/ru\/wp-json\/wp\/v2\/types\/product"}],"version-history":[{"count":1,"href":"https:\/\/motovitalex.md\/ru\/wp-json\/wp\/v2\/product\/2707\/revisions"}],"predecessor-version":[{"id":2709,"href":"https:\/\/motovitalex.md\/ru\/wp-json\/wp\/v2\/product\/2707\/revisions\/2709"}],"wp:featuredmedia":[{"embeddable":true,"href":"https:\/\/motovitalex.md\/ru\/wp-json\/wp\/v2\/media\/2710"}],"wp:attachment":[{"href":"https:\/\/motovitalex.md\/ru\/wp-json\/wp\/v2\/media?parent=2707"}],"wp:term":[{"taxonomy":"product_cat","embeddable":true,"href":"https:\/\/motovitalex.md\/ru\/wp-json\/wp\/v2\/product_cat?post=2707"},{"taxonomy":"product_tag","embeddable":true,"href":"https:\/\/motovitalex.md\/ru\/wp-json\/wp\/v2\/product_tag?post=2707"}],"curies":[{"name":"wp","href":"https:\/\/api.w.org\/{rel}","templated":true}]}}