{"id":2704,"date":"2025-01-12T12:27:59","date_gmt":"2025-01-12T12:27:59","guid":{"rendered":"https:\/\/motovitalex.md\/?post_type=product&#038;p=2704"},"modified":"2025-01-12T12:27:59","modified_gmt":"2025-01-12T12:27:59","slug":"chiulasa-cu-ansamblu-capac-supape-pentru-motor-cg200","status":"publish","type":"product","link":"https:\/\/motovitalex.md\/ru\/product\/chiulasa-cu-ansamblu-capac-supape-pentru-motor-cg200\/","title":{"rendered":"Chiulas\u0103 cu ansamblu capac supape, pentru motor CG200"},"content":{"rendered":"<p>Chiulas\u0103 cu ansamblul capac supapei, pentru motorul CG200 este partea superioar\u0103 a blocului cilindrilor \u0219i \u00eendepline\u0219te c\u00e2teva func\u021bii importante:<\/p>\n<p>\u2022 Capul acopera partea superioara a cilindrilor si creeaza un spatiu interior numit camera de ardere. Sigileaz\u0103 ermetic cilindrii \u0219i previne scurgerea amestecului de combustibil \u0219i a gazelor de e\u0219apament.<\/p>\n<p>\u2022 Supapele sunt amplasate \u00een chiulasa care controleaz\u0103 debitul de combustibil \u0219i ie\u0219irea gazelor de e\u0219apament. Se deschid si se inchid in sincronizare cu miscarea pistonului, asigurand distributia corecta a fazelor motorului.<\/p>\n<p>\u2022 Reduce temperatura motorului datorit\u0103 sistemului avansat de aripioare de r\u0103cire cu aer.<\/p>\n<p>Piesa con\u021bine elemente de distribu\u021bie a gazului instalate: supape, arcuri, discuri de supap\u0103, culbutori, buc\u0219e de supap\u0103 \u0219i un capac de supap\u0103. Toate elementele sunt selectate \u0219i reglate pentru a asigura performan\u021ba \u0219i fiabilitatea ridicate a motorului.<\/p>","protected":false},"excerpt":{"rendered":"<p>Chiulas\u0103 cu ansamblul capac supapei, pentru motorul CG200 este partea superioar\u0103 a blocului cilindrilor \u0219i \u00eendepline\u0219te c\u00e2teva func\u021bii importante: \u2022 Capul acopera partea superioara a cilindrilor si creeaza un spatiu interior numit camera de ardere. Sigileaz\u0103 ermetic cilindrii \u0219i previne scurgerea amestecului de combustibil \u0219i a gazelor de e\u0219apament. \u2022 Supapele sunt amplasate \u00een chiulasa&hellip;<\/p>","protected":false},"featured_media":2705,"template":"","meta":[],"product_cat":[64],"product_tag":[],"class_list":{"0":"post-2704","1":"product","2":"type-product","3":"status-publish","4":"has-post-thumbnail","6":"product_cat-piese-auto","8":"first","9":"instock","10":"shipping-taxable","11":"product-type-simple"},"_links":{"self":[{"href":"https:\/\/motovitalex.md\/ru\/wp-json\/wp\/v2\/product\/2704","targetHints":{"allow":["GET"]}}],"collection":[{"href":"https:\/\/motovitalex.md\/ru\/wp-json\/wp\/v2\/product"}],"about":[{"href":"https:\/\/motovitalex.md\/ru\/wp-json\/wp\/v2\/types\/product"}],"version-history":[{"count":1,"href":"https:\/\/motovitalex.md\/ru\/wp-json\/wp\/v2\/product\/2704\/revisions"}],"predecessor-version":[{"id":2706,"href":"https:\/\/motovitalex.md\/ru\/wp-json\/wp\/v2\/product\/2704\/revisions\/2706"}],"wp:featuredmedia":[{"embeddable":true,"href":"https:\/\/motovitalex.md\/ru\/wp-json\/wp\/v2\/media\/2705"}],"wp:attachment":[{"href":"https:\/\/motovitalex.md\/ru\/wp-json\/wp\/v2\/media?parent=2704"}],"wp:term":[{"taxonomy":"product_cat","embeddable":true,"href":"https:\/\/motovitalex.md\/ru\/wp-json\/wp\/v2\/product_cat?post=2704"},{"taxonomy":"product_tag","embeddable":true,"href":"https:\/\/motovitalex.md\/ru\/wp-json\/wp\/v2\/product_tag?post=2704"}],"curies":[{"name":"wp","href":"https:\/\/api.w.org\/{rel}","templated":true}]}}